{"id":2442,"date":"2021-05-30T19:14:55","date_gmt":"2021-05-30T19:14:55","guid":{"rendered":"https:\/\/chateaudecamurac.com\/privacy-policy\/"},"modified":"2021-05-31T17:59:18","modified_gmt":"2021-05-31T17:59:18","slug":"politique-de-confidentialite","status":"publish","type":"page","link":"https:\/\/chateaudecamurac.com\/fr\/politique-de-confidentialite\/","title":{"rendered":"Politique de confidentialit\u00e9"},"content":{"rendered":"\t\t<div data-elementor-type=\"wp-page\" data-elementor-id=\"2442\" class=\"elementor elementor-2442 elementor-3\">\n\t\t\t\t\t\t\t\t\t<section class=\"elementor-section elementor-top-section elementor-element elementor-element-1803f16e elementor-section-full_width elementor-section-height-default elementor-section-height-default\" data-id=\"1803f16e\" data-element_type=\"section\">\n\t\t\t\t\t\t<div class=\"elementor-container elementor-column-gap-no\">\n\t\t\t\t\t<div class=\"elementor-column elementor-col-100 elementor-top-column elementor-element elementor-element-286ab71d\" data-id=\"286ab71d\" data-element_type=\"column\">\n\t\t\t<div class=\"elementor-widget-wrap elementor-element-populated\">\n\t\t\t\t\t\t\t\t<div class=\"elementor-element elementor-element-4e598bbe elementor-widget elementor-widget-text-editor\" data-id=\"4e598bbe\" data-element_type=\"widget\" data-widget_type=\"text-editor.default\">\n\t\t\t\t<div class=\"elementor-widget-container\">\n\t\t\t\t\t\t\t<p>Le Ch\u00e2teau de Camurac, situ\u00e9 au 6 Rue du Ch\u00e2teau 11340 Camurac, France, est responsable du traitement des donn\u00e9es personnelles comme indiqu\u00e9 dans la pr\u00e9sente d\u00e9claration de confidentialit\u00e9.<\/p><p>Coordonn\u00e9es de contact :<br \/><a href=\"https:\/\/www.chateaudecamurac.com\">https:\/\/www.chateaudecamurac.com<\/a><br \/>6 Rue du Chateau 11340 Camurac France<br \/><a href=\"tel:+33468313201\">+33468313201<\/a><\/p><p>Rodrique Clijsen est le d\u00e9l\u00e9gu\u00e9 \u00e0 la protection des donn\u00e9es du Ch\u00e2teau de Camurac. Il peut \u00eatre joint \u00e0 l&rsquo;adresse suivante : <a href=\"mailto:info@chateaudecamurac.com\">info@chateaudecamurac.com<\/a><\/p><p>Le Ch\u00e2teau de Camurac, situ\u00e9 au 6 Rue du Ch\u00e2teau 11340 Camurac, France, est responsable du traitement des donn\u00e9es personnelles comme indiqu\u00e9 dans cette d\u00e9claration de confidentialit\u00e9.<\/p>\t\t\t\t\t\t<\/div>\n\t\t\t\t<\/div>\n\t\t\t\t<div class=\"elementor-element elementor-element-4bab11c elementor-widget elementor-widget-text-editor\" data-id=\"4bab11c\" data-element_type=\"widget\" data-widget_type=\"text-editor.default\">\n\t\t\t\t<div class=\"elementor-widget-container\">\n\t\t\t\t\t\t\t<h2>Donn\u00e9es personnelles que nous traitons<\/h2><p>Le Ch\u00e2teau de Camurac traite vos donn\u00e9es personnelles parce que vous faites appel \u00e0 nos services et\/ou parce que vous nous fournissez vous-m\u00eame ces donn\u00e9es. Vous trouverez ci-dessous un aper\u00e7u des donn\u00e9es personnelles que nous traitons :<\/p><p>&#8211; Nom et pr\u00e9nom<\/p><p>&#8211; D\u00e9tails de l&rsquo;adresse<\/p><p>&#8211; Num\u00e9ro de t\u00e9l\u00e9phone<\/p><p>&#8211; Adresse \u00e9lectronique<\/p>\t\t\t\t\t\t<\/div>\n\t\t\t\t<\/div>\n\t\t\t\t<div class=\"elementor-element elementor-element-fbf7437 elementor-widget elementor-widget-text-editor\" data-id=\"fbf7437\" data-element_type=\"widget\" data-widget_type=\"text-editor.default\">\n\t\t\t\t<div class=\"elementor-widget-container\">\n\t\t\t\t\t\t\t<h2>Donn\u00e9es personnelles sp\u00e9ciales et\/ou sensibles que nous traitons<\/h2><p>Notre site web et\/ou service n&rsquo;a pas l&rsquo;intention de collecter des donn\u00e9es sur les visiteurs du site web \u00e2g\u00e9s de moins de 16 ans. Sauf s&rsquo;ils ont la permission de leurs parents ou de leur tuteur. Cependant, nous ne pouvons pas v\u00e9rifier si un visiteur a plus de 16 ans. Nous recommandons donc aux parents de s&rsquo;impliquer dans les activit\u00e9s en ligne de leurs enfants, afin d&#8217;emp\u00eacher la collecte de donn\u00e9es sur les enfants sans l&rsquo;autorisation des parents. Si vous pensez que nous avons recueilli des informations personnelles sur un mineur sans ce consentement, veuillez nous contacter \u00e0 l&rsquo;adresse <a href=\"mailto:info@chateaudecamurac.com\">info@chateaudecamurac.com<\/a> et nous supprimerons ces informations.<\/p>\t\t\t\t\t\t<\/div>\n\t\t\t\t<\/div>\n\t\t\t\t<div class=\"elementor-element elementor-element-da0cfc2 elementor-widget elementor-widget-text-editor\" data-id=\"da0cfc2\" data-element_type=\"widget\" data-widget_type=\"text-editor.default\">\n\t\t\t\t<div class=\"elementor-widget-container\">\n\t\t\t\t\t\t\t<h2>Dans quel but et sur quelle base traitons-nous les donn\u00e9es personnelles ?<\/h2><p>Le Ch\u00e2teau de Camurac traite vos donn\u00e9es personnelles aux fins suivantes :<\/p><p>&#8211; Vous envoyer notre newsletter et\/ou notre dossier publicitaire<\/p><p>&#8211; Pour pouvoir vous appeler ou vous envoyer un courriel si cela est n\u00e9cessaire pour que nous puissions fournir nos services.<\/p>\t\t\t\t\t\t<\/div>\n\t\t\t\t<\/div>\n\t\t\t\t<div class=\"elementor-element elementor-element-bb48056 elementor-widget elementor-widget-text-editor\" data-id=\"bb48056\" data-element_type=\"widget\" data-widget_type=\"text-editor.default\">\n\t\t\t\t<div class=\"elementor-widget-container\">\n\t\t\t\t\t\t\t<h2>Prise de d\u00e9cision automatis\u00e9e<\/h2><p>Le Ch\u00e2teau de Camurac n&rsquo;utilise pas de syst\u00e8mes automatis\u00e9s de prise de d\u00e9cision pour les informations sensibles relatives \u00e0 la vie priv\u00e9e.<\/p>\t\t\t\t\t\t<\/div>\n\t\t\t\t<\/div>\n\t\t\t\t<div class=\"elementor-element elementor-element-a4a7634 elementor-widget elementor-widget-text-editor\" data-id=\"a4a7634\" data-element_type=\"widget\" data-widget_type=\"text-editor.default\">\n\t\t\t\t<div class=\"elementor-widget-container\">\n\t\t\t\t\t\t\t<h2>Combien de temps nous conservons les donn\u00e9es personnelles<\/h2><p>Le Ch\u00e2teau de Camurac ne conservera pas vos donn\u00e9es personnelles plus longtemps que ce qui est strictement n\u00e9cessaire pour atteindre les objectifs pour lesquels elles ont \u00e9t\u00e9 collect\u00e9es.<\/p>\t\t\t\t\t\t<\/div>\n\t\t\t\t<\/div>\n\t\t\t\t<div class=\"elementor-element elementor-element-07e6049 elementor-widget elementor-widget-text-editor\" data-id=\"07e6049\" data-element_type=\"widget\" data-widget_type=\"text-editor.default\">\n\t\t\t\t<div class=\"elementor-widget-container\">\n\t\t\t\t\t\t\t<h2>Partage des informations personnelles avec des tiers<\/h2><p>Le Ch\u00e2teau de Camurac ne partage pas les informations personnelles avec des tiers.<\/p>\t\t\t\t\t\t<\/div>\n\t\t\t\t<\/div>\n\t\t\t\t<div class=\"elementor-element elementor-element-64f483e elementor-widget elementor-widget-text-editor\" data-id=\"64f483e\" data-element_type=\"widget\" data-widget_type=\"text-editor.default\">\n\t\t\t\t<div class=\"elementor-widget-container\">\n\t\t\t\t\t\t\t<h2>Cookies, ou techniques similaires, que nous utilisons<\/h2><p>Le Ch\u00e2teau de Camurac n&rsquo;utilise pas de cookies ou de techniques similaires.<\/p>\t\t\t\t\t\t<\/div>\n\t\t\t\t<\/div>\n\t\t\t\t<div class=\"elementor-element elementor-element-a46f058 elementor-widget elementor-widget-text-editor\" data-id=\"a46f058\" data-element_type=\"widget\" data-widget_type=\"text-editor.default\">\n\t\t\t\t<div class=\"elementor-widget-container\">\n\t\t\t\t\t\t\t<h2>Examen, modification ou suppression des donn\u00e9es<\/h2><p>Vous avez le droit de consulter, de corriger ou de supprimer vos donn\u00e9es personnelles. Vous avez \u00e9galement le droit de retirer votre consentement au traitement des donn\u00e9es ou de vous opposer au traitement de vos donn\u00e9es personnelles par le Ch\u00e2teau de Camurac et vous avez le droit \u00e0 la portabilit\u00e9 des donn\u00e9es. Cela signifie que vous pouvez nous demander d&rsquo;envoyer les donn\u00e9es personnelles que nous d\u00e9tenons sur vous dans un fichier informatique \u00e0 vous-m\u00eame ou \u00e0 une autre organisation que vous aurez d\u00e9sign\u00e9e. Vous pouvez envoyer une demande d&rsquo;inspection, de correction, de suppression, de transfert de donn\u00e9es ou une demande de retrait de votre autorisation ou de votre objection au traitement de vos donn\u00e9es personnelles \u00e0 <a href=\"mailto:info@chateaudecamurac.com\">info@chateaudecamurac.com<\/a>.<\/p>\t\t\t\t\t\t<\/div>\n\t\t\t\t<\/div>\n\t\t\t\t<div class=\"elementor-element elementor-element-36b6022 elementor-widget elementor-widget-text-editor\" data-id=\"36b6022\" data-element_type=\"widget\" data-widget_type=\"text-editor.default\">\n\t\t\t\t<div class=\"elementor-widget-container\">\n\t\t\t\t\t\t\t<h2>Comment nous prot\u00e9geons les informations personnelles<\/h2><p>Le Ch\u00e2teau de Camurac prend au s\u00e9rieux la protection de vos informations personnelles et prend les mesures appropri\u00e9es pour pr\u00e9venir les abus, les pertes, les acc\u00e8s non autoris\u00e9s, les divulgations non souhait\u00e9es et les modifications non autoris\u00e9es. Si vous pensez que vos informations ne sont pas correctement prot\u00e9g\u00e9es ou s&rsquo;il existe des indices d&rsquo;abus, veuillez nous contacter \u00e0 l&rsquo;adresse <a href=\"mailto:info@chateaudecamurac.com\">info@chateaudecamurac.com<\/a>.<\/p>\t\t\t\t\t\t<\/div>\n\t\t\t\t<\/div>\n\t\t\t\t\t<\/div>\n\t\t<\/div>\n\t\t\t\t\t\t\t<\/div>\n\t\t<\/section>\n\t\t\t\t\t\t\t<\/div>\n\t\t","protected":false},"excerpt":{"rendered":"<p>Le Ch\u00e2teau de Camurac, situ\u00e9 au 6 Rue du Ch\u00e2teau 11340 Camurac, France, est responsable du traitement des donn\u00e9es personnelles comme indiqu\u00e9 dans la pr\u00e9sente d\u00e9claration de confidentialit\u00e9. Coordonn\u00e9es de contact : https:\/\/www.chateaudecamurac.com 6 Rue du Chateau 11340 Camurac France +33468313201 Rodrique Clijsen est le d\u00e9l\u00e9gu\u00e9 \u00e0 la protection des donn\u00e9es du Ch\u00e2teau de Camurac. [&hellip;]<\/p>\n","protected":false},"author":1,"featured_media":2444,"parent":0,"menu_order":0,"comment_status":"closed","ping_status":"open","template":"","meta":{"footnotes":""},"class_list":["post-2442","page","type-page","status-publish","has-post-thumbnail","hentry"],"yoast_head":"<!-- This site is optimized with the Yoast SEO plugin v21.4 - https:\/\/yoast.com\/wordpress\/plugins\/seo\/ -->\n<title>Politique de confidentialit\u00e9 - Chateau de Camurac<\/title>\n<meta name=\"description\" content=\"Lisez ici la politique de confidentialit\u00e9 du Ch\u00e2teau de Camurac. Le Ch\u00e2teau de Camurac prend au s\u00e9rieux la protection de vos informations.\" \/>\n<meta name=\"robots\" content=\"index, follow, max-snippet:-1, max-image-preview:large, max-video-preview:-1\" \/>\n<link rel=\"canonical\" href=\"https:\/\/chateaudecamurac.com\/fr\/politique-de-confidentialite\/\" \/>\n<meta property=\"og:locale\" content=\"fr_FR\" \/>\n<meta property=\"og:type\" content=\"article\" \/>\n<meta property=\"og:title\" content=\"Politique de confidentialit\u00e9 - Chateau de Camurac\" \/>\n<meta property=\"og:description\" content=\"Lisez ici la politique de confidentialit\u00e9 du Ch\u00e2teau de Camurac. Le Ch\u00e2teau de Camurac prend au s\u00e9rieux la protection de vos informations.\" \/>\n<meta property=\"og:url\" content=\"https:\/\/chateaudecamurac.com\/fr\/politique-de-confidentialite\/\" \/>\n<meta property=\"og:site_name\" content=\"Chateau de Camurac\" \/>\n<meta property=\"article:modified_time\" content=\"2021-05-31T17:59:18+00:00\" \/>\n<meta property=\"og:image\" content=\"https:\/\/chateaudecamurac.com\/wp-content\/uploads\/2021\/05\/20190204_111934-min.jpg\" \/>\n\t<meta property=\"og:image:width\" content=\"2000\" \/>\n\t<meta property=\"og:image:height\" content=\"515\" \/>\n\t<meta property=\"og:image:type\" content=\"image\/jpeg\" \/>\n<meta name=\"twitter:card\" content=\"summary_large_image\" \/>\n<meta name=\"twitter:label1\" content=\"Dur\u00e9e de lecture estim\u00e9e\" \/>\n\t<meta name=\"twitter:data1\" content=\"3 minutes\" \/>\n<script type=\"application\/ld+json\" class=\"yoast-schema-graph\">{\"@context\":\"https:\/\/schema.org\",\"@graph\":[{\"@type\":\"WebPage\",\"@id\":\"https:\/\/chateaudecamurac.com\/fr\/politique-de-confidentialite\/\",\"url\":\"https:\/\/chateaudecamurac.com\/fr\/politique-de-confidentialite\/\",\"name\":\"Politique de confidentialit\u00e9 - Chateau de Camurac\",\"isPartOf\":{\"@id\":\"https:\/\/chateaudecamurac.com\/fr\/#website\"},\"datePublished\":\"2021-05-30T19:14:55+00:00\",\"dateModified\":\"2021-05-31T17:59:18+00:00\",\"description\":\"Lisez ici la politique de confidentialit\u00e9 du Ch\u00e2teau de Camurac. Le Ch\u00e2teau de Camurac prend au s\u00e9rieux la protection de vos informations.\",\"breadcrumb\":{\"@id\":\"https:\/\/chateaudecamurac.com\/fr\/politique-de-confidentialite\/#breadcrumb\"},\"inLanguage\":\"fr-FR\",\"potentialAction\":[{\"@type\":\"ReadAction\",\"target\":[\"https:\/\/chateaudecamurac.com\/fr\/politique-de-confidentialite\/\"]}]},{\"@type\":\"BreadcrumbList\",\"@id\":\"https:\/\/chateaudecamurac.com\/fr\/politique-de-confidentialite\/#breadcrumb\",\"itemListElement\":[{\"@type\":\"ListItem\",\"position\":1,\"name\":\"Home\",\"item\":\"https:\/\/chateaudecamurac.com\/fr\/\"},{\"@type\":\"ListItem\",\"position\":2,\"name\":\"Politique de confidentialit\u00e9\"}]},{\"@type\":\"WebSite\",\"@id\":\"https:\/\/chateaudecamurac.com\/fr\/#website\",\"url\":\"https:\/\/chateaudecamurac.com\/fr\/\",\"name\":\"Chateau de Camurac\",\"description\":\"Chateau de Camurac Enjoy in the middle of the French Pyrenees\",\"publisher\":{\"@id\":\"https:\/\/chateaudecamurac.com\/fr\/#organization\"},\"potentialAction\":[{\"@type\":\"SearchAction\",\"target\":{\"@type\":\"EntryPoint\",\"urlTemplate\":\"https:\/\/chateaudecamurac.com\/fr\/?s={search_term_string}\"},\"query-input\":\"required name=search_term_string\"}],\"inLanguage\":\"fr-FR\"},{\"@type\":\"Organization\",\"@id\":\"https:\/\/chateaudecamurac.com\/fr\/#organization\",\"name\":\"Chateau De Camurac\",\"url\":\"https:\/\/chateaudecamurac.com\/fr\/\",\"logo\":{\"@type\":\"ImageObject\",\"inLanguage\":\"fr-FR\",\"@id\":\"https:\/\/chateaudecamurac.com\/fr\/#\/schema\/logo\/image\/\",\"url\":\"https:\/\/chateaudecamurac.com\/wp-content\/uploads\/2021\/04\/Logo-chateau-met.png\",\"contentUrl\":\"https:\/\/chateaudecamurac.com\/wp-content\/uploads\/2021\/04\/Logo-chateau-met.png\",\"width\":436,\"height\":250,\"caption\":\"Chateau De Camurac\"},\"image\":{\"@id\":\"https:\/\/chateaudecamurac.com\/fr\/#\/schema\/logo\/image\/\"}}]}<\/script>\n<!-- \/ Yoast SEO plugin. -->","yoast_head_json":{"title":"Politique de confidentialit\u00e9 - Chateau de Camurac","description":"Lisez ici la politique de confidentialit\u00e9 du Ch\u00e2teau de Camurac. Le Ch\u00e2teau de Camurac prend au s\u00e9rieux la protection de vos informations.","robots":{"index":"index","follow":"follow","max-snippet":"max-snippet:-1","max-image-preview":"max-image-preview:large","max-video-preview":"max-video-preview:-1"},"canonical":"https:\/\/chateaudecamurac.com\/fr\/politique-de-confidentialite\/","og_locale":"fr_FR","og_type":"article","og_title":"Politique de confidentialit\u00e9 - Chateau de Camurac","og_description":"Lisez ici la politique de confidentialit\u00e9 du Ch\u00e2teau de Camurac. Le Ch\u00e2teau de Camurac prend au s\u00e9rieux la protection de vos informations.","og_url":"https:\/\/chateaudecamurac.com\/fr\/politique-de-confidentialite\/","og_site_name":"Chateau de Camurac","article_modified_time":"2021-05-31T17:59:18+00:00","og_image":[{"width":2000,"height":515,"url":"https:\/\/chateaudecamurac.com\/wp-content\/uploads\/2021\/05\/20190204_111934-min.jpg","type":"image\/jpeg"}],"twitter_card":"summary_large_image","twitter_misc":{"Dur\u00e9e de lecture estim\u00e9e":"3 minutes"},"schema":{"@context":"https:\/\/schema.org","@graph":[{"@type":"WebPage","@id":"https:\/\/chateaudecamurac.com\/fr\/politique-de-confidentialite\/","url":"https:\/\/chateaudecamurac.com\/fr\/politique-de-confidentialite\/","name":"Politique de confidentialit\u00e9 - Chateau de Camurac","isPartOf":{"@id":"https:\/\/chateaudecamurac.com\/fr\/#website"},"datePublished":"2021-05-30T19:14:55+00:00","dateModified":"2021-05-31T17:59:18+00:00","description":"Lisez ici la politique de confidentialit\u00e9 du Ch\u00e2teau de Camurac. Le Ch\u00e2teau de Camurac prend au s\u00e9rieux la protection de vos informations.","breadcrumb":{"@id":"https:\/\/chateaudecamurac.com\/fr\/politique-de-confidentialite\/#breadcrumb"},"inLanguage":"fr-FR","potentialAction":[{"@type":"ReadAction","target":["https:\/\/chateaudecamurac.com\/fr\/politique-de-confidentialite\/"]}]},{"@type":"BreadcrumbList","@id":"https:\/\/chateaudecamurac.com\/fr\/politique-de-confidentialite\/#breadcrumb","itemListElement":[{"@type":"ListItem","position":1,"name":"Home","item":"https:\/\/chateaudecamurac.com\/fr\/"},{"@type":"ListItem","position":2,"name":"Politique de confidentialit\u00e9"}]},{"@type":"WebSite","@id":"https:\/\/chateaudecamurac.com\/fr\/#website","url":"https:\/\/chateaudecamurac.com\/fr\/","name":"Chateau de Camurac","description":"Chateau de Camurac Enjoy in the middle of the French Pyrenees","publisher":{"@id":"https:\/\/chateaudecamurac.com\/fr\/#organization"},"potentialAction":[{"@type":"SearchAction","target":{"@type":"EntryPoint","urlTemplate":"https:\/\/chateaudecamurac.com\/fr\/?s={search_term_string}"},"query-input":"required name=search_term_string"}],"inLanguage":"fr-FR"},{"@type":"Organization","@id":"https:\/\/chateaudecamurac.com\/fr\/#organization","name":"Chateau De Camurac","url":"https:\/\/chateaudecamurac.com\/fr\/","logo":{"@type":"ImageObject","inLanguage":"fr-FR","@id":"https:\/\/chateaudecamurac.com\/fr\/#\/schema\/logo\/image\/","url":"https:\/\/chateaudecamurac.com\/wp-content\/uploads\/2021\/04\/Logo-chateau-met.png","contentUrl":"https:\/\/chateaudecamurac.com\/wp-content\/uploads\/2021\/04\/Logo-chateau-met.png","width":436,"height":250,"caption":"Chateau De Camurac"},"image":{"@id":"https:\/\/chateaudecamurac.com\/fr\/#\/schema\/logo\/image\/"}}]}},"_links":{"self":[{"href":"https:\/\/chateaudecamurac.com\/fr\/wp-json\/wp\/v2\/pages\/2442","targetHints":{"allow":["GET"]}}],"collection":[{"href":"https:\/\/chateaudecamurac.com\/fr\/wp-json\/wp\/v2\/pages"}],"about":[{"href":"https:\/\/chateaudecamurac.com\/fr\/wp-json\/wp\/v2\/types\/page"}],"author":[{"embeddable":true,"href":"https:\/\/chateaudecamurac.com\/fr\/wp-json\/wp\/v2\/users\/1"}],"replies":[{"embeddable":true,"href":"https:\/\/chateaudecamurac.com\/fr\/wp-json\/wp\/v2\/comments?post=2442"}],"version-history":[{"count":0,"href":"https:\/\/chateaudecamurac.com\/fr\/wp-json\/wp\/v2\/pages\/2442\/revisions"}],"wp:featuredmedia":[{"embeddable":true,"href":"https:\/\/chateaudecamurac.com\/fr\/wp-json\/wp\/v2\/media\/2444"}],"wp:attachment":[{"href":"https:\/\/chateaudecamurac.com\/fr\/wp-json\/wp\/v2\/media?parent=2442"}],"curies":[{"name":"wp","href":"https:\/\/api.w.org\/{rel}","templated":true}]}}