{"id":2452,"date":"2021-05-30T19:16:07","date_gmt":"2021-05-30T19:16:07","guid":{"rendered":"https:\/\/chateaudecamurac.com\/over-ons\/"},"modified":"2021-05-31T19:02:09","modified_gmt":"2021-05-31T19:02:09","slug":"a-propos-de-nous","status":"publish","type":"page","link":"https:\/\/chateaudecamurac.com\/fr\/a-propos-de-nous\/","title":{"rendered":"A propos de nous"},"content":{"rendered":"\t\t<div data-elementor-type=\"wp-page\" data-elementor-id=\"2452\" class=\"elementor elementor-2452 elementor-1277\">\n\t\t\t\t\t\t\t\t\t<section class=\"elementor-section elementor-top-section elementor-element elementor-element-bc8fffa elementor-section-full_width elementor-section-stretched elementor-section-height-default elementor-section-height-default\" data-id=\"bc8fffa\" data-element_type=\"section\" data-settings=\"{&quot;stretch_section&quot;:&quot;section-stretched&quot;}\">\n\t\t\t\t\t\t<div class=\"elementor-container elementor-column-gap-no\">\n\t\t\t\t\t<div class=\"elementor-column elementor-col-100 elementor-top-column elementor-element elementor-element-91298e5\" data-id=\"91298e5\" data-element_type=\"column\">\n\t\t\t<div class=\"elementor-widget-wrap elementor-element-populated\">\n\t\t\t\t\t\t\t\t<div class=\"elementor-element elementor-element-6141adb elementor-widget elementor-widget-slider1\" data-id=\"6141adb\" data-element_type=\"widget\" data-widget_type=\"slider1.default\">\n\t\t\t\t<div class=\"elementor-widget-container\">\n\t\t\t\r\n\t\t\t<div class=\"slider-wrapper1\"><div id=\"slider-3862336\" class=\"slides1\">\r\n\t\t\t\t\t<div class=\"single-slider-item1\">\r\n\t\t\t\t\t\t<img decoding=\"async\" src=\"\" alt=\"\">\r\n\t\t\t\t\t\t<div class=\"container\">\r\n\t\t\t\t\t\t\t<div class=\"row justify-content-center\">\r\n\t\t\t\t\t\t\t\t<div class=\"col-lg-8 col-md-8 col-xs-12\">\r\n\t\t\t\t\t\t\t\t\t<div class=\"slide-content-box1\">\r\n\t\t\t\t\t\t\t\t\t<\/div>\r\n\t\t\t\t\t\t\t\t<\/div>\r\n\t\t\t\t\t\t\t<\/div>\r\n\t\t\t\t\t\t<\/div>\r\n\t\t\t\t\t<\/div><\/div><\/div>\t\t<\/div>\n\t\t\t\t<\/div>\n\t\t\t\t\t<\/div>\n\t\t<\/div>\n\t\t\t\t\t\t\t<\/div>\n\t\t<\/section>\n\t\t\t\t<section class=\"elementor-section elementor-top-section elementor-element elementor-element-f94d6ec elementor-section-full_width elementor-section-height-default elementor-section-height-default\" data-id=\"f94d6ec\" data-element_type=\"section\">\n\t\t\t\t\t\t<div class=\"elementor-container elementor-column-gap-no\">\n\t\t\t\t\t<div class=\"elementor-column elementor-col-100 elementor-top-column elementor-element elementor-element-e032399\" data-id=\"e032399\" data-element_type=\"column\">\n\t\t\t<div class=\"elementor-widget-wrap elementor-element-populated\">\n\t\t\t\t\t\t\t\t<div class=\"elementor-element elementor-element-c2f9255 elementor-widget elementor-widget-msiit-sectiont\" data-id=\"c2f9255\" data-element_type=\"widget\" data-widget_type=\"msiit-sectiont.default\">\n\t\t\t\t<div class=\"elementor-widget-container\">\n\t\t\t\r\n\t\t<div class=\"section-title text-center\"><h2 style=\"color:\">L'histoire \"\u00c0 propos de nous<\/h2><\/div>\t\t<\/div>\n\t\t\t\t<\/div>\n\t\t\t\t<div class=\"elementor-element elementor-element-8dbdd32 elementor-widget elementor-widget-text-editor\" data-id=\"8dbdd32\" data-element_type=\"widget\" data-widget_type=\"text-editor.default\">\n\t\t\t\t<div class=\"elementor-widget-container\">\n\t\t\t\t\t\t\t<p>En 2009, nous avons d\u00e9cid\u00e9 d&rsquo;ajouter un nouveau chapitre \u00e0 notre vie. Aux Pays-Bas, nous avions une belle maison, deux enfants en bonne sant\u00e9, un tr\u00e8s bon revenu et pourtant il nous manquait quelque chose. Le projet de partir \u00e0 l&rsquo;\u00e9tranger \u00e9tait dans un coin de notre t\u00eate depuis un certain temps et nous avons finalement d\u00e9cid\u00e9 de le r\u00e9aliser. Nous voulions plus de temps l&rsquo;un pour l&rsquo;autre, pour notre famille et un environnement diff\u00e9rent. Finalement, nous avons d\u00e9cid\u00e9 de d\u00e9m\u00e9nager \u00e0 Camurac, dans le sud de la France. Nous avons trouv\u00e9 ici ce que nous cherchions. La vie ici nous a chang\u00e9s de telle mani\u00e8re que nous sommes devenus beaucoup plus proches en tant que famille. Et nous avons une tr\u00e8s belle propri\u00e9t\u00e9 o\u00f9 nous pouvons recevoir des invit\u00e9s, avoir du temps pour chacun et profiter d&rsquo;un bel environnement. Qui peut voir les Pyr\u00e9n\u00e9es depuis sa chambre ? Qui peut skier dans son propre village ? Qui peut visiter des villes c\u00e9l\u00e8bres comme Carcassonne, Tolouse, Barcelone et Andorre depuis sa propre r\u00e9sidence ? Tout est possible ici. Et nous voulons donner \u00e0 tous ceux qui viennent ici le m\u00eame sentiment. A la maison en vacances !<\/p>\n<p>Nous souhaitons la bienvenue \u00e0 tous dans notre Ch\u00e2teau de Camurac.<\/p>\n<p>Rodrique, Marjon, Anouk et Olav Clijsen<\/p>\n\t\t\t\t\t\t<\/div>\n\t\t\t\t<\/div>\n\t\t\t\t\t<\/div>\n\t\t<\/div>\n\t\t\t\t\t\t\t<\/div>\n\t\t<\/section>\n\t\t\t\t<section class=\"elementor-section elementor-top-section elementor-element elementor-element-ad87f2a elementor-section-full_width elementor-section-height-default elementor-section-height-default\" data-id=\"ad87f2a\" data-element_type=\"section\">\n\t\t\t\t\t\t<div class=\"elementor-container elementor-column-gap-no\">\n\t\t\t\t\t<div class=\"elementor-column elementor-col-100 elementor-top-column elementor-element elementor-element-ced7e9d\" data-id=\"ced7e9d\" data-element_type=\"column\">\n\t\t\t<div class=\"elementor-widget-wrap elementor-element-populated\">\n\t\t\t\t\t\t\t\t<div class=\"elementor-element elementor-element-94648fe elementor-widget elementor-widget-msiit-contentblock\" data-id=\"94648fe\" data-element_type=\"widget\" data-widget_type=\"msiit-contentblock.default\">\n\t\t\t\t<div class=\"elementor-widget-container\">\n\t\t\t\r\n\t\t<script>\r\n\t\t\tjQuery(document).ready(function($) {\r\n\t\t\t\t$(\"#img-4977909729\").slick({\r\n\t\t\t\t\tinfinite: true,\r\n\t\t\t\t\tspeed: 500,\r\n\t\t\t\t\tfade: true,\r\n\t\t\t\t\tcssEase: 'linear',\r\n\t\t\t\t\tnextArrow: \"<i class='fa fa-angle-right'><\/i>\",\r\n\t\t\t\t\tprevArrow: \"<i class='fa fa-angle-left'><\/i>\",\r\n\t\t\t\t});\r\n\t\t\t});\r\n\t\t<\/script>\r\n\t\t\r\n\t\t<div class=\"content-block\">\r\n\t\t\t<div class=\"container\"> \r\n\t\t\t\t<div class=\"row g-0 wow fadeInUp\" data-wow-duration=\"2s\" style=\"background:#D6EA47\">\r\n\t\t\t\t\t<div class=\"col-lg-6 col-md-6 col-xs-12 my-auto\">\r\n\t\t\t\t\t\t<div class=\"room-block-content\" style=\"color:\">\r\n\t\t\t\t\t\t\t<div class=\"room-block-title\">\r\n\t\t\t\t\t\t\t<\/div><div class=\"room-desc\"><p>Notre d\u00e9part pour la France a \u00e9galement \u00e9t\u00e9 film\u00e9 par la cam\u00e9ra de l'\u00e9mission \"Ik Vertrek\" (anglais : je pars). Les enregistrements ont eu lieu de mars 2009 \u00e0 septembre 2009 et le r\u00e9sultat a \u00e9t\u00e9 diffus\u00e9 le jeudi 10 d\u00e9cembre 2009. Vous pouvez regarder l'\u00e9pisode ci-dessous. Amusez-vous bien en regardant.<\/p><p>Si vous voulez savoir comment nous allons maintenant, n'h\u00e9sitez pas \u00e0 nous rendre visite !<\/p><\/div><a target=\"_blank\" href=\"https:\/\/www.npostart.nl\/ik-vertrek\/10-12-2009\/TROS_1212662\" class=\"boxed-btn\">Regardez l'\u00e9pisode \"Ik vertrek\".<\/a>\r\n\t\t\t\t\t\t<\/div>\r\n\t\t\t\t\t<\/div>\r\n\t\t\t\t\t\r\n\t\t\t\t\t\t<div class=\"col-lg-6 col-md-6 col-xs-12 my-auto\">\r\n\t\t\t\t\t\t\t<div id=\"img-4977909729\" class=\"room-imgs\"><img decoding=\"async\" style=\"height:480px !important\"  src=\"https:\/\/chateaudecamurac.com\/wp-content\/uploads\/2021\/05\/familiefoto-voor-website-1024x768.jpeg\">\r\n\t\t\t\t\t\t\t<\/div>\r\n\t\t\t\t\t\t<\/div>\r\n\t\t\t\t<\/div>\r\n\t\t\t<\/div>\r\n\t\t<\/div>\t\t<\/div>\n\t\t\t\t<\/div>\n\t\t\t\t\t<\/div>\n\t\t<\/div>\n\t\t\t\t\t\t\t<\/div>\n\t\t<\/section>\n\t\t\t\t\t\t\t<\/div>\n\t\t","protected":false},"excerpt":{"rendered":"<p>L&rsquo;histoire \u00ab\u00a0\u00c0 propos de nous En 2009, nous avons d\u00e9cid\u00e9 d&rsquo;ajouter un nouveau chapitre \u00e0 notre vie. Aux Pays-Bas, nous avions une belle maison, deux enfants en bonne sant\u00e9, un tr\u00e8s bon revenu et pourtant il nous manquait quelque chose. Le projet de partir \u00e0 l&rsquo;\u00e9tranger \u00e9tait dans un coin de notre t\u00eate depuis un [&hellip;]<\/p>\n","protected":false},"author":1,"featured_media":0,"parent":0,"menu_order":0,"comment_status":"closed","ping_status":"closed","template":"","meta":{"footnotes":""},"class_list":["post-2452","page","type-page","status-publish","hentry"],"yoast_head":"<!-- This site is optimized with the Yoast SEO plugin v21.4 - https:\/\/yoast.com\/wordpress\/plugins\/seo\/ -->\n<title>A propos de nous - Chateau de Camurac<\/title>\n<meta name=\"description\" content=\"En 2009, nous avons ajout\u00e9 un nouveau chapitre \u00e0 nos vies. Notre d\u00e9part est \u00e9galement enregistr\u00e9 par le programme &quot;Ik Vertrek&quot;.\" \/>\n<meta name=\"robots\" content=\"index, follow, max-snippet:-1, max-image-preview:large, max-video-preview:-1\" \/>\n<link rel=\"canonical\" href=\"https:\/\/chateaudecamurac.com\/fr\/a-propos-de-nous\/\" \/>\n<meta property=\"og:locale\" content=\"fr_FR\" \/>\n<meta property=\"og:type\" content=\"article\" \/>\n<meta property=\"og:title\" content=\"A propos de nous - Chateau de Camurac\" \/>\n<meta property=\"og:description\" content=\"En 2009, nous avons ajout\u00e9 un nouveau chapitre \u00e0 nos vies. Notre d\u00e9part est \u00e9galement enregistr\u00e9 par le programme &quot;Ik Vertrek&quot;.\" \/>\n<meta property=\"og:url\" content=\"https:\/\/chateaudecamurac.com\/fr\/a-propos-de-nous\/\" \/>\n<meta property=\"og:site_name\" content=\"Chateau de Camurac\" \/>\n<meta property=\"article:modified_time\" content=\"2021-05-31T19:02:09+00:00\" \/>\n<meta property=\"og:image\" content=\"https:\/\/chateaudecamurac.com\/wp-content\/uploads\/2021\/05\/familiefoto-voor-website-1024x768.jpeg\" \/>\n<meta name=\"twitter:card\" content=\"summary_large_image\" \/>\n<meta name=\"twitter:label1\" content=\"Dur\u00e9e de lecture estim\u00e9e\" \/>\n\t<meta name=\"twitter:data1\" content=\"2 minutes\" \/>\n<script type=\"application\/ld+json\" class=\"yoast-schema-graph\">{\"@context\":\"https:\/\/schema.org\",\"@graph\":[{\"@type\":\"WebPage\",\"@id\":\"https:\/\/chateaudecamurac.com\/fr\/a-propos-de-nous\/\",\"url\":\"https:\/\/chateaudecamurac.com\/fr\/a-propos-de-nous\/\",\"name\":\"A propos de nous - Chateau de Camurac\",\"isPartOf\":{\"@id\":\"https:\/\/chateaudecamurac.com\/fr\/#website\"},\"datePublished\":\"2021-05-30T19:16:07+00:00\",\"dateModified\":\"2021-05-31T19:02:09+00:00\",\"description\":\"En 2009, nous avons ajout\u00e9 un nouveau chapitre \u00e0 nos vies. Notre d\u00e9part est \u00e9galement enregistr\u00e9 par le programme \\\"Ik Vertrek\\\".\",\"breadcrumb\":{\"@id\":\"https:\/\/chateaudecamurac.com\/fr\/a-propos-de-nous\/#breadcrumb\"},\"inLanguage\":\"fr-FR\",\"potentialAction\":[{\"@type\":\"ReadAction\",\"target\":[\"https:\/\/chateaudecamurac.com\/fr\/a-propos-de-nous\/\"]}]},{\"@type\":\"BreadcrumbList\",\"@id\":\"https:\/\/chateaudecamurac.com\/fr\/a-propos-de-nous\/#breadcrumb\",\"itemListElement\":[{\"@type\":\"ListItem\",\"position\":1,\"name\":\"Home\",\"item\":\"https:\/\/chateaudecamurac.com\/fr\/\"},{\"@type\":\"ListItem\",\"position\":2,\"name\":\"A propos de nous\"}]},{\"@type\":\"WebSite\",\"@id\":\"https:\/\/chateaudecamurac.com\/fr\/#website\",\"url\":\"https:\/\/chateaudecamurac.com\/fr\/\",\"name\":\"Chateau de Camurac\",\"description\":\"Chateau de Camurac Enjoy in the middle of the French Pyrenees\",\"publisher\":{\"@id\":\"https:\/\/chateaudecamurac.com\/fr\/#organization\"},\"potentialAction\":[{\"@type\":\"SearchAction\",\"target\":{\"@type\":\"EntryPoint\",\"urlTemplate\":\"https:\/\/chateaudecamurac.com\/fr\/?s={search_term_string}\"},\"query-input\":\"required name=search_term_string\"}],\"inLanguage\":\"fr-FR\"},{\"@type\":\"Organization\",\"@id\":\"https:\/\/chateaudecamurac.com\/fr\/#organization\",\"name\":\"Chateau De Camurac\",\"url\":\"https:\/\/chateaudecamurac.com\/fr\/\",\"logo\":{\"@type\":\"ImageObject\",\"inLanguage\":\"fr-FR\",\"@id\":\"https:\/\/chateaudecamurac.com\/fr\/#\/schema\/logo\/image\/\",\"url\":\"https:\/\/chateaudecamurac.com\/wp-content\/uploads\/2021\/04\/Logo-chateau-met.png\",\"contentUrl\":\"https:\/\/chateaudecamurac.com\/wp-content\/uploads\/2021\/04\/Logo-chateau-met.png\",\"width\":436,\"height\":250,\"caption\":\"Chateau De Camurac\"},\"image\":{\"@id\":\"https:\/\/chateaudecamurac.com\/fr\/#\/schema\/logo\/image\/\"}}]}<\/script>\n<!-- \/ Yoast SEO plugin. -->","yoast_head_json":{"title":"A propos de nous - Chateau de Camurac","description":"En 2009, nous avons ajout\u00e9 un nouveau chapitre \u00e0 nos vies. Notre d\u00e9part est \u00e9galement enregistr\u00e9 par le programme \"Ik Vertrek\".","robots":{"index":"index","follow":"follow","max-snippet":"max-snippet:-1","max-image-preview":"max-image-preview:large","max-video-preview":"max-video-preview:-1"},"canonical":"https:\/\/chateaudecamurac.com\/fr\/a-propos-de-nous\/","og_locale":"fr_FR","og_type":"article","og_title":"A propos de nous - Chateau de Camurac","og_description":"En 2009, nous avons ajout\u00e9 un nouveau chapitre \u00e0 nos vies. Notre d\u00e9part est \u00e9galement enregistr\u00e9 par le programme \"Ik Vertrek\".","og_url":"https:\/\/chateaudecamurac.com\/fr\/a-propos-de-nous\/","og_site_name":"Chateau de Camurac","article_modified_time":"2021-05-31T19:02:09+00:00","og_image":[{"url":"https:\/\/chateaudecamurac.com\/wp-content\/uploads\/2021\/05\/familiefoto-voor-website-1024x768.jpeg"}],"twitter_card":"summary_large_image","twitter_misc":{"Dur\u00e9e de lecture estim\u00e9e":"2 minutes"},"schema":{"@context":"https:\/\/schema.org","@graph":[{"@type":"WebPage","@id":"https:\/\/chateaudecamurac.com\/fr\/a-propos-de-nous\/","url":"https:\/\/chateaudecamurac.com\/fr\/a-propos-de-nous\/","name":"A propos de nous - Chateau de Camurac","isPartOf":{"@id":"https:\/\/chateaudecamurac.com\/fr\/#website"},"datePublished":"2021-05-30T19:16:07+00:00","dateModified":"2021-05-31T19:02:09+00:00","description":"En 2009, nous avons ajout\u00e9 un nouveau chapitre \u00e0 nos vies. Notre d\u00e9part est \u00e9galement enregistr\u00e9 par le programme \"Ik Vertrek\".","breadcrumb":{"@id":"https:\/\/chateaudecamurac.com\/fr\/a-propos-de-nous\/#breadcrumb"},"inLanguage":"fr-FR","potentialAction":[{"@type":"ReadAction","target":["https:\/\/chateaudecamurac.com\/fr\/a-propos-de-nous\/"]}]},{"@type":"BreadcrumbList","@id":"https:\/\/chateaudecamurac.com\/fr\/a-propos-de-nous\/#breadcrumb","itemListElement":[{"@type":"ListItem","position":1,"name":"Home","item":"https:\/\/chateaudecamurac.com\/fr\/"},{"@type":"ListItem","position":2,"name":"A propos de nous"}]},{"@type":"WebSite","@id":"https:\/\/chateaudecamurac.com\/fr\/#website","url":"https:\/\/chateaudecamurac.com\/fr\/","name":"Chateau de Camurac","description":"Chateau de Camurac Enjoy in the middle of the French Pyrenees","publisher":{"@id":"https:\/\/chateaudecamurac.com\/fr\/#organization"},"potentialAction":[{"@type":"SearchAction","target":{"@type":"EntryPoint","urlTemplate":"https:\/\/chateaudecamurac.com\/fr\/?s={search_term_string}"},"query-input":"required name=search_term_string"}],"inLanguage":"fr-FR"},{"@type":"Organization","@id":"https:\/\/chateaudecamurac.com\/fr\/#organization","name":"Chateau De Camurac","url":"https:\/\/chateaudecamurac.com\/fr\/","logo":{"@type":"ImageObject","inLanguage":"fr-FR","@id":"https:\/\/chateaudecamurac.com\/fr\/#\/schema\/logo\/image\/","url":"https:\/\/chateaudecamurac.com\/wp-content\/uploads\/2021\/04\/Logo-chateau-met.png","contentUrl":"https:\/\/chateaudecamurac.com\/wp-content\/uploads\/2021\/04\/Logo-chateau-met.png","width":436,"height":250,"caption":"Chateau De Camurac"},"image":{"@id":"https:\/\/chateaudecamurac.com\/fr\/#\/schema\/logo\/image\/"}}]}},"_links":{"self":[{"href":"https:\/\/chateaudecamurac.com\/fr\/wp-json\/wp\/v2\/pages\/2452","targetHints":{"allow":["GET"]}}],"collection":[{"href":"https:\/\/chateaudecamurac.com\/fr\/wp-json\/wp\/v2\/pages"}],"about":[{"href":"https:\/\/chateaudecamurac.com\/fr\/wp-json\/wp\/v2\/types\/page"}],"author":[{"embeddable":true,"href":"https:\/\/chateaudecamurac.com\/fr\/wp-json\/wp\/v2\/users\/1"}],"replies":[{"embeddable":true,"href":"https:\/\/chateaudecamurac.com\/fr\/wp-json\/wp\/v2\/comments?post=2452"}],"version-history":[{"count":0,"href":"https:\/\/chateaudecamurac.com\/fr\/wp-json\/wp\/v2\/pages\/2452\/revisions"}],"wp:attachment":[{"href":"https:\/\/chateaudecamurac.com\/fr\/wp-json\/wp\/v2\/media?parent=2452"}],"curies":[{"name":"wp","href":"https:\/\/api.w.org\/{rel}","templated":true}]}}