{"id":2458,"date":"2021-05-30T19:21:41","date_gmt":"2021-05-30T19:21:41","guid":{"rendered":"https:\/\/chateaudecamurac.com\/groups\/"},"modified":"2023-09-15T14:26:16","modified_gmt":"2023-09-15T14:26:16","slug":"groupes","status":"publish","type":"page","link":"https:\/\/chateaudecamurac.com\/fr\/groupes\/","title":{"rendered":"GROUPES"},"content":{"rendered":"\t\t<div data-elementor-type=\"wp-page\" data-elementor-id=\"2458\" class=\"elementor elementor-2458 elementor-989\">\n\t\t\t\t\t\t\t\t\t<section class=\"elementor-section elementor-top-section elementor-element elementor-element-9f1d00b elementor-section-full_width elementor-section-stretched elementor-section-height-default elementor-section-height-default\" data-id=\"9f1d00b\" data-element_type=\"section\" data-settings=\"{&quot;stretch_section&quot;:&quot;section-stretched&quot;}\">\n\t\t\t\t\t\t<div class=\"elementor-container elementor-column-gap-no\">\n\t\t\t\t\t<div class=\"elementor-column elementor-col-100 elementor-top-column elementor-element elementor-element-15c0a19\" data-id=\"15c0a19\" data-element_type=\"column\">\n\t\t\t<div class=\"elementor-widget-wrap elementor-element-populated\">\n\t\t\t\t\t\t\t\t<div class=\"elementor-element elementor-element-4709999 elementor-widget elementor-widget-slider1\" data-id=\"4709999\" data-element_type=\"widget\" data-widget_type=\"slider1.default\">\n\t\t\t\t<div class=\"elementor-widget-container\">\n\t\t\t\r\n\t\t\t<div class=\"slider-wrapper1\"><div id=\"slider-4142959\" class=\"slides1\">\r\n\t\t\t\t\t<div class=\"single-slider-item1\">\r\n\t\t\t\t\t\t<img decoding=\"async\" src=\"https:\/\/chateaudecamurac.com\/wp-content\/uploads\/2023\/02\/25-min.jpg\" alt=\"\">\r\n\t\t\t\t\t\t<div class=\"container\">\r\n\t\t\t\t\t\t\t<div class=\"row justify-content-center\">\r\n\t\t\t\t\t\t\t\t<div class=\"col-lg-8 col-md-8 col-xs-12\">\r\n\t\t\t\t\t\t\t\t\t<div class=\"slide-content-box1\">\r\n\t\t\t\t\t\t\t\t\t<\/div>\r\n\t\t\t\t\t\t\t\t<\/div>\r\n\t\t\t\t\t\t\t<\/div>\r\n\t\t\t\t\t\t<\/div>\r\n\t\t\t\t\t<\/div><\/div><\/div>\t\t<\/div>\n\t\t\t\t<\/div>\n\t\t\t\t\t<\/div>\n\t\t<\/div>\n\t\t\t\t\t\t\t<\/div>\n\t\t<\/section>\n\t\t\t\t<section class=\"elementor-section elementor-top-section elementor-element elementor-element-3950153 elementor-section-full_width elementor-section-height-default elementor-section-height-default\" data-id=\"3950153\" data-element_type=\"section\">\n\t\t\t\t\t\t<div class=\"elementor-container elementor-column-gap-no\">\n\t\t\t\t\t<div class=\"elementor-column elementor-col-100 elementor-top-column elementor-element elementor-element-3e37edb\" data-id=\"3e37edb\" data-element_type=\"column\">\n\t\t\t<div class=\"elementor-widget-wrap elementor-element-populated\">\n\t\t\t\t\t\t\t\t<div class=\"elementor-element elementor-element-ffba9c6 elementor-widget elementor-widget-spacer\" data-id=\"ffba9c6\" data-element_type=\"widget\" data-widget_type=\"spacer.default\">\n\t\t\t\t<div class=\"elementor-widget-container\">\n\t\t\t\t\t<div class=\"elementor-spacer\">\n\t\t\t<div class=\"elementor-spacer-inner\"><\/div>\n\t\t<\/div>\n\t\t\t\t<\/div>\n\t\t\t\t<\/div>\n\t\t\t\t<div class=\"elementor-element elementor-element-fa55a3f elementor-widget elementor-widget-msiit-contentblock\" data-id=\"fa55a3f\" data-element_type=\"widget\" data-widget_type=\"msiit-contentblock.default\">\n\t\t\t\t<div class=\"elementor-widget-container\">\n\t\t\t\r\n\t\t<script>\r\n\t\t\tjQuery(document).ready(function($) {\r\n\t\t\t\t$(\"#img-7661138715\").slick({\r\n\t\t\t\t\tinfinite: true,\r\n\t\t\t\t\tspeed: 500,\r\n\t\t\t\t\tfade: true,\r\n\t\t\t\t\tcssEase: 'linear',\r\n\t\t\t\t\tnextArrow: \"<i class='fa fa-angle-right'><\/i>\",\r\n\t\t\t\t\tprevArrow: \"<i class='fa fa-angle-left'><\/i>\",\r\n\t\t\t\t});\r\n\t\t\t});\r\n\t\t<\/script>\r\n\t\t\r\n\t\t<div class=\"content-block\">\r\n\t\t\t<div class=\"container\"> \r\n\t\t\t\t<div class=\"row g-0 wow fadeInUp\" data-wow-duration=\"2s\" style=\"background:#71C3E6\">\r\n\t\t\t\t\t<div class=\"col-lg-6 col-md-6 col-xs-12 my-auto\">\r\n\t\t\t\t\t\t<div class=\"room-block-content\" style=\"color:\">\r\n\t\t\t\t\t\t\t<div class=\"room-block-title\">\r\n\t\t\t\t\t\t\t<\/div><div class=\"room-desc\"><p>Nous avons d\u00e9j\u00e0 accueilli de nombreux groupes au Ch\u00e2teau de Camurac.<br \/>Pensez aux vacances en famille, aux mariages, aux clubs de motards, aux organisations de randonn\u00e9es, aux clubs de cyclistes, etc.<\/p><p>Notre objectif est de faire passer \u00e0 chaque groupe un moment inoubliable dans les Pyr\u00e9n\u00e9es. Nous savons que chaque groupe est diff\u00e9rent et nous proposons donc des vacances sur mesure.<\/p><p>Un groupe pour nous est un minimum de 10 personnes dans la m\u00eame r\u00e9servation.<br \/>Les avantages suppl\u00e9mentaires que nous accordons aux groupes d\u00e9pendent de la taille du groupe et du nombre de nuits pass\u00e9es avec nous.<\/p><p>Ces avantages peuvent \u00eatre :<br \/>- tarif r\u00e9duit\u00a0<br \/>- du vin au d\u00eener<br \/>- les autres horaires d'arriv\u00e9e et de d\u00e9part<br \/>- privil\u00e8ges suppl\u00e9mentaires<br \/>- etc. etc.<\/p><p>Outre le nombre de jours et le nombre de personnes, tenez compte des \u00e9l\u00e9ments suivants lors de la pr\u00e9paration de vos vacances :<\/p><p>- Voulons-nous la demi-pension ?<br \/>- Que voulons-nous faire ou voir ?<br \/>- Comment se d\u00e9placer ?<br \/>- Avons-nous besoin d'un guide pour nous accompagner ?<br \/>- Y a-t-il des exigences particuli\u00e8res au sein du groupe, telles que des exigences alimentaires ?<\/p><p>Nous pouvons vous aider \u00e0 r\u00e9pondre \u00e0 toutes ces questions.<br \/>N'h\u00e9sitez pas \u00e0 nous demander quelles sont les possibilit\u00e9s !<\/p><\/div><a target=\"_self\" href=\"https:\/\/chateaudecamurac.com\/fr\/contact\/\" class=\"boxed-btn\">Contactez nous<\/a>\r\n\t\t\t\t\t\t<\/div>\r\n\t\t\t\t\t<\/div>\r\n\t\t\t\t\t\r\n\t\t\t\t\t\t<div class=\"col-lg-6 col-md-6 col-xs-12 my-auto\">\r\n\t\t\t\t\t\t\t<div id=\"img-7661138715\" class=\"room-imgs\"><img decoding=\"async\" style=\"height:auto\"  src=\"https:\/\/chateaudecamurac.com\/wp-content\/uploads\/2021\/05\/IMG_8432-min-1024x768.jpg\">\r\n\t\t\t\t\t\t\t<\/div>\r\n\t\t\t\t\t\t<\/div>\r\n\t\t\t\t<\/div>\r\n\t\t\t<\/div>\r\n\t\t<\/div>\t\t<\/div>\n\t\t\t\t<\/div>\n\t\t\t\t\t<\/div>\n\t\t<\/div>\n\t\t\t\t\t\t\t<\/div>\n\t\t<\/section>\n\t\t\t\t<section class=\"elementor-section elementor-top-section elementor-element elementor-element-64afb42 elementor-section-full_width elementor-section-height-default elementor-section-height-default\" data-id=\"64afb42\" data-element_type=\"section\">\n\t\t\t\t\t\t<div class=\"elementor-container elementor-column-gap-no\">\n\t\t\t\t\t<div class=\"elementor-column elementor-col-100 elementor-top-column elementor-element elementor-element-8962b8d\" data-id=\"8962b8d\" data-element_type=\"column\">\n\t\t\t<div class=\"elementor-widget-wrap elementor-element-populated\">\n\t\t\t\t\t\t\t\t<div class=\"elementor-element elementor-element-21312cd elementor-widget elementor-widget-spacer\" data-id=\"21312cd\" data-element_type=\"widget\" data-widget_type=\"spacer.default\">\n\t\t\t\t<div class=\"elementor-widget-container\">\n\t\t\t\t\t<div class=\"elementor-spacer\">\n\t\t\t<div class=\"elementor-spacer-inner\"><\/div>\n\t\t<\/div>\n\t\t\t\t<\/div>\n\t\t\t\t<\/div>\n\t\t\t\t<div class=\"elementor-element elementor-element-c342e65 elementor-widget elementor-widget-msiit-sectiont\" data-id=\"c342e65\" data-element_type=\"widget\" data-widget_type=\"msiit-sectiont.default\">\n\t\t\t\t<div class=\"elementor-widget-container\">\n\t\t\t\r\n\t\t<div class=\"section-title text-center\"><h4 style=\"color:\">Voici quelques exemples de vacances en groupe<\/h4><\/div>\t\t<\/div>\n\t\t\t\t<\/div>\n\t\t\t\t\t<\/div>\n\t\t<\/div>\n\t\t\t\t\t\t\t<\/div>\n\t\t<\/section>\n\t\t\t\t<section class=\"elementor-section elementor-top-section elementor-element elementor-element-7820127 elementor-section-stretched elementor-section-boxed elementor-section-height-default elementor-section-height-default\" data-id=\"7820127\" data-element_type=\"section\" data-settings=\"{&quot;stretch_section&quot;:&quot;section-stretched&quot;}\">\n\t\t\t\t\t\t<div class=\"elementor-container elementor-column-gap-default\">\n\t\t\t\t\t<div class=\"elementor-column elementor-col-50 elementor-top-column elementor-element elementor-element-eafaea4\" data-id=\"eafaea4\" data-element_type=\"column\">\n\t\t\t<div class=\"elementor-widget-wrap elementor-element-populated\">\n\t\t\t\t\t\t\t\t<div class=\"elementor-element elementor-element-b209e09 elementor-widget elementor-widget-msiit-iconbox\" data-id=\"b209e09\" data-element_type=\"widget\" data-widget_type=\"msiit-iconbox.default\">\n\t\t\t\t<div class=\"elementor-widget-container\">\n\t\t\t\r\n\t\t<div class=\"row icon-boxes wow fadeInUp\" data-wow-duration=\"2s\">\r\n\t\t\t<div class=\"col\">\r\n\t\t\t\t<div class=\"msiit-icon-box text-center\" style=\"background:#FFFFFF;height:460px\"><img decoding=\"async\" src=\"https:\/\/chateaudecamurac.com\/wp-content\/uploads\/2021\/05\/Vriendengroep-motorrijders.jpg\">\r\n\t\t\t\t\t<div class=\"icon-box-content\"><strong>Groupe d'amis des motards<\/strong><div class=\"iconB-desc\">Ils avaient des questions sur la fa\u00e7on de garer les v\u00e9los en toute s\u00e9curit\u00e9. S'ils devaient manger exactement \u00e0 la m\u00eame heure tous les jours dans le restaurant. Si nous pouvions les aider \u00e0 pr\u00e9parer des paniers-repas et \u00e0 r\u00e9server des restaurants en cours de route. Si nous connaissions de belles routes en moto. Avec toutes ces questions, nous pourrions les aider. <\/div>\r\n\t\t\t\t\t<\/div>\r\n\t\t\t\t<\/div>\r\n\t\t\t<\/div>\r\n\t\t<\/div>\t\t<\/div>\n\t\t\t\t<\/div>\n\t\t\t\t<div class=\"elementor-element elementor-element-8597c98 elementor-widget elementor-widget-msiit-iconbox\" data-id=\"8597c98\" data-element_type=\"widget\" data-widget_type=\"msiit-iconbox.default\">\n\t\t\t\t<div class=\"elementor-widget-container\">\n\t\t\t\r\n\t\t<div class=\"row icon-boxes wow fadeInUp\" data-wow-duration=\"2s\">\r\n\t\t\t<div class=\"col\">\r\n\t\t\t\t<div class=\"msiit-icon-box text-center\" style=\"background:#FFFFFF;height:460px\"><img decoding=\"async\" src=\"https:\/\/chateaudecamurac.com\/wp-content\/uploads\/2021\/05\/wandelvereniging.jpg\">\r\n\t\t\t\t\t<div class=\"icon-box-content\"><strong>Club de marche<\/strong><div class=\"iconB-desc\">Une organisation de marche voulait obtenir des itin\u00e9raires de marche. Ils ont \u00e9galement demand\u00e9 si l'on pouvait venir les chercher \u00e0 l'a\u00e9roport et si nous pouvions organiser des transferts avec des voitures jusqu'au d\u00e9but de la randonn\u00e9e ou venir les chercher \u00e0 la fin de la randonn\u00e9e. Ce groupe a pass\u00e9 de merveilleuses vacances actives \u00e0 pied. <\/div>\r\n\t\t\t\t\t<\/div>\r\n\t\t\t\t<\/div>\r\n\t\t\t<\/div>\r\n\t\t<\/div>\t\t<\/div>\n\t\t\t\t<\/div>\n\t\t\t\t\t<\/div>\n\t\t<\/div>\n\t\t\t\t<div class=\"elementor-column elementor-col-50 elementor-top-column elementor-element elementor-element-239f6f6\" data-id=\"239f6f6\" data-element_type=\"column\">\n\t\t\t<div class=\"elementor-widget-wrap elementor-element-populated\">\n\t\t\t\t\t\t\t\t<div class=\"elementor-element elementor-element-58a816a elementor-widget elementor-widget-msiit-iconbox\" data-id=\"58a816a\" data-element_type=\"widget\" data-widget_type=\"msiit-iconbox.default\">\n\t\t\t\t<div class=\"elementor-widget-container\">\n\t\t\t\r\n\t\t<div class=\"row icon-boxes wow fadeInUp\" data-wow-duration=\"2s\">\r\n\t\t\t<div class=\"col\">\r\n\t\t\t\t<div class=\"msiit-icon-box text-center\" style=\"background:#FFFFFF;height:460px\"><img decoding=\"async\" src=\"https:\/\/chateaudecamurac.com\/wp-content\/uploads\/2021\/05\/familievakantie.jpg\">\r\n\t\t\t\t\t<div class=\"icon-box-content\"><strong>Vacances en famille<\/strong><div class=\"iconB-desc\">Cette famille voulait que chaque famille ait sa propre chambre, mais aussi une zone commune. Ils voulaient des conseils sur les activit\u00e9s qui seraient amusantes pour les jeunes et les moins jeunes. Ils pr\u00e9f\u00e8rent \u00eatre conduits par un guide pour profiter au maximum de l'environnement. Aussi avec ces questions nous pourrions facilement traiter. <\/div>\r\n\t\t\t\t\t<\/div>\r\n\t\t\t\t<\/div>\r\n\t\t\t<\/div>\r\n\t\t<\/div>\t\t<\/div>\n\t\t\t\t<\/div>\n\t\t\t\t<div class=\"elementor-element elementor-element-d382764 elementor-widget elementor-widget-msiit-iconbox\" data-id=\"d382764\" data-element_type=\"widget\" data-widget_type=\"msiit-iconbox.default\">\n\t\t\t\t<div class=\"elementor-widget-container\">\n\t\t\t\r\n\t\t<div class=\"row icon-boxes wow fadeInUp\" data-wow-duration=\"2s\">\r\n\t\t\t<div class=\"col\">\r\n\t\t\t\t<div class=\"msiit-icon-box text-center\" style=\"background:#FFFFFF;height:460px\"><img decoding=\"async\" src=\"https:\/\/chateaudecamurac.com\/wp-content\/uploads\/2021\/05\/fietsclub.jpg\">\r\n\t\t\t\t\t<div class=\"icon-box-content\"><strong>Club de cyclisme<\/strong><div class=\"iconB-desc\">Un groupe de cyclistes avait d\u00e9j\u00e0 d\u00e9termin\u00e9 les circuits qu'ils voulaient faire, mais ils nous ont demand\u00e9 si nous connaissions des cols c\u00e9l\u00e8bres du Tour de France dans la r\u00e9gion. Ils ont \u00e9galement demand\u00e9 si nous voulions inclure des plats de p\u00e2tes dans le d\u00eener. Ce groupe est rentr\u00e9 chez lui plus que satisfait apr\u00e8s des vacances tr\u00e8s actives. <\/div>\r\n\t\t\t\t\t<\/div>\r\n\t\t\t\t<\/div>\r\n\t\t\t<\/div>\r\n\t\t<\/div>\t\t<\/div>\n\t\t\t\t<\/div>\n\t\t\t\t\t<\/div>\n\t\t<\/div>\n\t\t\t\t\t\t\t<\/div>\n\t\t<\/section>\n\t\t\t\t<section class=\"elementor-section elementor-top-section elementor-element elementor-element-d9aae81 elementor-section-full_width elementor-section-height-default elementor-section-height-default\" data-id=\"d9aae81\" data-element_type=\"section\">\n\t\t\t\t\t\t<div class=\"elementor-container elementor-column-gap-no\">\n\t\t\t\t\t<div class=\"elementor-column elementor-col-100 elementor-top-column elementor-element elementor-element-daefebe\" data-id=\"daefebe\" data-element_type=\"column\">\n\t\t\t<div class=\"elementor-widget-wrap elementor-element-populated\">\n\t\t\t\t\t\t\t\t<div class=\"elementor-element elementor-element-d23bc51 elementor-widget elementor-widget-spacer\" data-id=\"d23bc51\" data-element_type=\"widget\" data-widget_type=\"spacer.default\">\n\t\t\t\t<div class=\"elementor-widget-container\">\n\t\t\t\t\t<div class=\"elementor-spacer\">\n\t\t\t<div class=\"elementor-spacer-inner\"><\/div>\n\t\t<\/div>\n\t\t\t\t<\/div>\n\t\t\t\t<\/div>\n\t\t\t\t<div class=\"elementor-element elementor-element-0cfc4e1 elementor-widget elementor-widget-msiit-contentblock\" data-id=\"0cfc4e1\" data-element_type=\"widget\" data-widget_type=\"msiit-contentblock.default\">\n\t\t\t\t<div class=\"elementor-widget-container\">\n\t\t\t\r\n\t\t<script>\r\n\t\t\tjQuery(document).ready(function($) {\r\n\t\t\t\t$(\"#img-3520846680\").slick({\r\n\t\t\t\t\tinfinite: true,\r\n\t\t\t\t\tspeed: 500,\r\n\t\t\t\t\tfade: true,\r\n\t\t\t\t\tcssEase: 'linear',\r\n\t\t\t\t\tnextArrow: \"<i class='fa fa-angle-right'><\/i>\",\r\n\t\t\t\t\tprevArrow: \"<i class='fa fa-angle-left'><\/i>\",\r\n\t\t\t\t});\r\n\t\t\t});\r\n\t\t<\/script>\r\n\t\t\r\n\t\t<div class=\"content-block\">\r\n\t\t\t<div class=\"container\"> \r\n\t\t\t\t<div class=\"row g-0 wow fadeInUp\" data-wow-duration=\"2s\" style=\"background:\">\r\n\t\t\t\t\t\t<div class=\"col-lg-6 col-md-6 col-xs-12 my-auto\">\r\n\t\t\t\t\t\t\t<div id=\"img-3520846680\" class=\"room-imgs\"><img decoding=\"async\" style=\"height:auto\" src=\"https:\/\/chateaudecamurac.com\/wp-content\/uploads\/2021\/05\/website-2015-73-min-1024x682.jpg\">\r\n\t\t\t\t\t\t\t<\/div>\r\n\t\t\t\t\t\t<\/div>\r\n\t\t\t\t\t<div class=\"col-lg-6 col-md-6 col-xs-12 my-auto\">\r\n\t\t\t\t\t\t<div class=\"room-block-content\" style=\"color:\">\r\n\t\t\t\t\t\t\t<div class=\"room-block-title\">\r\n\t\t\t\t\t\t\t<\/div><div class=\"room-desc\"><p>Il y a bien s\u00fbr de nombreuses autres possibilit\u00e9s de venir avec un groupe, pensez-y :<\/p><p>club des papillons<br \/>club de ski<br \/>organisation de voyages en voiture<br \/>vacances culturelles en groupe (par exemple, visite de ch\u00e2teaux cathares)<br \/>C\u00e9l\u00e9brer un anniversaire de mariage de 25 ans<br \/>une r\u00e9union de famille<\/p><p>En bref, les possibilit\u00e9s sont infinies et tout peut \u00eatre organis\u00e9 et con\u00e7u sur mesure pour votre groupe.<\/p><\/div><a target=\"_self\" href=\"https:\/\/chateaudecamurac.com\/fr\/contact\/\" class=\"boxed-btn\">Contactez-nous<\/a>\r\n\t\t\t\t\t\t<\/div>\r\n\t\t\t\t\t<\/div>\r\n\t\t\t\t\t\r\n\t\t\t\t<\/div>\r\n\t\t\t<\/div>\r\n\t\t<\/div>\t\t<\/div>\n\t\t\t\t<\/div>\n\t\t\t\t<div class=\"elementor-element elementor-element-5fcbe3c elementor-widget elementor-widget-spacer\" data-id=\"5fcbe3c\" data-element_type=\"widget\" data-widget_type=\"spacer.default\">\n\t\t\t\t<div class=\"elementor-widget-container\">\n\t\t\t\t\t<div class=\"elementor-spacer\">\n\t\t\t<div class=\"elementor-spacer-inner\"><\/div>\n\t\t<\/div>\n\t\t\t\t<\/div>\n\t\t\t\t<\/div>\n\t\t\t\t\t<\/div>\n\t\t<\/div>\n\t\t\t\t\t\t\t<\/div>\n\t\t<\/section>\n\t\t\t\t\t\t\t<\/div>\n\t\t","protected":false},"excerpt":{"rendered":"<p>Nous avons d\u00e9j\u00e0 accueilli de nombreux groupes au Ch\u00e2teau de Camurac.Pensez aux vacances en famille, aux mariages, aux clubs de motards, aux organisations de randonn\u00e9es, aux clubs de cyclistes, etc. Notre objectif est de faire passer \u00e0 chaque groupe un moment inoubliable dans les Pyr\u00e9n\u00e9es. Nous savons que chaque groupe est diff\u00e9rent et nous proposons [&hellip;]<\/p>\n","protected":false},"author":1,"featured_media":0,"parent":0,"menu_order":0,"comment_status":"closed","ping_status":"closed","template":"","meta":{"footnotes":""},"class_list":["post-2458","page","type-page","status-publish","hentry"],"yoast_head":"<!-- This site is optimized with the Yoast SEO plugin v21.4 - https:\/\/yoast.com\/wordpress\/plugins\/seo\/ -->\n<title>GROUPES - Chateau de Camurac<\/title>\n<meta name=\"description\" content=\"Au Ch\u00e2teau de Camurac, les groupes sont les bienvenus, nous en avons re\u00e7u beaucoup. Des vacances en famille aux mariages en passant par les clubs de cyclisme !\" \/>\n<meta name=\"robots\" content=\"index, follow, max-snippet:-1, max-image-preview:large, max-video-preview:-1\" \/>\n<link rel=\"canonical\" href=\"https:\/\/chateaudecamurac.com\/fr\/groupes\/\" \/>\n<meta property=\"og:locale\" content=\"fr_FR\" \/>\n<meta property=\"og:type\" content=\"article\" \/>\n<meta property=\"og:title\" content=\"GROUPES - Chateau de Camurac\" \/>\n<meta property=\"og:description\" content=\"Au Ch\u00e2teau de Camurac, les groupes sont les bienvenus, nous en avons re\u00e7u beaucoup. Des vacances en famille aux mariages en passant par les clubs de cyclisme !\" \/>\n<meta property=\"og:url\" content=\"https:\/\/chateaudecamurac.com\/fr\/groupes\/\" \/>\n<meta property=\"og:site_name\" content=\"Chateau de Camurac\" \/>\n<meta property=\"article:modified_time\" content=\"2023-09-15T14:26:16+00:00\" \/>\n<meta property=\"og:image\" content=\"https:\/\/chateaudecamurac.com\/wp-content\/uploads\/2023\/02\/25-min.jpg\" \/>\n<meta name=\"twitter:card\" content=\"summary_large_image\" \/>\n<meta name=\"twitter:label1\" content=\"Dur\u00e9e de lecture estim\u00e9e\" \/>\n\t<meta name=\"twitter:data1\" content=\"5 minutes\" \/>\n<script type=\"application\/ld+json\" class=\"yoast-schema-graph\">{\"@context\":\"https:\/\/schema.org\",\"@graph\":[{\"@type\":\"WebPage\",\"@id\":\"https:\/\/chateaudecamurac.com\/fr\/groupes\/\",\"url\":\"https:\/\/chateaudecamurac.com\/fr\/groupes\/\",\"name\":\"GROUPES - Chateau de Camurac\",\"isPartOf\":{\"@id\":\"https:\/\/chateaudecamurac.com\/fr\/#website\"},\"datePublished\":\"2021-05-30T19:21:41+00:00\",\"dateModified\":\"2023-09-15T14:26:16+00:00\",\"description\":\"Au Ch\u00e2teau de Camurac, les groupes sont les bienvenus, nous en avons re\u00e7u beaucoup. Des vacances en famille aux mariages en passant par les clubs de cyclisme !\",\"breadcrumb\":{\"@id\":\"https:\/\/chateaudecamurac.com\/fr\/groupes\/#breadcrumb\"},\"inLanguage\":\"fr-FR\",\"potentialAction\":[{\"@type\":\"ReadAction\",\"target\":[\"https:\/\/chateaudecamurac.com\/fr\/groupes\/\"]}]},{\"@type\":\"BreadcrumbList\",\"@id\":\"https:\/\/chateaudecamurac.com\/fr\/groupes\/#breadcrumb\",\"itemListElement\":[{\"@type\":\"ListItem\",\"position\":1,\"name\":\"Home\",\"item\":\"https:\/\/chateaudecamurac.com\/fr\/\"},{\"@type\":\"ListItem\",\"position\":2,\"name\":\"GROUPES\"}]},{\"@type\":\"WebSite\",\"@id\":\"https:\/\/chateaudecamurac.com\/fr\/#website\",\"url\":\"https:\/\/chateaudecamurac.com\/fr\/\",\"name\":\"Chateau de Camurac\",\"description\":\"Chateau de Camurac Enjoy in the middle of the French Pyrenees\",\"publisher\":{\"@id\":\"https:\/\/chateaudecamurac.com\/fr\/#organization\"},\"potentialAction\":[{\"@type\":\"SearchAction\",\"target\":{\"@type\":\"EntryPoint\",\"urlTemplate\":\"https:\/\/chateaudecamurac.com\/fr\/?s={search_term_string}\"},\"query-input\":\"required name=search_term_string\"}],\"inLanguage\":\"fr-FR\"},{\"@type\":\"Organization\",\"@id\":\"https:\/\/chateaudecamurac.com\/fr\/#organization\",\"name\":\"Chateau De Camurac\",\"url\":\"https:\/\/chateaudecamurac.com\/fr\/\",\"logo\":{\"@type\":\"ImageObject\",\"inLanguage\":\"fr-FR\",\"@id\":\"https:\/\/chateaudecamurac.com\/fr\/#\/schema\/logo\/image\/\",\"url\":\"https:\/\/chateaudecamurac.com\/wp-content\/uploads\/2021\/04\/Logo-chateau-met.png\",\"contentUrl\":\"https:\/\/chateaudecamurac.com\/wp-content\/uploads\/2021\/04\/Logo-chateau-met.png\",\"width\":436,\"height\":250,\"caption\":\"Chateau De Camurac\"},\"image\":{\"@id\":\"https:\/\/chateaudecamurac.com\/fr\/#\/schema\/logo\/image\/\"}}]}<\/script>\n<!-- \/ Yoast SEO plugin. -->","yoast_head_json":{"title":"GROUPES - Chateau de Camurac","description":"Au Ch\u00e2teau de Camurac, les groupes sont les bienvenus, nous en avons re\u00e7u beaucoup. Des vacances en famille aux mariages en passant par les clubs de cyclisme !","robots":{"index":"index","follow":"follow","max-snippet":"max-snippet:-1","max-image-preview":"max-image-preview:large","max-video-preview":"max-video-preview:-1"},"canonical":"https:\/\/chateaudecamurac.com\/fr\/groupes\/","og_locale":"fr_FR","og_type":"article","og_title":"GROUPES - Chateau de Camurac","og_description":"Au Ch\u00e2teau de Camurac, les groupes sont les bienvenus, nous en avons re\u00e7u beaucoup. Des vacances en famille aux mariages en passant par les clubs de cyclisme !","og_url":"https:\/\/chateaudecamurac.com\/fr\/groupes\/","og_site_name":"Chateau de Camurac","article_modified_time":"2023-09-15T14:26:16+00:00","og_image":[{"url":"https:\/\/chateaudecamurac.com\/wp-content\/uploads\/2023\/02\/25-min.jpg"}],"twitter_card":"summary_large_image","twitter_misc":{"Dur\u00e9e de lecture estim\u00e9e":"5 minutes"},"schema":{"@context":"https:\/\/schema.org","@graph":[{"@type":"WebPage","@id":"https:\/\/chateaudecamurac.com\/fr\/groupes\/","url":"https:\/\/chateaudecamurac.com\/fr\/groupes\/","name":"GROUPES - Chateau de Camurac","isPartOf":{"@id":"https:\/\/chateaudecamurac.com\/fr\/#website"},"datePublished":"2021-05-30T19:21:41+00:00","dateModified":"2023-09-15T14:26:16+00:00","description":"Au Ch\u00e2teau de Camurac, les groupes sont les bienvenus, nous en avons re\u00e7u beaucoup. Des vacances en famille aux mariages en passant par les clubs de cyclisme !","breadcrumb":{"@id":"https:\/\/chateaudecamurac.com\/fr\/groupes\/#breadcrumb"},"inLanguage":"fr-FR","potentialAction":[{"@type":"ReadAction","target":["https:\/\/chateaudecamurac.com\/fr\/groupes\/"]}]},{"@type":"BreadcrumbList","@id":"https:\/\/chateaudecamurac.com\/fr\/groupes\/#breadcrumb","itemListElement":[{"@type":"ListItem","position":1,"name":"Home","item":"https:\/\/chateaudecamurac.com\/fr\/"},{"@type":"ListItem","position":2,"name":"GROUPES"}]},{"@type":"WebSite","@id":"https:\/\/chateaudecamurac.com\/fr\/#website","url":"https:\/\/chateaudecamurac.com\/fr\/","name":"Chateau de Camurac","description":"Chateau de Camurac Enjoy in the middle of the French Pyrenees","publisher":{"@id":"https:\/\/chateaudecamurac.com\/fr\/#organization"},"potentialAction":[{"@type":"SearchAction","target":{"@type":"EntryPoint","urlTemplate":"https:\/\/chateaudecamurac.com\/fr\/?s={search_term_string}"},"query-input":"required name=search_term_string"}],"inLanguage":"fr-FR"},{"@type":"Organization","@id":"https:\/\/chateaudecamurac.com\/fr\/#organization","name":"Chateau De Camurac","url":"https:\/\/chateaudecamurac.com\/fr\/","logo":{"@type":"ImageObject","inLanguage":"fr-FR","@id":"https:\/\/chateaudecamurac.com\/fr\/#\/schema\/logo\/image\/","url":"https:\/\/chateaudecamurac.com\/wp-content\/uploads\/2021\/04\/Logo-chateau-met.png","contentUrl":"https:\/\/chateaudecamurac.com\/wp-content\/uploads\/2021\/04\/Logo-chateau-met.png","width":436,"height":250,"caption":"Chateau De Camurac"},"image":{"@id":"https:\/\/chateaudecamurac.com\/fr\/#\/schema\/logo\/image\/"}}]}},"_links":{"self":[{"href":"https:\/\/chateaudecamurac.com\/fr\/wp-json\/wp\/v2\/pages\/2458","targetHints":{"allow":["GET"]}}],"collection":[{"href":"https:\/\/chateaudecamurac.com\/fr\/wp-json\/wp\/v2\/pages"}],"about":[{"href":"https:\/\/chateaudecamurac.com\/fr\/wp-json\/wp\/v2\/types\/page"}],"author":[{"embeddable":true,"href":"https:\/\/chateaudecamurac.com\/fr\/wp-json\/wp\/v2\/users\/1"}],"replies":[{"embeddable":true,"href":"https:\/\/chateaudecamurac.com\/fr\/wp-json\/wp\/v2\/comments?post=2458"}],"version-history":[{"count":24,"href":"https:\/\/chateaudecamurac.com\/fr\/wp-json\/wp\/v2\/pages\/2458\/revisions"}],"predecessor-version":[{"id":4792,"href":"https:\/\/chateaudecamurac.com\/fr\/wp-json\/wp\/v2\/pages\/2458\/revisions\/4792"}],"wp:attachment":[{"href":"https:\/\/chateaudecamurac.com\/fr\/wp-json\/wp\/v2\/media?parent=2458"}],"curies":[{"name":"wp","href":"https:\/\/api.w.org\/{rel}","templated":true}]}}