{"id":2758,"date":"2021-05-30T19:25:54","date_gmt":"2021-05-30T19:25:54","guid":{"rendered":"https:\/\/chateaudecamurac.com\/culinary\/"},"modified":"2023-02-22T17:46:55","modified_gmt":"2023-02-22T17:46:55","slug":"culinaire","status":"publish","type":"page","link":"https:\/\/chateaudecamurac.com\/fr\/culinaire\/","title":{"rendered":"CULINAIRE"},"content":{"rendered":"\t\t<div data-elementor-type=\"wp-page\" data-elementor-id=\"2758\" class=\"elementor elementor-2758 elementor-720\">\n\t\t\t\t\t\t\t\t\t<section class=\"elementor-section elementor-top-section elementor-element elementor-element-67e9d2e elementor-section-full_width elementor-section-stretched elementor-section-height-default elementor-section-height-default\" data-id=\"67e9d2e\" data-element_type=\"section\" data-settings=\"{&quot;stretch_section&quot;:&quot;section-stretched&quot;}\">\n\t\t\t\t\t\t<div class=\"elementor-container elementor-column-gap-no\">\n\t\t\t\t\t<div class=\"elementor-column elementor-col-100 elementor-top-column elementor-element elementor-element-2e4e6d7\" data-id=\"2e4e6d7\" data-element_type=\"column\">\n\t\t\t<div class=\"elementor-widget-wrap elementor-element-populated\">\n\t\t\t\t\t\t\t\t<div class=\"elementor-element elementor-element-d136305 elementor-widget elementor-widget-slider1\" data-id=\"d136305\" data-element_type=\"widget\" data-widget_type=\"slider1.default\">\n\t\t\t\t<div class=\"elementor-widget-container\">\n\t\t\t\r\n\t\t\t<div class=\"slider-wrapper1\"><div id=\"slider-3493628\" class=\"slides1\">\r\n\t\t\t\t\t<div class=\"single-slider-item1\">\r\n\t\t\t\t\t\t<img decoding=\"async\" src=\"https:\/\/chateaudecamurac.com\/wp-content\/uploads\/2023\/02\/IMG_4722-min.jpg\" alt=\"\">\r\n\t\t\t\t\t\t<div class=\"container\">\r\n\t\t\t\t\t\t\t<div class=\"row justify-content-center\">\r\n\t\t\t\t\t\t\t\t<div class=\"col-lg-8 col-md-8 col-xs-12\">\r\n\t\t\t\t\t\t\t\t\t<div class=\"slide-content-box1\">\r\n\t\t\t\t\t\t\t\t\t<\/div>\r\n\t\t\t\t\t\t\t\t<\/div>\r\n\t\t\t\t\t\t\t<\/div>\r\n\t\t\t\t\t\t<\/div>\r\n\t\t\t\t\t<\/div><\/div><\/div>\t\t<\/div>\n\t\t\t\t<\/div>\n\t\t\t\t\t<\/div>\n\t\t<\/div>\n\t\t\t\t\t\t\t<\/div>\n\t\t<\/section>\n\t\t\t\t<section class=\"elementor-section elementor-top-section elementor-element elementor-element-9ec2f6f elementor-section-full_width elementor-section-stretched elementor-section-height-default elementor-section-height-default\" data-id=\"9ec2f6f\" data-element_type=\"section\" data-settings=\"{&quot;stretch_section&quot;:&quot;section-stretched&quot;}\">\n\t\t\t\t\t\t<div class=\"elementor-container elementor-column-gap-no\">\n\t\t\t\t\t<div class=\"elementor-column elementor-col-100 elementor-top-column elementor-element elementor-element-6cd7b7d\" data-id=\"6cd7b7d\" data-element_type=\"column\">\n\t\t\t<div class=\"elementor-widget-wrap elementor-element-populated\">\n\t\t\t\t\t\t\t\t<div class=\"elementor-element elementor-element-70c45d0 elementor-widget elementor-widget-msiit-massonry\" data-id=\"70c45d0\" data-element_type=\"widget\" data-widget_type=\"msiit-massonry.default\">\n\t\t\t\t<div class=\"elementor-widget-container\">\n\t\t\t\r\n\t\t<div class=\"massonry-wrapper\">\r\n\t\t\t<div class=\"massonry-container\">\r\n\t\t\t\t\t\t<div class=\"massonry-items massonry-image wow fadeInUp\" data-wow-duration=\"2s\">\r\n\t\t\t\t\t\t\t\t<a class=\"massonry_img\" href=\"https:\/\/chateaudecamurac.com\/wp-content\/uploads\/2021\/05\/IMG_5289-min-1024x768.jpg\">\r\n\t\t\t\t\t\t\t\t\t<img decoding=\"async\" src=\"https:\/\/chateaudecamurac.com\/wp-content\/uploads\/2021\/05\/IMG_5289-min-1024x768.jpg\">\r\n\t\t\t\t\t\t\t\t<\/a>\r\n\t\t\t\t\t\t<\/div>\r\n\t\t\t\t\t\t<div class=\"massonry-items massonry-content wow fadeInUp\" data-wow-duration=\"2s\">\r\n\t\t\t\t\t\t\t\t<div class=\"massonry-content-box text-center\" style=\"color:#FFFFFF;background-color:#7B2F49;\">\r\n\t\t\t\t\t\t\t\t\t<div class=\"massonry-content\"><div class=\"massonry-desc\"><p>Les h\u00f4tes du Ch\u00e2teau de Camurac sont g\u00e9n\u00e9ralement des amoureux de la montagne, de la nature mais aussi certainement de la bonne et saine nourriture. Tous nos plats qui sortent de la cuisine viennent de l'id\u00e9e d'\u00eatre d\u00e9licieux et sains. Nous essayons d'utiliser autant de produits locaux que possible dans nos plats faits maison. Notre cuisine peut \u00eatre d\u00e9crite comme \u00e9tant vari\u00e9e, de bon go\u00fbt et souvent surprenante.<\/p><\/div>\r\n\t\t\t\t\t\t\t\t\t<\/div>\r\n\t\t\t\t\t\t\t\t<\/div>\r\n\t\t\t\t\t\t<\/div>\r\n\t\t\t\t\t\t<div class=\"massonry-items massonry-image wow fadeInUp\" data-wow-duration=\"2s\">\r\n\t\t\t\t\t\t\t\t<a class=\"massonry_img\" href=\"https:\/\/chateaudecamurac.com\/wp-content\/uploads\/2021\/05\/31-min-1024x685.jpg\">\r\n\t\t\t\t\t\t\t\t\t<img decoding=\"async\" src=\"https:\/\/chateaudecamurac.com\/wp-content\/uploads\/2021\/05\/31-min-1024x685.jpg\">\r\n\t\t\t\t\t\t\t\t<\/a>\r\n\t\t\t\t\t\t<\/div>\r\n\t\t\t\t\t\t<div class=\"massonry-items massonry-image wow fadeInUp\" data-wow-duration=\"2s\">\r\n\t\t\t\t\t\t\t\t<a class=\"massonry_img\" href=\"https:\/\/chateaudecamurac.com\/wp-content\/uploads\/2021\/05\/website-2015-156-min-1024x768.jpg\">\r\n\t\t\t\t\t\t\t\t\t<img decoding=\"async\" src=\"https:\/\/chateaudecamurac.com\/wp-content\/uploads\/2021\/05\/website-2015-156-min-1024x768.jpg\">\r\n\t\t\t\t\t\t\t\t<\/a>\r\n\t\t\t\t\t\t<\/div>\r\n\t\t\t\t\t\t<div class=\"massonry-items massonry-content wow fadeInUp\" data-wow-duration=\"2s\">\r\n\t\t\t\t\t\t\t\t<div class=\"massonry-content-box text-center\" style=\"color:#000;background-color:#FDE1A2;\">\r\n\t\t\t\t\t\t\t\t\t<div class=\"massonry-content\"><div class=\"massonry-desc\"><p>Le d\u00eener s'inspire des produits locaux de saison, pr\u00e9par\u00e9s avec go\u00fbt dans des combinaisons surprenantes. Si vous avez des souhaits di\u00e9t\u00e9tiques sp\u00e9cifiques \u00e0 l'avance, nous en tiendrons compte. Apr\u00e8s tout, la bonne nourriture fait partie d'une grande f\u00eate !<\/p><\/div>\r\n\t\t\t\t\t\t\t\t\t<\/div>\r\n\t\t\t\t\t\t\t\t<\/div>\r\n\t\t\t\t\t\t<\/div>\r\n\t\t\t\t\t\t<div class=\"massonry-items massonry-content wow fadeInUp\" data-wow-duration=\"2s\">\r\n\t\t\t\t\t\t\t\t<div class=\"massonry-content-box text-center\" style=\"color:#000;background-color:#FDE1A2;\">\r\n\t\t\t\t\t\t\t\t\t<div class=\"massonry-content\"><div class=\"massonry-desc\"><p>Nous avons fait de notre mieux pour am\u00e9nager le restaurant de mani\u00e8re \u00e0 ce que chacun se sente imm\u00e9diatement chez lui. L'espace a une atmosph\u00e8re de salon confortable avec des tables et des chaises, un coin salon, un piano, une t\u00e9l\u00e9vision, un coin lecture et un espace de jeu pour les enfants.<\/p><\/div>\r\n\t\t\t\t\t\t\t\t\t<\/div>\r\n\t\t\t\t\t\t\t\t<\/div>\r\n\t\t\t\t\t\t<\/div>\r\n\t\t\t\t\t\t<div class=\"massonry-items massonry-image wow fadeInUp\" data-wow-duration=\"2s\">\r\n\t\t\t\t\t\t\t\t<a class=\"massonry_img\" href=\"https:\/\/chateaudecamurac.com\/wp-content\/uploads\/2021\/05\/IMG_2604-min-1024x682.jpg\">\r\n\t\t\t\t\t\t\t\t\t<img decoding=\"async\" src=\"https:\/\/chateaudecamurac.com\/wp-content\/uploads\/2021\/05\/IMG_2604-min-1024x682.jpg\">\r\n\t\t\t\t\t\t\t\t<\/a>\r\n\t\t\t\t\t\t<\/div>\r\n\t\t\t\t\t\t<div class=\"massonry-items massonry-image wow fadeInUp\" data-wow-duration=\"2s\">\r\n\t\t\t\t\t\t\t\t<a class=\"massonry_img\" href=\"https:\/\/chateaudecamurac.com\/wp-content\/uploads\/2021\/05\/IMG_2510-min-1024x682.jpg\">\r\n\t\t\t\t\t\t\t\t\t<img decoding=\"async\" src=\"https:\/\/chateaudecamurac.com\/wp-content\/uploads\/2021\/05\/IMG_2510-min-1024x682.jpg\">\r\n\t\t\t\t\t\t\t\t<\/a>\r\n\t\t\t\t\t\t<\/div>\r\n\t\t\t\t\t\t<div class=\"massonry-items massonry-content wow fadeInUp\" data-wow-duration=\"2s\">\r\n\t\t\t\t\t\t\t\t<div class=\"massonry-content-box text-center\" style=\"color:#FFFFFF;background-color:#7B2F49;\">\r\n\t\t\t\t\t\t\t\t\t<div class=\"massonry-content\"><div class=\"massonry-desc\"><p>Tous les matins, nous servons personnellement le petit-d\u00e9jeuner, qui comprend du caf\u00e9\/th\u00e9\/jus d'orange, de la baguette, de la brioche, du pain grill\u00e9, du fromage, de la viande, etc. Chaque jour, il y a quelque chose en plus comme un croissant, un \u0153uf ou un yaourt. Chaque jour, nous ajoutons quelque chose en plus comme un croissant, un \u0153uf ou un yaourt. Il ne faut pas oublier les diff\u00e9rentes sortes de confitures sp\u00e9ciales, faites maison, \u00e0 base de fruits frais provenant de notre propre jardin et des environs.<\/p><\/div>\r\n\t\t\t\t\t\t\t\t\t<\/div>\r\n\t\t\t\t\t\t\t\t<\/div>\r\n\t\t\t\t\t\t<\/div>\r\n\t\t\t\t\t\t<div class=\"massonry-items massonry-image wow fadeInUp\" data-wow-duration=\"2s\">\r\n\t\t\t\t\t\t\t\t<a class=\"massonry_img\" href=\"https:\/\/chateaudecamurac.com\/wp-content\/uploads\/2021\/05\/IMG_20190802_164421-min-1024x768.jpg\">\r\n\t\t\t\t\t\t\t\t\t<img decoding=\"async\" src=\"https:\/\/chateaudecamurac.com\/wp-content\/uploads\/2021\/05\/IMG_20190802_164421-min-1024x768.jpg\">\r\n\t\t\t\t\t\t\t\t<\/a>\r\n\t\t\t\t\t\t<\/div>\r\n\t\t\t\t\t\t<div class=\"massonry-items massonry-image wow fadeInUp\" data-wow-duration=\"2s\">\r\n\t\t\t\t\t\t\t\t<a class=\"massonry_img\" href=\"https:\/\/chateaudecamurac.com\/wp-content\/uploads\/2021\/05\/19-min-1024x768.jpg\">\r\n\t\t\t\t\t\t\t\t\t<img decoding=\"async\" src=\"https:\/\/chateaudecamurac.com\/wp-content\/uploads\/2021\/05\/19-min-1024x768.jpg\">\r\n\t\t\t\t\t\t\t\t<\/a>\r\n\t\t\t\t\t\t<\/div>\r\n\t\t\t\t\t\t<div class=\"massonry-items massonry-image wow fadeInUp\" data-wow-duration=\"2s\">\r\n\t\t\t\t\t\t\t\t<a class=\"massonry_img\" href=\"https:\/\/chateaudecamurac.com\/wp-content\/uploads\/2021\/05\/20160612_132450-min-1024x614.jpg\">\r\n\t\t\t\t\t\t\t\t\t<img decoding=\"async\" src=\"https:\/\/chateaudecamurac.com\/wp-content\/uploads\/2021\/05\/20160612_132450-min-1024x614.jpg\">\r\n\t\t\t\t\t\t\t\t<\/a>\r\n\t\t\t\t\t\t<\/div>\r\n\t\t\t\t\t\t<div class=\"massonry-items massonry-image wow fadeInUp\" data-wow-duration=\"2s\">\r\n\t\t\t\t\t\t\t\t<a class=\"massonry_img\" href=\"https:\/\/chateaudecamurac.com\/wp-content\/uploads\/2021\/05\/IMG_8144-min-1024x768.jpg\">\r\n\t\t\t\t\t\t\t\t\t<img decoding=\"async\" src=\"https:\/\/chateaudecamurac.com\/wp-content\/uploads\/2021\/05\/IMG_8144-min-1024x768.jpg\">\r\n\t\t\t\t\t\t\t\t<\/a>\r\n\t\t\t\t\t\t<\/div>\r\n\t\t\t\t\t\t<div class=\"massonry-items massonry-content wow fadeInUp\" data-wow-duration=\"2s\">\r\n\t\t\t\t\t\t\t\t<div class=\"massonry-content-box text-center\" style=\"color:#000;background-color:#FDE1A2;\">\r\n\t\t\t\t\t\t\t\t\t<div class=\"massonry-content\"><div class=\"massonry-desc\"><p>Il y a aussi r\u00e9guli\u00e8rement des soir\u00e9es sp\u00e9ciales, comme une soir\u00e9e moules ou une soir\u00e9e barbecue. Vous pouvez \u00e9galement r\u00e9server l'ensemble du restaurant pour des occasions sp\u00e9ciales telles qu'un anniversaire, une communion ou le r\u00e9veillon du Nouvel An. N'h\u00e9sitez pas \u00e0 vous renseigner sur les possibilit\u00e9s offertes par le site <a href=\"mailto:info@chateaudecamurac.com\">info@chateaudecamurac.com.<\/a><\/p><\/div>\r\n\t\t\t\t\t\t\t\t\t<\/div>\r\n\t\t\t\t\t\t\t\t<\/div>\r\n\t\t\t\t\t\t<\/div>\r\n\t\t\t<\/div>\r\n\t\t<\/div>\t\t<\/div>\n\t\t\t\t<\/div>\n\t\t\t\t\t<\/div>\n\t\t<\/div>\n\t\t\t\t\t\t\t<\/div>\n\t\t<\/section>\n\t\t\t\t<section class=\"elementor-section elementor-top-section elementor-element elementor-element-051916e elementor-section-boxed elementor-section-height-default elementor-section-height-default\" data-id=\"051916e\" data-element_type=\"section\">\n\t\t\t\t\t\t<div class=\"elementor-container elementor-column-gap-default\">\n\t\t\t\t\t<div class=\"elementor-column elementor-col-100 elementor-top-column elementor-element elementor-element-911761c\" data-id=\"911761c\" data-element_type=\"column\">\n\t\t\t<div class=\"elementor-widget-wrap elementor-element-populated\">\n\t\t\t\t\t\t\t\t<div class=\"elementor-element elementor-element-b5ea6a4 elementor-widget elementor-widget-spacer\" data-id=\"b5ea6a4\" data-element_type=\"widget\" data-widget_type=\"spacer.default\">\n\t\t\t\t<div class=\"elementor-widget-container\">\n\t\t\t\t\t<div class=\"elementor-spacer\">\n\t\t\t<div class=\"elementor-spacer-inner\"><\/div>\n\t\t<\/div>\n\t\t\t\t<\/div>\n\t\t\t\t<\/div>\n\t\t\t\t\t<\/div>\n\t\t<\/div>\n\t\t\t\t\t\t\t<\/div>\n\t\t<\/section>\n\t\t\t\t\t\t\t<\/div>\n\t\t","protected":false},"excerpt":{"rendered":"<p>Les h\u00f4tes du Ch\u00e2teau de Camurac sont g\u00e9n\u00e9ralement des amoureux de la montagne, de la nature mais aussi certainement de la bonne et saine nourriture. Tous nos plats qui sortent de la cuisine viennent de l&rsquo;id\u00e9e d&rsquo;\u00eatre d\u00e9licieux et sains. Nous essayons d&rsquo;utiliser autant de produits locaux que possible dans nos plats faits maison. Notre [&hellip;]<\/p>\n","protected":false},"author":1,"featured_media":0,"parent":0,"menu_order":0,"comment_status":"closed","ping_status":"closed","template":"","meta":{"footnotes":""},"class_list":["post-2758","page","type-page","status-publish","hentry"],"yoast_head":"<!-- This site is optimized with the Yoast SEO plugin v21.4 - https:\/\/yoast.com\/wordpress\/plugins\/seo\/ -->\n<title>CULINAIRE - Chateau de Camurac<\/title>\n<meta name=\"description\" content=\"Les clients du Ch\u00e2teau de Camurac peuvent profiter de d\u00e9lices culinaires. Ce qui sort de la cuisine ici est d\u00e9licieux et sain ! Voir les photos ici !\" \/>\n<meta name=\"robots\" content=\"index, follow, max-snippet:-1, max-image-preview:large, max-video-preview:-1\" \/>\n<link rel=\"canonical\" href=\"https:\/\/chateaudecamurac.com\/fr\/culinaire\/\" \/>\n<meta property=\"og:locale\" content=\"fr_FR\" \/>\n<meta property=\"og:type\" content=\"article\" \/>\n<meta property=\"og:title\" content=\"CULINAIRE - Chateau de Camurac\" \/>\n<meta property=\"og:description\" content=\"Les clients du Ch\u00e2teau de Camurac peuvent profiter de d\u00e9lices culinaires. Ce qui sort de la cuisine ici est d\u00e9licieux et sain ! Voir les photos ici !\" \/>\n<meta property=\"og:url\" content=\"https:\/\/chateaudecamurac.com\/fr\/culinaire\/\" \/>\n<meta property=\"og:site_name\" content=\"Chateau de Camurac\" \/>\n<meta property=\"article:modified_time\" content=\"2023-02-22T17:46:55+00:00\" \/>\n<meta property=\"og:image\" content=\"https:\/\/chateaudecamurac.com\/wp-content\/uploads\/2023\/02\/IMG_4722-min.jpg\" \/>\n<meta name=\"twitter:card\" content=\"summary_large_image\" \/>\n<meta name=\"twitter:label1\" content=\"Dur\u00e9e de lecture estim\u00e9e\" \/>\n\t<meta name=\"twitter:data1\" content=\"4 minutes\" \/>\n<script type=\"application\/ld+json\" class=\"yoast-schema-graph\">{\"@context\":\"https:\/\/schema.org\",\"@graph\":[{\"@type\":\"WebPage\",\"@id\":\"https:\/\/chateaudecamurac.com\/fr\/culinaire\/\",\"url\":\"https:\/\/chateaudecamurac.com\/fr\/culinaire\/\",\"name\":\"CULINAIRE - Chateau de Camurac\",\"isPartOf\":{\"@id\":\"https:\/\/chateaudecamurac.com\/fr\/#website\"},\"datePublished\":\"2021-05-30T19:25:54+00:00\",\"dateModified\":\"2023-02-22T17:46:55+00:00\",\"description\":\"Les clients du Ch\u00e2teau de Camurac peuvent profiter de d\u00e9lices culinaires. Ce qui sort de la cuisine ici est d\u00e9licieux et sain ! Voir les photos ici !\",\"breadcrumb\":{\"@id\":\"https:\/\/chateaudecamurac.com\/fr\/culinaire\/#breadcrumb\"},\"inLanguage\":\"fr-FR\",\"potentialAction\":[{\"@type\":\"ReadAction\",\"target\":[\"https:\/\/chateaudecamurac.com\/fr\/culinaire\/\"]}]},{\"@type\":\"BreadcrumbList\",\"@id\":\"https:\/\/chateaudecamurac.com\/fr\/culinaire\/#breadcrumb\",\"itemListElement\":[{\"@type\":\"ListItem\",\"position\":1,\"name\":\"Home\",\"item\":\"https:\/\/chateaudecamurac.com\/fr\/\"},{\"@type\":\"ListItem\",\"position\":2,\"name\":\"CULINAIRE\"}]},{\"@type\":\"WebSite\",\"@id\":\"https:\/\/chateaudecamurac.com\/fr\/#website\",\"url\":\"https:\/\/chateaudecamurac.com\/fr\/\",\"name\":\"Chateau de Camurac\",\"description\":\"Chateau de Camurac Enjoy in the middle of the French Pyrenees\",\"publisher\":{\"@id\":\"https:\/\/chateaudecamurac.com\/fr\/#organization\"},\"potentialAction\":[{\"@type\":\"SearchAction\",\"target\":{\"@type\":\"EntryPoint\",\"urlTemplate\":\"https:\/\/chateaudecamurac.com\/fr\/?s={search_term_string}\"},\"query-input\":\"required name=search_term_string\"}],\"inLanguage\":\"fr-FR\"},{\"@type\":\"Organization\",\"@id\":\"https:\/\/chateaudecamurac.com\/fr\/#organization\",\"name\":\"Chateau De Camurac\",\"url\":\"https:\/\/chateaudecamurac.com\/fr\/\",\"logo\":{\"@type\":\"ImageObject\",\"inLanguage\":\"fr-FR\",\"@id\":\"https:\/\/chateaudecamurac.com\/fr\/#\/schema\/logo\/image\/\",\"url\":\"https:\/\/chateaudecamurac.com\/wp-content\/uploads\/2021\/04\/Logo-chateau-met.png\",\"contentUrl\":\"https:\/\/chateaudecamurac.com\/wp-content\/uploads\/2021\/04\/Logo-chateau-met.png\",\"width\":436,\"height\":250,\"caption\":\"Chateau De Camurac\"},\"image\":{\"@id\":\"https:\/\/chateaudecamurac.com\/fr\/#\/schema\/logo\/image\/\"}}]}<\/script>\n<!-- \/ Yoast SEO plugin. -->","yoast_head_json":{"title":"CULINAIRE - Chateau de Camurac","description":"Les clients du Ch\u00e2teau de Camurac peuvent profiter de d\u00e9lices culinaires. Ce qui sort de la cuisine ici est d\u00e9licieux et sain ! Voir les photos ici !","robots":{"index":"index","follow":"follow","max-snippet":"max-snippet:-1","max-image-preview":"max-image-preview:large","max-video-preview":"max-video-preview:-1"},"canonical":"https:\/\/chateaudecamurac.com\/fr\/culinaire\/","og_locale":"fr_FR","og_type":"article","og_title":"CULINAIRE - Chateau de Camurac","og_description":"Les clients du Ch\u00e2teau de Camurac peuvent profiter de d\u00e9lices culinaires. Ce qui sort de la cuisine ici est d\u00e9licieux et sain ! Voir les photos ici !","og_url":"https:\/\/chateaudecamurac.com\/fr\/culinaire\/","og_site_name":"Chateau de Camurac","article_modified_time":"2023-02-22T17:46:55+00:00","og_image":[{"url":"https:\/\/chateaudecamurac.com\/wp-content\/uploads\/2023\/02\/IMG_4722-min.jpg"}],"twitter_card":"summary_large_image","twitter_misc":{"Dur\u00e9e de lecture estim\u00e9e":"4 minutes"},"schema":{"@context":"https:\/\/schema.org","@graph":[{"@type":"WebPage","@id":"https:\/\/chateaudecamurac.com\/fr\/culinaire\/","url":"https:\/\/chateaudecamurac.com\/fr\/culinaire\/","name":"CULINAIRE - Chateau de Camurac","isPartOf":{"@id":"https:\/\/chateaudecamurac.com\/fr\/#website"},"datePublished":"2021-05-30T19:25:54+00:00","dateModified":"2023-02-22T17:46:55+00:00","description":"Les clients du Ch\u00e2teau de Camurac peuvent profiter de d\u00e9lices culinaires. Ce qui sort de la cuisine ici est d\u00e9licieux et sain ! Voir les photos ici !","breadcrumb":{"@id":"https:\/\/chateaudecamurac.com\/fr\/culinaire\/#breadcrumb"},"inLanguage":"fr-FR","potentialAction":[{"@type":"ReadAction","target":["https:\/\/chateaudecamurac.com\/fr\/culinaire\/"]}]},{"@type":"BreadcrumbList","@id":"https:\/\/chateaudecamurac.com\/fr\/culinaire\/#breadcrumb","itemListElement":[{"@type":"ListItem","position":1,"name":"Home","item":"https:\/\/chateaudecamurac.com\/fr\/"},{"@type":"ListItem","position":2,"name":"CULINAIRE"}]},{"@type":"WebSite","@id":"https:\/\/chateaudecamurac.com\/fr\/#website","url":"https:\/\/chateaudecamurac.com\/fr\/","name":"Chateau de Camurac","description":"Chateau de Camurac Enjoy in the middle of the French Pyrenees","publisher":{"@id":"https:\/\/chateaudecamurac.com\/fr\/#organization"},"potentialAction":[{"@type":"SearchAction","target":{"@type":"EntryPoint","urlTemplate":"https:\/\/chateaudecamurac.com\/fr\/?s={search_term_string}"},"query-input":"required name=search_term_string"}],"inLanguage":"fr-FR"},{"@type":"Organization","@id":"https:\/\/chateaudecamurac.com\/fr\/#organization","name":"Chateau De Camurac","url":"https:\/\/chateaudecamurac.com\/fr\/","logo":{"@type":"ImageObject","inLanguage":"fr-FR","@id":"https:\/\/chateaudecamurac.com\/fr\/#\/schema\/logo\/image\/","url":"https:\/\/chateaudecamurac.com\/wp-content\/uploads\/2021\/04\/Logo-chateau-met.png","contentUrl":"https:\/\/chateaudecamurac.com\/wp-content\/uploads\/2021\/04\/Logo-chateau-met.png","width":436,"height":250,"caption":"Chateau De Camurac"},"image":{"@id":"https:\/\/chateaudecamurac.com\/fr\/#\/schema\/logo\/image\/"}}]}},"_links":{"self":[{"href":"https:\/\/chateaudecamurac.com\/fr\/wp-json\/wp\/v2\/pages\/2758","targetHints":{"allow":["GET"]}}],"collection":[{"href":"https:\/\/chateaudecamurac.com\/fr\/wp-json\/wp\/v2\/pages"}],"about":[{"href":"https:\/\/chateaudecamurac.com\/fr\/wp-json\/wp\/v2\/types\/page"}],"author":[{"embeddable":true,"href":"https:\/\/chateaudecamurac.com\/fr\/wp-json\/wp\/v2\/users\/1"}],"replies":[{"embeddable":true,"href":"https:\/\/chateaudecamurac.com\/fr\/wp-json\/wp\/v2\/comments?post=2758"}],"version-history":[{"count":6,"href":"https:\/\/chateaudecamurac.com\/fr\/wp-json\/wp\/v2\/pages\/2758\/revisions"}],"predecessor-version":[{"id":4419,"href":"https:\/\/chateaudecamurac.com\/fr\/wp-json\/wp\/v2\/pages\/2758\/revisions\/4419"}],"wp:attachment":[{"href":"https:\/\/chateaudecamurac.com\/fr\/wp-json\/wp\/v2\/media?parent=2758"}],"curies":[{"name":"wp","href":"https:\/\/api.w.org\/{rel}","templated":true}]}}