{"id":2770,"date":"2021-05-30T19:29:53","date_gmt":"2021-05-30T19:29:53","guid":{"rendered":"https:\/\/chateaudecamurac.com\/arrangementen\/"},"modified":"2024-12-12T14:21:20","modified_gmt":"2024-12-12T14:21:20","slug":"paquets","status":"publish","type":"page","link":"https:\/\/chateaudecamurac.com\/fr\/paquets\/","title":{"rendered":"paquets"},"content":{"rendered":"\t\t<div data-elementor-type=\"wp-page\" data-elementor-id=\"2770\" class=\"elementor elementor-2770 elementor-17\">\n\t\t\t\t\t\t\t\t\t<section class=\"elementor-section elementor-top-section elementor-element elementor-element-e9a01ca elementor-section-full_width elementor-section-stretched elementor-section-height-default elementor-section-height-default\" data-id=\"e9a01ca\" data-element_type=\"section\" data-settings=\"{&quot;stretch_section&quot;:&quot;section-stretched&quot;}\">\n\t\t\t\t\t\t<div class=\"elementor-container elementor-column-gap-no\">\n\t\t\t\t\t<div class=\"elementor-column elementor-col-100 elementor-top-column elementor-element elementor-element-4331c2d\" data-id=\"4331c2d\" data-element_type=\"column\">\n\t\t\t<div class=\"elementor-widget-wrap elementor-element-populated\">\n\t\t\t\t\t\t\t\t<div class=\"elementor-element elementor-element-179c6f7 elementor-widget elementor-widget-slider1\" data-id=\"179c6f7\" data-element_type=\"widget\" data-widget_type=\"slider1.default\">\n\t\t\t\t<div class=\"elementor-widget-container\">\n\t\t\t\r\n\t\t\t<div class=\"slider-wrapper1\"><div id=\"slider-4335745\" class=\"slides1\">\r\n\t\t\t\t\t<div class=\"single-slider-item1\">\r\n\t\t\t\t\t\t<img decoding=\"async\" src=\"https:\/\/chateaudecamurac.com\/wp-content\/uploads\/2023\/02\/PANO_20200601_112209-min.jpg\" alt=\"\">\r\n\t\t\t\t\t\t<div class=\"container\">\r\n\t\t\t\t\t\t\t<div class=\"row justify-content-center\">\r\n\t\t\t\t\t\t\t\t<div class=\"col-lg-12 col-md-12 col-xs-12\">\r\n\t\t\t\t\t\t\t\t\t<div class=\"slide-content-box1\">\r\n\t\t\t\t\t\t\t\t\t<\/div>\r\n\t\t\t\t\t\t\t\t<\/div>\r\n\t\t\t\t\t\t\t<\/div>\r\n\t\t\t\t\t\t<\/div>\r\n\t\t\t\t\t<\/div><\/div><\/div>\t\t<\/div>\n\t\t\t\t<\/div>\n\t\t\t\t\t<\/div>\n\t\t<\/div>\n\t\t\t\t\t\t\t<\/div>\n\t\t<\/section>\n\t\t\t\t<section class=\"elementor-section elementor-top-section elementor-element elementor-element-5f6976b elementor-section-full_width elementor-section-height-default elementor-section-height-default\" data-id=\"5f6976b\" data-element_type=\"section\">\n\t\t\t\t\t\t<div class=\"elementor-container elementor-column-gap-no\">\n\t\t\t\t\t<div class=\"elementor-column elementor-col-100 elementor-top-column elementor-element elementor-element-0ad7fdf\" data-id=\"0ad7fdf\" data-element_type=\"column\">\n\t\t\t<div class=\"elementor-widget-wrap\">\n\t\t\t\t\t\t\t\t\t<\/div>\n\t\t<\/div>\n\t\t\t\t\t\t\t<\/div>\n\t\t<\/section>\n\t\t\t\t<section class=\"elementor-section elementor-top-section elementor-element elementor-element-56160d6 elementor-section-full_width elementor-section-height-default elementor-section-height-default\" data-id=\"56160d6\" data-element_type=\"section\">\n\t\t\t\t\t\t<div class=\"elementor-container elementor-column-gap-no\">\n\t\t\t\t\t<div class=\"elementor-column elementor-col-100 elementor-top-column elementor-element elementor-element-f64198a\" data-id=\"f64198a\" data-element_type=\"column\">\n\t\t\t<div class=\"elementor-widget-wrap elementor-element-populated\">\n\t\t\t\t\t\t\t\t<div class=\"elementor-element elementor-element-d5e4c0e elementor-widget elementor-widget-msiit-contentblock\" data-id=\"d5e4c0e\" data-element_type=\"widget\" data-widget_type=\"msiit-contentblock.default\">\n\t\t\t\t<div class=\"elementor-widget-container\">\n\t\t\t\r\n\t\t<script>\r\n\t\t\tjQuery(document).ready(function($) {\r\n\t\t\t\t$(\"#img-7280056230\").slick({\r\n\t\t\t\t\tinfinite: true,\r\n\t\t\t\t\tspeed: 500,\r\n\t\t\t\t\tfade: true,\r\n\t\t\t\t\tcssEase: 'linear',\r\n\t\t\t\t\tnextArrow: \"<i class='fa fa-angle-right'><\/i>\",\r\n\t\t\t\t\tprevArrow: \"<i class='fa fa-angle-left'><\/i>\",\r\n\t\t\t\t});\r\n\t\t\t});\r\n\t\t<\/script>\r\n\t\t\r\n\t\t<div class=\"content-block\">\r\n\t\t\t<div class=\"container\"> \r\n\t\t\t\t<div class=\"row g-0 wow fadeInUp\" data-wow-duration=\"2s\" style=\"background:\">\r\n\t\t\t\t\t<div class=\"col-lg-6 col-md-6 col-xs-12 my-auto\">\r\n\t\t\t\t\t\t<div class=\"room-block-content\" style=\"color:\">\r\n\t\t\t\t\t\t\t<div class=\"room-block-title\">\r\n\t\t\t\t\t\t\t\t\t<h3 style=\"color:#681132\">Forfait randonn\u00e9e  2025<\/h3>\r\n\t\t\t\t\t\t\t\t\t<h5 style=\"color:\"><\/h5>\r\n\t\t\t\t\t\t\t<\/div><div class=\"room-desc\"><p>Profitez d'une belle randonn\u00e9e dans les Pyr\u00e9n\u00e9es ? Aussi cette ann\u00e9e, nous avons un beau forfait randonn\u00e9e. Avec ce forfait de 5 jours, vous pouvez profiter pleinement de la belle nature. Vous s\u00e9journerez toujours au Ch\u00e2teau de Camurac. En fonction du nombre de kilom\u00e8tres que vous souhaitez parcourir chaque jour, nous vous emm\u00e8nerons toujours \u00e0 un point de d\u00e9part diff\u00e9rent. Vous d\u00e9cidez combien vous voulez marcher chaque jour. Les balades sont donc adapt\u00e9es \u00e0 tous. Prenez de bonnes chaussures de montagne avec vous.<\/p><p>Ce forfait de 5 jours comprend :<\/p><p>* Boisson de bienvenue<br \/>* 4x nuit\u00e9e<br \/>* 4x petit-d\u00e9jeuner<br \/>* 3x pique-nique<br \/>* 4x d\u00eener<br \/>* Transferts<br \/>* Carte de randonn\u00e9e d\u00e9taill\u00e9e (une pour 2 personnes).<\/p><p>Prix \u200b\u200b: 330,00 \u20ac par personne (sur la base de 2 personnes par chambre)<br \/>(suppl\u00e9ment chambre individuelle 90,00 \u20ac)<br \/>Minimum 2 personnes<\/p><p><strong>Ce forfait comprend tous les repas mentionn\u00e9s, les transferts et la carte d\u00e9taill\u00e9e.<\/strong><\/p><p>Il exclut les boissons pendant le d\u00eener, taxe s\u00e9jour et \u00e9ventuellement le transport \u00e0 un a\u00e9roport ou une gare.<\/p><p>Certains a\u00e9roports et gares dans la r\u00e9gion sont Carcassonne (a\u00e9roport et gare), Toulouse (a\u00e9roport et gare), Ax-Les-Thermes (gare), Foix (gare).<\/p><p>Dates disponibles (date d'arriv\u00e9e): <strong>tous les jours jusqu'au mercredi 8 octobre 2025.<\/strong><\/p><\/div><a target=\"_self\" href=\"https:\/\/chateaudecamurac.com\/fr\/reservez-maintenant\/\" class=\"boxed-btn\">R\u00c9SERVEZ MAINTENANT<\/a>\r\n\t\t\t\t\t\t<\/div>\r\n\t\t\t\t\t<\/div>\r\n\t\t\t\t\t\r\n\t\t\t\t\t\t<div class=\"col-lg-6 col-md-6 col-xs-12 my-auto\">\r\n\t\t\t\t\t\t\t<div id=\"img-7280056230\" class=\"room-imgs\"><img decoding=\"async\" style=\"height:auto\"  src=\"https:\/\/chateaudecamurac.com\/wp-content\/uploads\/2021\/05\/IMG_7069-min-1024x768.jpg\">\r\n\t\t\t\t\t\t\t<\/div>\r\n\t\t\t\t\t\t<\/div>\r\n\t\t\t\t<\/div>\r\n\t\t\t<\/div>\r\n\t\t<\/div>\t\t<\/div>\n\t\t\t\t<\/div>\n\t\t\t\t\t<\/div>\n\t\t<\/div>\n\t\t\t\t\t\t\t<\/div>\n\t\t<\/section>\n\t\t\t\t<section class=\"elementor-section elementor-top-section elementor-element elementor-element-358fdd4 elementor-section-full_width elementor-section-height-default elementor-section-height-default\" data-id=\"358fdd4\" data-element_type=\"section\">\n\t\t\t\t\t\t<div class=\"elementor-container elementor-column-gap-no\">\n\t\t\t\t\t<div class=\"elementor-column elementor-col-100 elementor-top-column elementor-element elementor-element-555c08d\" data-id=\"555c08d\" data-element_type=\"column\">\n\t\t\t<div class=\"elementor-widget-wrap\">\n\t\t\t\t\t\t\t\t\t<\/div>\n\t\t<\/div>\n\t\t\t\t\t\t\t<\/div>\n\t\t<\/section>\n\t\t\t\t<section class=\"elementor-section elementor-top-section elementor-element elementor-element-f50b225 elementor-section-boxed elementor-section-height-default elementor-section-height-default\" data-id=\"f50b225\" data-element_type=\"section\">\n\t\t\t\t\t\t<div class=\"elementor-container elementor-column-gap-default\">\n\t\t\t\t\t<div class=\"elementor-column elementor-col-100 elementor-top-column elementor-element elementor-element-6d88fc2\" data-id=\"6d88fc2\" data-element_type=\"column\">\n\t\t\t<div class=\"elementor-widget-wrap elementor-element-populated\">\n\t\t\t\t\t\t\t\t<div class=\"elementor-element elementor-element-248fd8e elementor-widget elementor-widget-msiit-contentblock\" data-id=\"248fd8e\" data-element_type=\"widget\" data-widget_type=\"msiit-contentblock.default\">\n\t\t\t\t<div class=\"elementor-widget-container\">\n\t\t\t\r\n\t\t<script>\r\n\t\t\tjQuery(document).ready(function($) {\r\n\t\t\t\t$(\"#img-1444983834\").slick({\r\n\t\t\t\t\tinfinite: true,\r\n\t\t\t\t\tspeed: 500,\r\n\t\t\t\t\tfade: true,\r\n\t\t\t\t\tcssEase: 'linear',\r\n\t\t\t\t\tnextArrow: \"<i class='fa fa-angle-right'><\/i>\",\r\n\t\t\t\t\tprevArrow: \"<i class='fa fa-angle-left'><\/i>\",\r\n\t\t\t\t});\r\n\t\t\t});\r\n\t\t<\/script>\r\n\t\t\r\n\t\t<div class=\"content-block\">\r\n\t\t\t<div class=\"container\"> \r\n\t\t\t\t<div class=\"row g-0 wow fadeInUp\" data-wow-duration=\"2s\" style=\"background:\">\r\n\t\t\t\t\t\t<div class=\"col-lg-6 col-md-6 col-xs-12 my-auto\">\r\n\t\t\t\t\t\t\t<div id=\"img-1444983834\" class=\"room-imgs\"><img decoding=\"async\" style=\"height:auto\" src=\"https:\/\/chateaudecamurac.com\/wp-content\/uploads\/2022\/05\/IMG_20210404_143216-1024x768.jpg\">\r\n\t\t\t\t\t\t\t<\/div>\r\n\t\t\t\t\t\t<\/div>\r\n\t\t\t\t\t<div class=\"col-lg-6 col-md-6 col-xs-12 my-auto\">\r\n\t\t\t\t\t\t<div class=\"room-block-content\" style=\"color:\">\r\n\t\t\t\t\t\t\t<div class=\"room-block-title\">\r\n\t\t\t\t\t\t\t\t\t<h3 style=\"color:#681132\">RANDONN\u00c9E DE 6 JOURS 2025<\/h3>\r\n\t\t\t\t\t\t\t\t\t<h5 style=\"color:\">'LE SENTIER CATHARE'<\/h5>\r\n\t\t\t\t\t\t\t<\/div><div class=\"room-desc\"><p>Avec ce forfait, vous faites une randonn\u00e9e de plusieurs jours et vous restez toujours au Ch\u00e2teau de Camurac. Ainsi, pas de soucis avec les bagages et le transport sera organis\u00e9 pour vous. D\u00e9couvrez la beaut\u00e9 de cette partie des Pyr\u00e9n\u00e9es lors de votre balade en Pays Cathare. Vous commencez \u00e0 Quillan et vous terminerez \u00e0 Monts\u00e9gur.<\/p><p>Ce forfait de 6 jours comprend :<\/p><p>* Boisson de bienvenue<br \/>* 5x nuit\u00e9e<br \/>* 5x petit-d\u00e9jeuner<br \/>* 4x pique-nique<br \/>* 5x d\u00eener<br \/>* Transferts<br \/>* Livret avec itin\u00e9raires et histoire du Sentier Cathare (un pour 2 personnes).<\/p><p>Prix \u200b\u200b: 419,00 \u20ac par personne (sur la base de 2 personnes par chambre)<br \/>(suppl\u00e9ment chambre individuelle 112,50 \u20ac)<br \/>Minimum 2 personnes<\/p><p><strong>Ce forfait comprend tous les repas mentionn\u00e9s, les transferts et le livret mentionn\u00e9.<\/strong><\/p><p>Il exclut les boissons pendant le d\u00eener, taxe s\u00e9jour et \u00e9ventuellement le transport \u00e0 un a\u00e9roport ou une gare.<\/p><p>Certains a\u00e9roports et gares de la r\u00e9gion sont Carcassonne (a\u00e9roport et gare), Toulouse (a\u00e9roport et gare), Ax-Les-Thermes (gare), Foix (gare).<\/p><p>Dates disponibles (date d'arriv\u00e9e): <strong>tous les jours jusqu'au mardi 7 octobre 2025.<\/strong><\/p><\/div><a target=\"_self\" href=\"https:\/\/chateaudecamurac.com\/fr\/reservez-maintenant\/\" class=\"boxed-btn\">R\u00c9SERVEZ MAINTENANT<\/a>\r\n\t\t\t\t\t\t<\/div>\r\n\t\t\t\t\t<\/div>\r\n\t\t\t\t\t\r\n\t\t\t\t<\/div>\r\n\t\t\t<\/div>\r\n\t\t<\/div>\t\t<\/div>\n\t\t\t\t<\/div>\n\t\t\t\t\t<\/div>\n\t\t<\/div>\n\t\t\t\t\t\t\t<\/div>\n\t\t<\/section>\n\t\t\t\t\t\t\t<\/div>\n\t\t","protected":false},"excerpt":{"rendered":"<p>Forfait randonn\u00e9e 2025 Profitez d&rsquo;une belle randonn\u00e9e dans les Pyr\u00e9n\u00e9es ? Aussi cette ann\u00e9e, nous avons un beau forfait randonn\u00e9e. Avec ce forfait de 5 jours, vous pouvez profiter pleinement de la belle nature. Vous s\u00e9journerez toujours au Ch\u00e2teau de Camurac. En fonction du nombre de kilom\u00e8tres que vous souhaitez parcourir chaque jour, nous vous [&hellip;]<\/p>\n","protected":false},"author":1,"featured_media":0,"parent":0,"menu_order":0,"comment_status":"closed","ping_status":"closed","template":"","meta":{"footnotes":""},"class_list":["post-2770","page","type-page","status-publish","hentry"],"yoast_head":"<!-- This site is optimized with the Yoast SEO plugin v21.4 - https:\/\/yoast.com\/wordpress\/plugins\/seo\/ -->\n<title>paquets - Chateau de Camurac<\/title>\n<meta name=\"description\" content=\"Pour en savoir plus sur les diff\u00e9rents forfaits, cliquez ici. Choisissez entre l&#039;ARRANGEMENT DES CATHARS, l&#039;ARRANGEMENT DE LA MARCHE et l&#039;ARRANGEMENT DE L&#039;ACTIF DU SUD 2021 !\" \/>\n<meta name=\"robots\" content=\"index, follow, max-snippet:-1, max-image-preview:large, max-video-preview:-1\" \/>\n<link rel=\"canonical\" href=\"https:\/\/chateaudecamurac.com\/fr\/paquets\/\" \/>\n<meta property=\"og:locale\" content=\"fr_FR\" \/>\n<meta property=\"og:type\" content=\"article\" \/>\n<meta property=\"og:title\" content=\"paquets - Chateau de Camurac\" \/>\n<meta property=\"og:description\" content=\"Pour en savoir plus sur les diff\u00e9rents forfaits, cliquez ici. Choisissez entre l&#039;ARRANGEMENT DES CATHARS, l&#039;ARRANGEMENT DE LA MARCHE et l&#039;ARRANGEMENT DE L&#039;ACTIF DU SUD 2021 !\" \/>\n<meta property=\"og:url\" content=\"https:\/\/chateaudecamurac.com\/fr\/paquets\/\" \/>\n<meta property=\"og:site_name\" content=\"Chateau de Camurac\" \/>\n<meta property=\"article:modified_time\" content=\"2024-12-12T14:21:20+00:00\" \/>\n<meta property=\"og:image\" content=\"https:\/\/chateaudecamurac.com\/wp-content\/uploads\/2023\/02\/PANO_20200601_112209-min.jpg\" \/>\n<meta name=\"twitter:card\" content=\"summary_large_image\" \/>\n<meta name=\"twitter:label1\" content=\"Dur\u00e9e de lecture estim\u00e9e\" \/>\n\t<meta name=\"twitter:data1\" content=\"3 minutes\" \/>\n<script type=\"application\/ld+json\" class=\"yoast-schema-graph\">{\"@context\":\"https:\/\/schema.org\",\"@graph\":[{\"@type\":\"WebPage\",\"@id\":\"https:\/\/chateaudecamurac.com\/fr\/paquets\/\",\"url\":\"https:\/\/chateaudecamurac.com\/fr\/paquets\/\",\"name\":\"paquets - Chateau de Camurac\",\"isPartOf\":{\"@id\":\"https:\/\/chateaudecamurac.com\/fr\/#website\"},\"datePublished\":\"2021-05-30T19:29:53+00:00\",\"dateModified\":\"2024-12-12T14:21:20+00:00\",\"description\":\"Pour en savoir plus sur les diff\u00e9rents forfaits, cliquez ici. Choisissez entre l'ARRANGEMENT DES CATHARS, l'ARRANGEMENT DE LA MARCHE et l'ARRANGEMENT DE L'ACTIF DU SUD 2021 !\",\"breadcrumb\":{\"@id\":\"https:\/\/chateaudecamurac.com\/fr\/paquets\/#breadcrumb\"},\"inLanguage\":\"fr-FR\",\"potentialAction\":[{\"@type\":\"ReadAction\",\"target\":[\"https:\/\/chateaudecamurac.com\/fr\/paquets\/\"]}]},{\"@type\":\"BreadcrumbList\",\"@id\":\"https:\/\/chateaudecamurac.com\/fr\/paquets\/#breadcrumb\",\"itemListElement\":[{\"@type\":\"ListItem\",\"position\":1,\"name\":\"Home\",\"item\":\"https:\/\/chateaudecamurac.com\/fr\/\"},{\"@type\":\"ListItem\",\"position\":2,\"name\":\"paquets\"}]},{\"@type\":\"WebSite\",\"@id\":\"https:\/\/chateaudecamurac.com\/fr\/#website\",\"url\":\"https:\/\/chateaudecamurac.com\/fr\/\",\"name\":\"Chateau de Camurac\",\"description\":\"Chateau de Camurac Enjoy in the middle of the French Pyrenees\",\"publisher\":{\"@id\":\"https:\/\/chateaudecamurac.com\/fr\/#organization\"},\"potentialAction\":[{\"@type\":\"SearchAction\",\"target\":{\"@type\":\"EntryPoint\",\"urlTemplate\":\"https:\/\/chateaudecamurac.com\/fr\/?s={search_term_string}\"},\"query-input\":\"required name=search_term_string\"}],\"inLanguage\":\"fr-FR\"},{\"@type\":\"Organization\",\"@id\":\"https:\/\/chateaudecamurac.com\/fr\/#organization\",\"name\":\"Chateau De Camurac\",\"url\":\"https:\/\/chateaudecamurac.com\/fr\/\",\"logo\":{\"@type\":\"ImageObject\",\"inLanguage\":\"fr-FR\",\"@id\":\"https:\/\/chateaudecamurac.com\/fr\/#\/schema\/logo\/image\/\",\"url\":\"https:\/\/chateaudecamurac.com\/wp-content\/uploads\/2021\/04\/Logo-chateau-met.png\",\"contentUrl\":\"https:\/\/chateaudecamurac.com\/wp-content\/uploads\/2021\/04\/Logo-chateau-met.png\",\"width\":436,\"height\":250,\"caption\":\"Chateau De Camurac\"},\"image\":{\"@id\":\"https:\/\/chateaudecamurac.com\/fr\/#\/schema\/logo\/image\/\"}}]}<\/script>\n<!-- \/ Yoast SEO plugin. -->","yoast_head_json":{"title":"paquets - Chateau de Camurac","description":"Pour en savoir plus sur les diff\u00e9rents forfaits, cliquez ici. Choisissez entre l'ARRANGEMENT DES CATHARS, l'ARRANGEMENT DE LA MARCHE et l'ARRANGEMENT DE L'ACTIF DU SUD 2021 !","robots":{"index":"index","follow":"follow","max-snippet":"max-snippet:-1","max-image-preview":"max-image-preview:large","max-video-preview":"max-video-preview:-1"},"canonical":"https:\/\/chateaudecamurac.com\/fr\/paquets\/","og_locale":"fr_FR","og_type":"article","og_title":"paquets - Chateau de Camurac","og_description":"Pour en savoir plus sur les diff\u00e9rents forfaits, cliquez ici. Choisissez entre l'ARRANGEMENT DES CATHARS, l'ARRANGEMENT DE LA MARCHE et l'ARRANGEMENT DE L'ACTIF DU SUD 2021 !","og_url":"https:\/\/chateaudecamurac.com\/fr\/paquets\/","og_site_name":"Chateau de Camurac","article_modified_time":"2024-12-12T14:21:20+00:00","og_image":[{"url":"https:\/\/chateaudecamurac.com\/wp-content\/uploads\/2023\/02\/PANO_20200601_112209-min.jpg"}],"twitter_card":"summary_large_image","twitter_misc":{"Dur\u00e9e de lecture estim\u00e9e":"3 minutes"},"schema":{"@context":"https:\/\/schema.org","@graph":[{"@type":"WebPage","@id":"https:\/\/chateaudecamurac.com\/fr\/paquets\/","url":"https:\/\/chateaudecamurac.com\/fr\/paquets\/","name":"paquets - Chateau de Camurac","isPartOf":{"@id":"https:\/\/chateaudecamurac.com\/fr\/#website"},"datePublished":"2021-05-30T19:29:53+00:00","dateModified":"2024-12-12T14:21:20+00:00","description":"Pour en savoir plus sur les diff\u00e9rents forfaits, cliquez ici. Choisissez entre l'ARRANGEMENT DES CATHARS, l'ARRANGEMENT DE LA MARCHE et l'ARRANGEMENT DE L'ACTIF DU SUD 2021 !","breadcrumb":{"@id":"https:\/\/chateaudecamurac.com\/fr\/paquets\/#breadcrumb"},"inLanguage":"fr-FR","potentialAction":[{"@type":"ReadAction","target":["https:\/\/chateaudecamurac.com\/fr\/paquets\/"]}]},{"@type":"BreadcrumbList","@id":"https:\/\/chateaudecamurac.com\/fr\/paquets\/#breadcrumb","itemListElement":[{"@type":"ListItem","position":1,"name":"Home","item":"https:\/\/chateaudecamurac.com\/fr\/"},{"@type":"ListItem","position":2,"name":"paquets"}]},{"@type":"WebSite","@id":"https:\/\/chateaudecamurac.com\/fr\/#website","url":"https:\/\/chateaudecamurac.com\/fr\/","name":"Chateau de Camurac","description":"Chateau de Camurac Enjoy in the middle of the French Pyrenees","publisher":{"@id":"https:\/\/chateaudecamurac.com\/fr\/#organization"},"potentialAction":[{"@type":"SearchAction","target":{"@type":"EntryPoint","urlTemplate":"https:\/\/chateaudecamurac.com\/fr\/?s={search_term_string}"},"query-input":"required name=search_term_string"}],"inLanguage":"fr-FR"},{"@type":"Organization","@id":"https:\/\/chateaudecamurac.com\/fr\/#organization","name":"Chateau De Camurac","url":"https:\/\/chateaudecamurac.com\/fr\/","logo":{"@type":"ImageObject","inLanguage":"fr-FR","@id":"https:\/\/chateaudecamurac.com\/fr\/#\/schema\/logo\/image\/","url":"https:\/\/chateaudecamurac.com\/wp-content\/uploads\/2021\/04\/Logo-chateau-met.png","contentUrl":"https:\/\/chateaudecamurac.com\/wp-content\/uploads\/2021\/04\/Logo-chateau-met.png","width":436,"height":250,"caption":"Chateau De Camurac"},"image":{"@id":"https:\/\/chateaudecamurac.com\/fr\/#\/schema\/logo\/image\/"}}]}},"_links":{"self":[{"href":"https:\/\/chateaudecamurac.com\/fr\/wp-json\/wp\/v2\/pages\/2770","targetHints":{"allow":["GET"]}}],"collection":[{"href":"https:\/\/chateaudecamurac.com\/fr\/wp-json\/wp\/v2\/pages"}],"about":[{"href":"https:\/\/chateaudecamurac.com\/fr\/wp-json\/wp\/v2\/types\/page"}],"author":[{"embeddable":true,"href":"https:\/\/chateaudecamurac.com\/fr\/wp-json\/wp\/v2\/users\/1"}],"replies":[{"embeddable":true,"href":"https:\/\/chateaudecamurac.com\/fr\/wp-json\/wp\/v2\/comments?post=2770"}],"version-history":[{"count":24,"href":"https:\/\/chateaudecamurac.com\/fr\/wp-json\/wp\/v2\/pages\/2770\/revisions"}],"predecessor-version":[{"id":4997,"href":"https:\/\/chateaudecamurac.com\/fr\/wp-json\/wp\/v2\/pages\/2770\/revisions\/4997"}],"wp:attachment":[{"href":"https:\/\/chateaudecamurac.com\/fr\/wp-json\/wp\/v2\/media?parent=2770"}],"curies":[{"name":"wp","href":"https:\/\/api.w.org\/{rel}","templated":true}]}}