{"id":2778,"date":"2021-05-30T19:31:27","date_gmt":"2021-05-30T19:31:27","guid":{"rendered":"https:\/\/chateaudecamurac.com\/hebergement\/"},"modified":"2023-02-23T14:02:23","modified_gmt":"2023-02-23T14:02:23","slug":"hebergement","status":"publish","type":"page","link":"https:\/\/chateaudecamurac.com\/fr\/hebergement\/","title":{"rendered":"H\u00e9bergement"},"content":{"rendered":"\t\t<div data-elementor-type=\"wp-page\" data-elementor-id=\"2778\" class=\"elementor elementor-2778 elementor-25\">\n\t\t\t\t\t\t\t\t\t<section class=\"elementor-section elementor-top-section elementor-element elementor-element-128e68e elementor-section-full_width elementor-section-stretched elementor-section-height-default elementor-section-height-default\" data-id=\"128e68e\" data-element_type=\"section\" data-settings=\"{&quot;stretch_section&quot;:&quot;section-stretched&quot;}\">\n\t\t\t\t\t\t<div class=\"elementor-container elementor-column-gap-no\">\n\t\t\t\t\t<div class=\"elementor-column elementor-col-100 elementor-top-column elementor-element elementor-element-d4ebc3e\" data-id=\"d4ebc3e\" data-element_type=\"column\">\n\t\t\t<div class=\"elementor-widget-wrap elementor-element-populated\">\n\t\t\t\t\t\t\t\t<div class=\"elementor-element elementor-element-90f1a61 elementor-widget elementor-widget-slider1\" data-id=\"90f1a61\" data-element_type=\"widget\" data-widget_type=\"slider1.default\">\n\t\t\t\t<div class=\"elementor-widget-container\">\n\t\t\t\r\n\t\t\t<div class=\"slider-wrapper1\"><div id=\"slider-4126844\" class=\"slides1\">\r\n\t\t\t\t\t<div class=\"single-slider-item1\">\r\n\t\t\t\t\t\t<img decoding=\"async\" src=\"https:\/\/chateaudecamurac.com\/wp-content\/uploads\/2023\/02\/12-scaled.jpg\" alt=\"\">\r\n\t\t\t\t\t\t<div class=\"container\">\r\n\t\t\t\t\t\t\t<div class=\"row justify-content-center\">\r\n\t\t\t\t\t\t\t\t<div class=\"col-lg-8 col-md-8 col-xs-12\">\r\n\t\t\t\t\t\t\t\t\t<div class=\"slide-content-box1\">\r\n\t\t\t\t\t\t\t\t\t<\/div>\r\n\t\t\t\t\t\t\t\t<\/div>\r\n\t\t\t\t\t\t\t<\/div>\r\n\t\t\t\t\t\t<\/div>\r\n\t\t\t\t\t<\/div><\/div><\/div>\t\t<\/div>\n\t\t\t\t<\/div>\n\t\t\t\t\t<\/div>\n\t\t<\/div>\n\t\t\t\t\t\t\t<\/div>\n\t\t<\/section>\n\t\t\t\t<section class=\"elementor-section elementor-top-section elementor-element elementor-element-b037765 elementor-section-full_width elementor-section-height-default elementor-section-height-default\" data-id=\"b037765\" data-element_type=\"section\">\n\t\t\t\t\t\t<div class=\"elementor-container elementor-column-gap-no\">\n\t\t\t\t\t<div class=\"elementor-column elementor-col-100 elementor-top-column elementor-element elementor-element-5ec1b47\" data-id=\"5ec1b47\" data-element_type=\"column\">\n\t\t\t<div class=\"elementor-widget-wrap elementor-element-populated\">\n\t\t\t\t\t\t\t\t<div class=\"elementor-element elementor-element-955be30 elementor-widget elementor-widget-spacer\" data-id=\"955be30\" data-element_type=\"widget\" data-widget_type=\"spacer.default\">\n\t\t\t\t<div class=\"elementor-widget-container\">\n\t\t\t\t\t<div class=\"elementor-spacer\">\n\t\t\t<div class=\"elementor-spacer-inner\"><\/div>\n\t\t<\/div>\n\t\t\t\t<\/div>\n\t\t\t\t<\/div>\n\t\t\t\t<div class=\"elementor-element elementor-element-95710af elementor-widget elementor-widget-msiit-room\" data-id=\"95710af\" data-element_type=\"widget\" data-widget_type=\"msiit-room.default\">\n\t\t\t\t<div class=\"elementor-widget-container\">\n\t\t\t\r\n\t\t<script>\r\n\t\t\tjQuery(document).ready(function($) {\r\n\t\t\t\t$(\"#img-7258894287\").slick({\r\n\t\t\t\t\tinfinite: true,\r\n\t\t\t\t\tspeed: 500,\r\n\t\t\t\t\tfade: true,\r\n\t\t\t\t\tcssEase: 'linear',\r\n\t\t\t\t\tnextArrow: \"<i class='fa fa-angle-right'><\/i>\",\r\n\t\t\t\t\tprevArrow: \"<i class='fa fa-angle-left'><\/i>\",\r\n\t\t\t\t});\r\n\t\t\t});\r\n\t\t<\/script>\r\n\t\t\r\n\t\t<div class=\"rooms-block\"><div class=\"container\"> <div class=\"row g-0 wow fadeInUp\" data-wow-duration=\"2s\">\r\n\t\t\t<div class=\"col-lg-6 col-md-6 col-xs-12\" style=\"background-color:#fff;\">\r\n\t\t\t\t<div class=\"room-block-content\">\r\n\t\t\t\t\t<div class=\"room-block-title\">\r\n\t\t\t\t\t<\/div><div class=\"room-desc\"><p>Nos chambres sont toutes d\u00e9cor\u00e9es dans un style simple mais confortable. Compte tenu de la disposition originale du ch\u00e2teau, toutes les chambres sont diff\u00e9rentes et chacune a sa propre atmosph\u00e8re. Nous avons des chambres pour 1 et 2 personnes et des chambres familiales pour 3 ou 4 personnes. Pour les familles et les groupes, plusieurs chambres peuvent facilement \u00eatre combin\u00e9es. Toutes les chambres ont d'excellents lits et matelas. Dans chaque chambre, vous avez acc\u00e8s \u00e0 une douche et \u00e0 un lavabo. Vos propres toilettes sont situ\u00e9es dans le couloir \u00e0 c\u00f4t\u00e9 de la chambre.<\/p><\/div><a target=\"_self\" href=\"https:\/\/chateaudecamurac.com\/fr\/tarifs\/\" class=\"boxed-btn\">TARIFS<\/a>\r\n\t\t\t\t<\/div>\r\n\t\t\t<\/div>\r\n\t\t\t\r\n\t\t\t\t<div class=\"col-lg-6 col-md-6 col-xs-12\">\r\n\t\t\t\t\t<div id=\"img-7258894287\" class=\"room-imgs\"><img decoding=\"async\" style=\"height:480px !important\" src=\"https:\/\/chateaudecamurac.com\/wp-content\/uploads\/2021\/05\/9a-min-1024x768.jpg\"><img decoding=\"async\" style=\"height:480px !important\" src=\"https:\/\/chateaudecamurac.com\/wp-content\/uploads\/2021\/05\/MR_MG_0602-min-1024x682.jpg\"><img decoding=\"async\" style=\"height:480px !important\" src=\"https:\/\/chateaudecamurac.com\/wp-content\/uploads\/2021\/05\/MR_MG_0576-min-1024x682.jpg\">\r\n\t\t\t\t\t<\/div>\r\n\t\t\t\t<\/div><\/div><\/div><\/div>\t\t<\/div>\n\t\t\t\t<\/div>\n\t\t\t\t<div class=\"elementor-element elementor-element-bc49ece elementor-widget elementor-widget-msiit-room\" data-id=\"bc49ece\" data-element_type=\"widget\" data-widget_type=\"msiit-room.default\">\n\t\t\t\t<div class=\"elementor-widget-container\">\n\t\t\t\r\n\t\t<script>\r\n\t\t\tjQuery(document).ready(function($) {\r\n\t\t\t\t$(\"#img-5130432875\").slick({\r\n\t\t\t\t\tinfinite: true,\r\n\t\t\t\t\tspeed: 500,\r\n\t\t\t\t\tfade: true,\r\n\t\t\t\t\tcssEase: 'linear',\r\n\t\t\t\t\tnextArrow: \"<i class='fa fa-angle-right'><\/i>\",\r\n\t\t\t\t\tprevArrow: \"<i class='fa fa-angle-left'><\/i>\",\r\n\t\t\t\t});\r\n\t\t\t});\r\n\t\t<\/script>\r\n\t\t\r\n\t\t<div class=\"rooms-block\"><div class=\"container\"> <div class=\"row g-0 wow fadeInUp\" data-wow-duration=\"2s\">\r\n\t\t\t\t<div class=\"col-lg-6 col-md-6 col-xs-12\">\r\n\t\t\t\t\t<div id=\"img-5130432875\" class=\"room-imgs\"><img decoding=\"async\" style=\"height:480px !important\" src=\"https:\/\/chateaudecamurac.com\/wp-content\/uploads\/2021\/05\/14-min-1024x675.jpg\"><img decoding=\"async\" style=\"height:480px !important\" src=\"https:\/\/chateaudecamurac.com\/wp-content\/uploads\/2021\/05\/website-2015-24-min-1024x682.jpg\"><img decoding=\"async\" style=\"height:480px !important\" src=\"https:\/\/chateaudecamurac.com\/wp-content\/uploads\/2021\/05\/MR_MG_0595-min-1024x682.jpg\">\r\n\t\t\t\t\t<\/div>\r\n\t\t\t\t<\/div>\r\n\t\t\t<div class=\"col-lg-6 col-md-6 col-xs-12\" style=\"background-color:#fff;\">\r\n\t\t\t\t<div class=\"room-block-content\">\r\n\t\t\t\t\t<div class=\"room-block-title\">\r\n\t\t\t\t\t<\/div><div class=\"room-desc\"><p>Nos appartements sont situ\u00e9s \u00e0 l'avant du b\u00e2timent. Les appartements meubl\u00e9s simplement sont dispos\u00e9s selon la disposition originale du ch\u00e2teau. La chambre (avec douche et lavabo) et le salon ont chacun une porte d'entr\u00e9e s\u00e9par\u00e9e du couloir. Vos toilettes priv\u00e9es se trouvent dans le couloir \u00e0 c\u00f4t\u00e9 de l'appartement. Nous disposons d'un appartement pour 2 personnes, qui comprend un salon avec une cuisine enti\u00e8rement \u00e9quip\u00e9e et un balcon priv\u00e9 avec des meubles de jardin. La chambre romantique se trouve dans la salle de la tour.<br \/>Les autres appartements peuvent accueillir au maximum 2 adultes et 2 enfants. Celles-ci disposent d'une chambre \u00e0 coucher avec 2 lits et un lit superpos\u00e9. La salle de s\u00e9jour comprend un coin salon, une cuisine enti\u00e8rement \u00e9quip\u00e9e et un balcon avec mobilier de jardin donnant sur le jardin et les Pyr\u00e9n\u00e9es.<\/p><\/div><a target=\"_self\" href=\"https:\/\/chateaudecamurac.com\/fr\/tarifs\/\" class=\"boxed-btn\">TARIFS<\/a>\r\n\t\t\t\t<\/div>\r\n\t\t\t<\/div>\r\n\t\t\t<\/div><\/div><\/div>\t\t<\/div>\n\t\t\t\t<\/div>\n\t\t\t\t<div class=\"elementor-element elementor-element-d4bbedf elementor-widget elementor-widget-spacer\" data-id=\"d4bbedf\" data-element_type=\"widget\" data-widget_type=\"spacer.default\">\n\t\t\t\t<div class=\"elementor-widget-container\">\n\t\t\t\t\t<div class=\"elementor-spacer\">\n\t\t\t<div class=\"elementor-spacer-inner\"><\/div>\n\t\t<\/div>\n\t\t\t\t<\/div>\n\t\t\t\t<\/div>\n\t\t\t\t\t<\/div>\n\t\t<\/div>\n\t\t\t\t\t\t\t<\/div>\n\t\t<\/section>\n\t\t\t\t<section class=\"elementor-section elementor-top-section elementor-element elementor-element-89d9e8f elementor-section-full_width elementor-section-height-default elementor-section-height-default\" data-id=\"89d9e8f\" data-element_type=\"section\">\n\t\t\t\t\t\t<div class=\"elementor-container elementor-column-gap-no\">\n\t\t\t\t\t<div class=\"elementor-column elementor-col-100 elementor-top-column elementor-element elementor-element-96cc418\" data-id=\"96cc418\" data-element_type=\"column\">\n\t\t\t<div class=\"elementor-widget-wrap elementor-element-populated\">\n\t\t\t\t\t\t\t\t<div class=\"elementor-element elementor-element-eea4abe elementor-widget elementor-widget-msiit-contentblock\" data-id=\"eea4abe\" data-element_type=\"widget\" data-widget_type=\"msiit-contentblock.default\">\n\t\t\t\t<div class=\"elementor-widget-container\">\n\t\t\t\r\n\t\t<script>\r\n\t\t\tjQuery(document).ready(function($) {\r\n\t\t\t\t$(\"#img-4585778086\").slick({\r\n\t\t\t\t\tinfinite: true,\r\n\t\t\t\t\tspeed: 500,\r\n\t\t\t\t\tfade: true,\r\n\t\t\t\t\tcssEase: 'linear',\r\n\t\t\t\t\tnextArrow: \"<i class='fa fa-angle-right'><\/i>\",\r\n\t\t\t\t\tprevArrow: \"<i class='fa fa-angle-left'><\/i>\",\r\n\t\t\t\t});\r\n\t\t\t});\r\n\t\t<\/script>\r\n\t\t\r\n\t\t<div class=\"content-block\">\r\n\t\t\t<div class=\"container\"> \r\n\t\t\t\t<div class=\"row g-0 wow fadeInUp\" data-wow-duration=\"2s\" style=\"background:\">\r\n\t\t\t\t\t\t<div class=\"col-lg-6 col-md-6 col-xs-12 my-auto\">\r\n\t\t\t\t\t\t\t<div id=\"img-4585778086\" class=\"room-imgs\"><img decoding=\"async\" style=\"height:480px !important\" src=\"https:\/\/chateaudecamurac.com\/wp-content\/uploads\/2021\/05\/website-2015-22-min-1024x685.jpg\"><img decoding=\"async\" style=\"height:480px !important\" src=\"https:\/\/chateaudecamurac.com\/wp-content\/uploads\/2021\/05\/IMG_9030-min-1024x768.jpg\">\r\n\t\t\t\t\t\t\t<\/div>\r\n\t\t\t\t\t\t<\/div>\r\n\t\t\t\t\t<div class=\"col-lg-6 col-md-6 col-xs-12 my-auto\">\r\n\t\t\t\t\t\t<div class=\"room-block-content\" style=\"color:\">\r\n\t\t\t\t\t\t\t<div class=\"room-block-title\">\r\n\t\t\t\t\t\t\t<\/div><div class=\"room-desc\"><p>Les parties les plus anciennes du ch\u00e2teau ont plus de 200 ans. Le ch\u00e2teau \u00e9tait compos\u00e9 de deux maisons appartenant \u00e0 deux fr\u00e8res. Ils voulaient avoir le plus grand b\u00e2timent du village et ont fait relier les deux maisons en construisant la tour au milieu il y a plus de 100 ans. \u00c0 partir de ce moment, le b\u00e2timent a \u00e9t\u00e9 appel\u00e9 Le Ch\u00e2teau. Apr\u00e8s cette p\u00e9riode, le b\u00e2timent a \u00e9t\u00e9 reconstruit et agrandi \u00e0 plusieurs reprises. \u00c0 partir de 1975, il a servi de \"Colonie de vacances\", une sorte de maison de vacances collective pour les enfants. En 2005, quelques appartements ont \u00e9t\u00e9 construits et en 2009, l'ancienne salle \u00e0 manger a \u00e9t\u00e9 transform\u00e9e en un restaurant confortable et les chambres ont \u00e9t\u00e9 r\u00e9nov\u00e9es. En 2011, l'ensemble du syst\u00e8me de chauffage a \u00e9t\u00e9 renouvel\u00e9 et modernis\u00e9 et en 2018, l'ensemble du ch\u00e2teau a re\u00e7u un toit enti\u00e8rement neuf.<\/p><p>Le b\u00e2timent compte actuellement deux \u00e9tages, quelques chambres d'h\u00f4tel, des appartements et un restaurant. Nous vivons \u00e9galement dans une partie du b\u00e2timent, il y a donc toujours quelqu'un sur place. Au deuxi\u00e8me \u00e9tage se trouve un salon commun avec une biblioth\u00e8que, des jeux de soci\u00e9t\u00e9 et une t\u00e9l\u00e9vision avec toutes les cha\u00eenes n\u00e9erlandaises. Le restaurant peut \u00e9galement \u00eatre utilis\u00e9 comme une salle de d\u00e9tente o\u00f9 se trouvent une t\u00e9l\u00e9vision, un baby-foot et un coin jeux pour les enfants. Dans une grande partie du ch\u00e2teau, sur la terrasse et dans le restaurant, le WIFI gratuit est disponible.<\/p><p>\u00c0 l'ext\u00e9rieur, nous avons une belle terrasse avec un coin salon et un grand jardin o\u00f9 vous pouvez vous d\u00e9tendre et profiter du soleil ou lire un livre. Petits et grands pourront s'amuser ici avec un terrain de p\u00e9tanque, une table de ping-pong et un jeu d'\u00e9checs grandeur nature. Au fond du jardin, nous avons une aire de jeux pour les enfants avec des balan\u00e7oires, des \u00e9quipements de jeux et un grand trampoline. En \u00e9t\u00e9, nous disposons \u00e9galement d'une piscine.<\/p><p>Le ch\u00e2teau de nuit<\/p><p>Lorsque la soir\u00e9e est sombre et que l'\u00e9clairage ext\u00e9rieur est allum\u00e9, le ch\u00e2teau est aussi une image \u00e0 regarder. Avec une veste ou un pull, on peut encore profiter du silence et de la nature.<\/p><\/div><a target=\"_self\" href=\"https:\/\/chateaudecamurac.com\/fr\/reservez-maintenant\/\" class=\"boxed-btn\">R\u00c9SERVEZ MAINTENANT<\/a>\r\n\t\t\t\t\t\t<\/div>\r\n\t\t\t\t\t<\/div>\r\n\t\t\t\t\t\r\n\t\t\t\t<\/div>\r\n\t\t\t<\/div>\r\n\t\t<\/div>\t\t<\/div>\n\t\t\t\t<\/div>\n\t\t\t\t\t<\/div>\n\t\t<\/div>\n\t\t\t\t\t\t\t<\/div>\n\t\t<\/section>\n\t\t\t\t<section class=\"elementor-section elementor-top-section elementor-element elementor-element-68e4c05 elementor-section-boxed elementor-section-height-default elementor-section-height-default\" data-id=\"68e4c05\" data-element_type=\"section\">\n\t\t\t\t\t\t<div class=\"elementor-container elementor-column-gap-default\">\n\t\t\t\t\t<div class=\"elementor-column elementor-col-100 elementor-top-column elementor-element elementor-element-ca6c807\" data-id=\"ca6c807\" data-element_type=\"column\">\n\t\t\t<div class=\"elementor-widget-wrap elementor-element-populated\">\n\t\t\t\t\t\t\t\t<div class=\"elementor-element elementor-element-3fc98f3 elementor-widget elementor-widget-spacer\" data-id=\"3fc98f3\" data-element_type=\"widget\" data-widget_type=\"spacer.default\">\n\t\t\t\t<div class=\"elementor-widget-container\">\n\t\t\t\t\t<div class=\"elementor-spacer\">\n\t\t\t<div class=\"elementor-spacer-inner\"><\/div>\n\t\t<\/div>\n\t\t\t\t<\/div>\n\t\t\t\t<\/div>\n\t\t\t\t\t<\/div>\n\t\t<\/div>\n\t\t\t\t\t\t\t<\/div>\n\t\t<\/section>\n\t\t\t\t\t\t\t<\/div>\n\t\t","protected":false},"excerpt":{"rendered":"<p>Nos chambres sont toutes d\u00e9cor\u00e9es dans un style simple mais confortable. Compte tenu de la disposition originale du ch\u00e2teau, toutes les chambres sont diff\u00e9rentes et chacune a sa propre atmosph\u00e8re. Nous avons des chambres pour 1 et 2 personnes et des chambres familiales pour 3 ou 4 personnes. Pour les familles et les groupes, plusieurs [&hellip;]<\/p>\n","protected":false},"author":1,"featured_media":0,"parent":0,"menu_order":0,"comment_status":"closed","ping_status":"closed","template":"","meta":{"footnotes":""},"class_list":["post-2778","page","type-page","status-publish","hentry"],"yoast_head":"<!-- This site is optimized with the Yoast SEO plugin v21.4 - https:\/\/yoast.com\/wordpress\/plugins\/seo\/ -->\n<title>H\u00e9bergement - Chateau de Camurac<\/title>\n<meta name=\"description\" content=\"Le ch\u00e2teau dispose de chambres et d&#039;appartements. Le b\u00e2timent comporte deux \u00e9tages, des chambres d&#039;h\u00f4tel, des appartements et un restaurant.\" \/>\n<meta name=\"robots\" content=\"index, follow, max-snippet:-1, max-image-preview:large, max-video-preview:-1\" \/>\n<link rel=\"canonical\" href=\"https:\/\/chateaudecamurac.com\/fr\/hebergement\/\" \/>\n<meta property=\"og:locale\" content=\"fr_FR\" \/>\n<meta property=\"og:type\" content=\"article\" \/>\n<meta property=\"og:title\" content=\"H\u00e9bergement - Chateau de Camurac\" \/>\n<meta property=\"og:description\" content=\"Le ch\u00e2teau dispose de chambres et d&#039;appartements. Le b\u00e2timent comporte deux \u00e9tages, des chambres d&#039;h\u00f4tel, des appartements et un restaurant.\" \/>\n<meta property=\"og:url\" content=\"https:\/\/chateaudecamurac.com\/fr\/hebergement\/\" \/>\n<meta property=\"og:site_name\" content=\"Chateau de Camurac\" \/>\n<meta property=\"article:modified_time\" content=\"2023-02-23T14:02:23+00:00\" \/>\n<meta property=\"og:image\" content=\"https:\/\/chateaudecamurac.com\/wp-content\/uploads\/2023\/02\/12-scaled.jpg\" \/>\n<meta name=\"twitter:card\" content=\"summary_large_image\" \/>\n<meta name=\"twitter:label1\" content=\"Dur\u00e9e de lecture estim\u00e9e\" \/>\n\t<meta name=\"twitter:data1\" content=\"6 minutes\" \/>\n<script type=\"application\/ld+json\" class=\"yoast-schema-graph\">{\"@context\":\"https:\/\/schema.org\",\"@graph\":[{\"@type\":\"WebPage\",\"@id\":\"https:\/\/chateaudecamurac.com\/fr\/hebergement\/\",\"url\":\"https:\/\/chateaudecamurac.com\/fr\/hebergement\/\",\"name\":\"H\u00e9bergement - Chateau de Camurac\",\"isPartOf\":{\"@id\":\"https:\/\/chateaudecamurac.com\/fr\/#website\"},\"datePublished\":\"2021-05-30T19:31:27+00:00\",\"dateModified\":\"2023-02-23T14:02:23+00:00\",\"description\":\"Le ch\u00e2teau dispose de chambres et d'appartements. Le b\u00e2timent comporte deux \u00e9tages, des chambres d'h\u00f4tel, des appartements et un restaurant.\",\"breadcrumb\":{\"@id\":\"https:\/\/chateaudecamurac.com\/fr\/hebergement\/#breadcrumb\"},\"inLanguage\":\"fr-FR\",\"potentialAction\":[{\"@type\":\"ReadAction\",\"target\":[\"https:\/\/chateaudecamurac.com\/fr\/hebergement\/\"]}]},{\"@type\":\"BreadcrumbList\",\"@id\":\"https:\/\/chateaudecamurac.com\/fr\/hebergement\/#breadcrumb\",\"itemListElement\":[{\"@type\":\"ListItem\",\"position\":1,\"name\":\"Home\",\"item\":\"https:\/\/chateaudecamurac.com\/fr\/\"},{\"@type\":\"ListItem\",\"position\":2,\"name\":\"H\u00e9bergement\"}]},{\"@type\":\"WebSite\",\"@id\":\"https:\/\/chateaudecamurac.com\/fr\/#website\",\"url\":\"https:\/\/chateaudecamurac.com\/fr\/\",\"name\":\"Chateau de Camurac\",\"description\":\"Chateau de Camurac Enjoy in the middle of the French Pyrenees\",\"publisher\":{\"@id\":\"https:\/\/chateaudecamurac.com\/fr\/#organization\"},\"potentialAction\":[{\"@type\":\"SearchAction\",\"target\":{\"@type\":\"EntryPoint\",\"urlTemplate\":\"https:\/\/chateaudecamurac.com\/fr\/?s={search_term_string}\"},\"query-input\":\"required name=search_term_string\"}],\"inLanguage\":\"fr-FR\"},{\"@type\":\"Organization\",\"@id\":\"https:\/\/chateaudecamurac.com\/fr\/#organization\",\"name\":\"Chateau De Camurac\",\"url\":\"https:\/\/chateaudecamurac.com\/fr\/\",\"logo\":{\"@type\":\"ImageObject\",\"inLanguage\":\"fr-FR\",\"@id\":\"https:\/\/chateaudecamurac.com\/fr\/#\/schema\/logo\/image\/\",\"url\":\"https:\/\/chateaudecamurac.com\/wp-content\/uploads\/2021\/04\/Logo-chateau-met.png\",\"contentUrl\":\"https:\/\/chateaudecamurac.com\/wp-content\/uploads\/2021\/04\/Logo-chateau-met.png\",\"width\":436,\"height\":250,\"caption\":\"Chateau De Camurac\"},\"image\":{\"@id\":\"https:\/\/chateaudecamurac.com\/fr\/#\/schema\/logo\/image\/\"}}]}<\/script>\n<!-- \/ Yoast SEO plugin. -->","yoast_head_json":{"title":"H\u00e9bergement - Chateau de Camurac","description":"Le ch\u00e2teau dispose de chambres et d'appartements. Le b\u00e2timent comporte deux \u00e9tages, des chambres d'h\u00f4tel, des appartements et un restaurant.","robots":{"index":"index","follow":"follow","max-snippet":"max-snippet:-1","max-image-preview":"max-image-preview:large","max-video-preview":"max-video-preview:-1"},"canonical":"https:\/\/chateaudecamurac.com\/fr\/hebergement\/","og_locale":"fr_FR","og_type":"article","og_title":"H\u00e9bergement - Chateau de Camurac","og_description":"Le ch\u00e2teau dispose de chambres et d'appartements. Le b\u00e2timent comporte deux \u00e9tages, des chambres d'h\u00f4tel, des appartements et un restaurant.","og_url":"https:\/\/chateaudecamurac.com\/fr\/hebergement\/","og_site_name":"Chateau de Camurac","article_modified_time":"2023-02-23T14:02:23+00:00","og_image":[{"url":"https:\/\/chateaudecamurac.com\/wp-content\/uploads\/2023\/02\/12-scaled.jpg"}],"twitter_card":"summary_large_image","twitter_misc":{"Dur\u00e9e de lecture estim\u00e9e":"6 minutes"},"schema":{"@context":"https:\/\/schema.org","@graph":[{"@type":"WebPage","@id":"https:\/\/chateaudecamurac.com\/fr\/hebergement\/","url":"https:\/\/chateaudecamurac.com\/fr\/hebergement\/","name":"H\u00e9bergement - Chateau de Camurac","isPartOf":{"@id":"https:\/\/chateaudecamurac.com\/fr\/#website"},"datePublished":"2021-05-30T19:31:27+00:00","dateModified":"2023-02-23T14:02:23+00:00","description":"Le ch\u00e2teau dispose de chambres et d'appartements. Le b\u00e2timent comporte deux \u00e9tages, des chambres d'h\u00f4tel, des appartements et un restaurant.","breadcrumb":{"@id":"https:\/\/chateaudecamurac.com\/fr\/hebergement\/#breadcrumb"},"inLanguage":"fr-FR","potentialAction":[{"@type":"ReadAction","target":["https:\/\/chateaudecamurac.com\/fr\/hebergement\/"]}]},{"@type":"BreadcrumbList","@id":"https:\/\/chateaudecamurac.com\/fr\/hebergement\/#breadcrumb","itemListElement":[{"@type":"ListItem","position":1,"name":"Home","item":"https:\/\/chateaudecamurac.com\/fr\/"},{"@type":"ListItem","position":2,"name":"H\u00e9bergement"}]},{"@type":"WebSite","@id":"https:\/\/chateaudecamurac.com\/fr\/#website","url":"https:\/\/chateaudecamurac.com\/fr\/","name":"Chateau de Camurac","description":"Chateau de Camurac Enjoy in the middle of the French Pyrenees","publisher":{"@id":"https:\/\/chateaudecamurac.com\/fr\/#organization"},"potentialAction":[{"@type":"SearchAction","target":{"@type":"EntryPoint","urlTemplate":"https:\/\/chateaudecamurac.com\/fr\/?s={search_term_string}"},"query-input":"required name=search_term_string"}],"inLanguage":"fr-FR"},{"@type":"Organization","@id":"https:\/\/chateaudecamurac.com\/fr\/#organization","name":"Chateau De Camurac","url":"https:\/\/chateaudecamurac.com\/fr\/","logo":{"@type":"ImageObject","inLanguage":"fr-FR","@id":"https:\/\/chateaudecamurac.com\/fr\/#\/schema\/logo\/image\/","url":"https:\/\/chateaudecamurac.com\/wp-content\/uploads\/2021\/04\/Logo-chateau-met.png","contentUrl":"https:\/\/chateaudecamurac.com\/wp-content\/uploads\/2021\/04\/Logo-chateau-met.png","width":436,"height":250,"caption":"Chateau De Camurac"},"image":{"@id":"https:\/\/chateaudecamurac.com\/fr\/#\/schema\/logo\/image\/"}}]}},"_links":{"self":[{"href":"https:\/\/chateaudecamurac.com\/fr\/wp-json\/wp\/v2\/pages\/2778","targetHints":{"allow":["GET"]}}],"collection":[{"href":"https:\/\/chateaudecamurac.com\/fr\/wp-json\/wp\/v2\/pages"}],"about":[{"href":"https:\/\/chateaudecamurac.com\/fr\/wp-json\/wp\/v2\/types\/page"}],"author":[{"embeddable":true,"href":"https:\/\/chateaudecamurac.com\/fr\/wp-json\/wp\/v2\/users\/1"}],"replies":[{"embeddable":true,"href":"https:\/\/chateaudecamurac.com\/fr\/wp-json\/wp\/v2\/comments?post=2778"}],"version-history":[{"count":12,"href":"https:\/\/chateaudecamurac.com\/fr\/wp-json\/wp\/v2\/pages\/2778\/revisions"}],"predecessor-version":[{"id":4487,"href":"https:\/\/chateaudecamurac.com\/fr\/wp-json\/wp\/v2\/pages\/2778\/revisions\/4487"}],"wp:attachment":[{"href":"https:\/\/chateaudecamurac.com\/fr\/wp-json\/wp\/v2\/media?parent=2778"}],"curies":[{"name":"wp","href":"https:\/\/api.w.org\/{rel}","templated":true}]}}