{"id":2782,"date":"2021-05-30T19:32:22","date_gmt":"2021-05-30T19:32:22","guid":{"rendered":"https:\/\/chateaudecamurac.com\/terms-conditions\/"},"modified":"2023-03-31T14:35:25","modified_gmt":"2023-03-31T14:35:25","slug":"termes-et-conditions","status":"publish","type":"page","link":"https:\/\/chateaudecamurac.com\/fr\/termes-et-conditions\/","title":{"rendered":"Termes et conditions"},"content":{"rendered":"\t\t<div data-elementor-type=\"wp-page\" data-elementor-id=\"2782\" class=\"elementor elementor-2782 elementor-1227\">\n\t\t\t\t\t\t\t\t\t<section class=\"elementor-section elementor-top-section elementor-element elementor-element-092eb86 elementor-section-full_width elementor-section-height-default elementor-section-height-default\" data-id=\"092eb86\" data-element_type=\"section\">\n\t\t\t\t\t\t<div class=\"elementor-container elementor-column-gap-default\">\n\t\t\t\t\t<div class=\"elementor-column elementor-col-100 elementor-top-column elementor-element elementor-element-be3086e\" data-id=\"be3086e\" data-element_type=\"column\">\n\t\t\t<div class=\"elementor-widget-wrap elementor-element-populated\">\n\t\t\t\t\t\t\t\t<div class=\"elementor-element elementor-element-d94084d elementor-widget elementor-widget-msiit-sectiont\" data-id=\"d94084d\" data-element_type=\"widget\" data-widget_type=\"msiit-sectiont.default\">\n\t\t\t\t<div class=\"elementor-widget-container\">\n\t\t\t\r\n\t\t<div class=\"section-title text-center\"><h2 style=\"color:\">CONDITIONS G\u00c9N\u00c9RALES<\/h2><\/div>\t\t<\/div>\n\t\t\t\t<\/div>\n\t\t\t\t\t<\/div>\n\t\t<\/div>\n\t\t\t\t\t\t\t<\/div>\n\t\t<\/section>\n\t\t\t\t<section class=\"elementor-section elementor-top-section elementor-element elementor-element-e6a6b9c elementor-section-full_width elementor-section-height-default elementor-section-height-default\" data-id=\"e6a6b9c\" data-element_type=\"section\">\n\t\t\t\t\t\t<div class=\"elementor-container elementor-column-gap-default\">\n\t\t\t\t\t<div class=\"elementor-column elementor-col-100 elementor-top-column elementor-element elementor-element-c21b9e2\" data-id=\"c21b9e2\" data-element_type=\"column\">\n\t\t\t<div class=\"elementor-widget-wrap elementor-element-populated\">\n\t\t\t\t\t\t\t\t<div class=\"elementor-element elementor-element-c729b41 elementor-widget elementor-widget-text-editor\" data-id=\"c729b41\" data-element_type=\"widget\" data-widget_type=\"text-editor.default\">\n\t\t\t\t<div class=\"elementor-widget-container\">\n\t\t\t\t\t\t\t<h3>R\u00e9servation et paiement<\/h3><ul><li>Apr\u00e8s r\u00e9ception de votre demande de r\u00e9servation, nous v\u00e9rifions si le logement que vous avez demand\u00e9 et la p\u00e9riode indiqu\u00e9e sont toujours disponibles. Nous vous enverrons alors une confirmation avec les d\u00e9tails de votre demande et le mode de paiement.<\/li><li>Avec chaque r\u00e9servation, vous acceptez les Conditions G\u00e9n\u00e9rales.<\/li><li>Les arrhes sont de 30% du montant total de votre s\u00e9jour (avec un minimum paiement de la premi\u00e8re nuit).<\/li><li>Les arrhes doivent nous parvenir dans le d\u00e9lai convenu avec vous. Une fois que nous aurons enregistr\u00e9 votre paiement, votre r\u00e9servation sera confirm\u00e9e.<\/li><li>Si nous n&rsquo;avons pas re\u00e7u les arrhes dans le d\u00e9lai convenu avec vous, nous nous r\u00e9servons le droit d&rsquo;annuler la r\u00e9servation et de louer le logement \u00e0 quelqu&rsquo;un d&rsquo;autre.<\/li><li>Le solde restant est r\u00e9gl\u00e9 \u00e0 l&rsquo;arriv\u00e9e. Vous pouvez payer les consommations et autres extras que vous avez consomm\u00e9s sur place lors de votre d\u00e9part.<\/li><li>Vous pouvez payer sur place en esp\u00e8ces, par ch\u00e8que ou par carte bancaire.<\/li><li>Nous vous conseillons toujours de souscrire une assurance annulation.<\/li><\/ul>\t\t\t\t\t\t<\/div>\n\t\t\t\t<\/div>\n\t\t\t\t<div class=\"elementor-element elementor-element-6dec5eb elementor-widget elementor-widget-text-editor\" data-id=\"6dec5eb\" data-element_type=\"widget\" data-widget_type=\"text-editor.default\">\n\t\t\t\t<div class=\"elementor-widget-container\">\n\t\t\t\t\t\t\t<h3>Annulation<\/h3><ul><li>En cas d&rsquo;annulation \u00e9crite jusqu&rsquo;\u00e0 6 semaines avant la date d&rsquo;arriv\u00e9e, nous vous remboursons 50% de l&rsquo;arrhes vers\u00e9s.<\/li><li>En cas d&rsquo;annulation \u00e9crite moins de 6 semaines avant la date d&rsquo;arriv\u00e9e, vos arrhes ne seront pas rembours\u00e9s.<\/li><li>Malheureusement, nous ne pouvons pas rembourser les nuits non utilis\u00e9es. Si vous arrivez plus tard ou partez plus t\u00f4t que pr\u00e9vu, le montant total de votre s\u00e9jour sera factur\u00e9.<\/li><\/ul>\t\t\t\t\t\t<\/div>\n\t\t\t\t<\/div>\n\t\t\t\t<div class=\"elementor-element elementor-element-82dee10 elementor-widget elementor-widget-text-editor\" data-id=\"82dee10\" data-element_type=\"widget\" data-widget_type=\"text-editor.default\">\n\t\t\t\t<div class=\"elementor-widget-container\">\n\t\t\t\t\t\t\t<h3>Arriv\u00e9e et d\u00e9part<\/h3><ul><li>Le jour de l&rsquo;arriv\u00e9e, les chambres\/appartements sont \u00e0 votre disposition \u00e0 partir de 16h. Si vous pr\u00e9voyez d&rsquo;arriver apr\u00e8s 19h00, veuillez nous en informer \u00e0 l&rsquo;avance.<\/li><li>Le jour du d\u00e9part, vous \u00eates pri\u00e9s de lib\u00e9rer votre chambre\/appartement avant 10h00. Des exceptions peuvent \u00eatre possibles apr\u00e8s consultation avec nous.<\/li><\/ul>\t\t\t\t\t\t<\/div>\n\t\t\t\t<\/div>\n\t\t\t\t<div class=\"elementor-element elementor-element-81fc745 elementor-widget elementor-widget-text-editor\" data-id=\"81fc745\" data-element_type=\"widget\" data-widget_type=\"text-editor.default\">\n\t\t\t\t<div class=\"elementor-widget-container\">\n\t\t\t\t\t\t\t<h3>G\u00e9n\u00e9ral<\/h3><ul><li>Notre b\u00e2timent est enti\u00e8rement non-fumeur, tant dans les chambres\/appartements que dans les parties communes. Cependant, nous avons des chambres\/appartements o\u00f9 il est permis de fumer sur les balcons ainsi que sur la terrasse et dans le jardin.<\/li><li>Nous vous prions de bien vouloir traiter le logement avec respect et soin et de nous signaler imm\u00e9diatement tout dommage et\/ou casse afin d&rsquo;\u00e9viter d&rsquo;autres dommages. En cas de mauvaise utilisation manifeste, nous nous r\u00e9servons le droit de facturer la r\u00e9paration ou le remplacement des articles endommag\u00e9s ou manquants.<\/li><li>Nous n&rsquo;acceptons aucune responsabilit\u00e9 pour les dommages, la perte ou le vol de biens ou de blessures \u00e0 tout membre de votre parti, sauf s&rsquo;il est prouv\u00e9 qu&rsquo;ils ont \u00e9t\u00e9 caus\u00e9s par notre n\u00e9gligence.<\/li><li>Nous nous r\u00e9servons le droit, \u00e0 notre seule discr\u00e9tion, de refuser au(x) locataire(s) l&rsquo;acc\u00e8s \u00e0 l&rsquo;immeuble et au logement en raison d&rsquo;un comportement inacceptable ou dangereux ainsi que d&rsquo;offenser les autres. Il pourra \u00eatre demand\u00e9 au(x) locataire(s) de partir imm\u00e9diatement apr\u00e8s r\u00e8glement des comptes en souffrance. Dans ce cas, les nuits non utilis\u00e9es ne seront pas indemnis\u00e9es.<\/li><\/ul>\t\t\t\t\t\t<\/div>\n\t\t\t\t<\/div>\n\t\t\t\t\t<\/div>\n\t\t<\/div>\n\t\t\t\t\t\t\t<\/div>\n\t\t<\/section>\n\t\t\t\t\t\t\t<\/div>\n\t\t","protected":false},"excerpt":{"rendered":"<p>CONDITIONS G\u00c9N\u00c9RALES R\u00e9servation et paiement Apr\u00e8s r\u00e9ception de votre demande de r\u00e9servation, nous v\u00e9rifions si le logement que vous avez demand\u00e9 et la p\u00e9riode indiqu\u00e9e sont toujours disponibles. Nous vous enverrons alors une confirmation avec les d\u00e9tails de votre demande et le mode de paiement. Avec chaque r\u00e9servation, vous acceptez les Conditions G\u00e9n\u00e9rales. Les arrhes [&hellip;]<\/p>\n","protected":false},"author":1,"featured_media":2784,"parent":0,"menu_order":0,"comment_status":"closed","ping_status":"closed","template":"","meta":{"footnotes":""},"class_list":["post-2782","page","type-page","status-publish","has-post-thumbnail","hentry"],"yoast_head":"<!-- This site is optimized with the Yoast SEO plugin v21.4 - https:\/\/yoast.com\/wordpress\/plugins\/seo\/ -->\n<title>Termes et conditions - Chateau de Camurac<\/title>\n<meta name=\"description\" content=\"CHATEAU DE CAMURAC Profitez du milieu des Pyr\u00e9n\u00e9es fran\u00e7aises. CHAMBRES - APPARTEMENTS - RESTAURANT. Conditions g\u00e9n\u00e9rales.\" \/>\n<meta name=\"robots\" content=\"index, follow, max-snippet:-1, max-image-preview:large, max-video-preview:-1\" \/>\n<link rel=\"canonical\" href=\"https:\/\/chateaudecamurac.com\/fr\/termes-et-conditions\/\" \/>\n<meta property=\"og:locale\" content=\"fr_FR\" \/>\n<meta property=\"og:type\" content=\"article\" \/>\n<meta property=\"og:title\" content=\"Termes et conditions - Chateau de Camurac\" \/>\n<meta property=\"og:description\" content=\"CHATEAU DE CAMURAC Profitez du milieu des Pyr\u00e9n\u00e9es fran\u00e7aises. CHAMBRES - APPARTEMENTS - RESTAURANT. Conditions g\u00e9n\u00e9rales.\" \/>\n<meta property=\"og:url\" content=\"https:\/\/chateaudecamurac.com\/fr\/termes-et-conditions\/\" \/>\n<meta property=\"og:site_name\" content=\"Chateau de Camurac\" \/>\n<meta property=\"article:modified_time\" content=\"2023-03-31T14:35:25+00:00\" \/>\n<meta property=\"og:image\" content=\"https:\/\/chateaudecamurac.com\/wp-content\/uploads\/2021\/05\/20190112_163909-min.jpg\" \/>\n\t<meta property=\"og:image:width\" content=\"2000\" \/>\n\t<meta property=\"og:image:height\" content=\"422\" \/>\n\t<meta property=\"og:image:type\" content=\"image\/jpeg\" \/>\n<meta name=\"twitter:card\" content=\"summary_large_image\" \/>\n<meta name=\"twitter:label1\" content=\"Dur\u00e9e de lecture estim\u00e9e\" \/>\n\t<meta name=\"twitter:data1\" content=\"3 minutes\" \/>\n<script type=\"application\/ld+json\" class=\"yoast-schema-graph\">{\"@context\":\"https:\/\/schema.org\",\"@graph\":[{\"@type\":\"WebPage\",\"@id\":\"https:\/\/chateaudecamurac.com\/fr\/termes-et-conditions\/\",\"url\":\"https:\/\/chateaudecamurac.com\/fr\/termes-et-conditions\/\",\"name\":\"Termes et conditions - Chateau de Camurac\",\"isPartOf\":{\"@id\":\"https:\/\/chateaudecamurac.com\/fr\/#website\"},\"datePublished\":\"2021-05-30T19:32:22+00:00\",\"dateModified\":\"2023-03-31T14:35:25+00:00\",\"description\":\"CHATEAU DE CAMURAC Profitez du milieu des Pyr\u00e9n\u00e9es fran\u00e7aises. CHAMBRES - APPARTEMENTS - RESTAURANT. Conditions g\u00e9n\u00e9rales.\",\"breadcrumb\":{\"@id\":\"https:\/\/chateaudecamurac.com\/fr\/termes-et-conditions\/#breadcrumb\"},\"inLanguage\":\"fr-FR\",\"potentialAction\":[{\"@type\":\"ReadAction\",\"target\":[\"https:\/\/chateaudecamurac.com\/fr\/termes-et-conditions\/\"]}]},{\"@type\":\"BreadcrumbList\",\"@id\":\"https:\/\/chateaudecamurac.com\/fr\/termes-et-conditions\/#breadcrumb\",\"itemListElement\":[{\"@type\":\"ListItem\",\"position\":1,\"name\":\"Home\",\"item\":\"https:\/\/chateaudecamurac.com\/fr\/\"},{\"@type\":\"ListItem\",\"position\":2,\"name\":\"Termes et conditions\"}]},{\"@type\":\"WebSite\",\"@id\":\"https:\/\/chateaudecamurac.com\/fr\/#website\",\"url\":\"https:\/\/chateaudecamurac.com\/fr\/\",\"name\":\"Chateau de Camurac\",\"description\":\"Chateau de Camurac Enjoy in the middle of the French Pyrenees\",\"publisher\":{\"@id\":\"https:\/\/chateaudecamurac.com\/fr\/#organization\"},\"potentialAction\":[{\"@type\":\"SearchAction\",\"target\":{\"@type\":\"EntryPoint\",\"urlTemplate\":\"https:\/\/chateaudecamurac.com\/fr\/?s={search_term_string}\"},\"query-input\":\"required name=search_term_string\"}],\"inLanguage\":\"fr-FR\"},{\"@type\":\"Organization\",\"@id\":\"https:\/\/chateaudecamurac.com\/fr\/#organization\",\"name\":\"Chateau De Camurac\",\"url\":\"https:\/\/chateaudecamurac.com\/fr\/\",\"logo\":{\"@type\":\"ImageObject\",\"inLanguage\":\"fr-FR\",\"@id\":\"https:\/\/chateaudecamurac.com\/fr\/#\/schema\/logo\/image\/\",\"url\":\"https:\/\/chateaudecamurac.com\/wp-content\/uploads\/2021\/04\/Logo-chateau-met.png\",\"contentUrl\":\"https:\/\/chateaudecamurac.com\/wp-content\/uploads\/2021\/04\/Logo-chateau-met.png\",\"width\":436,\"height\":250,\"caption\":\"Chateau De Camurac\"},\"image\":{\"@id\":\"https:\/\/chateaudecamurac.com\/fr\/#\/schema\/logo\/image\/\"}}]}<\/script>\n<!-- \/ Yoast SEO plugin. -->","yoast_head_json":{"title":"Termes et conditions - Chateau de Camurac","description":"CHATEAU DE CAMURAC Profitez du milieu des Pyr\u00e9n\u00e9es fran\u00e7aises. CHAMBRES - APPARTEMENTS - RESTAURANT. Conditions g\u00e9n\u00e9rales.","robots":{"index":"index","follow":"follow","max-snippet":"max-snippet:-1","max-image-preview":"max-image-preview:large","max-video-preview":"max-video-preview:-1"},"canonical":"https:\/\/chateaudecamurac.com\/fr\/termes-et-conditions\/","og_locale":"fr_FR","og_type":"article","og_title":"Termes et conditions - Chateau de Camurac","og_description":"CHATEAU DE CAMURAC Profitez du milieu des Pyr\u00e9n\u00e9es fran\u00e7aises. CHAMBRES - APPARTEMENTS - RESTAURANT. Conditions g\u00e9n\u00e9rales.","og_url":"https:\/\/chateaudecamurac.com\/fr\/termes-et-conditions\/","og_site_name":"Chateau de Camurac","article_modified_time":"2023-03-31T14:35:25+00:00","og_image":[{"width":2000,"height":422,"url":"https:\/\/chateaudecamurac.com\/wp-content\/uploads\/2021\/05\/20190112_163909-min.jpg","type":"image\/jpeg"}],"twitter_card":"summary_large_image","twitter_misc":{"Dur\u00e9e de lecture estim\u00e9e":"3 minutes"},"schema":{"@context":"https:\/\/schema.org","@graph":[{"@type":"WebPage","@id":"https:\/\/chateaudecamurac.com\/fr\/termes-et-conditions\/","url":"https:\/\/chateaudecamurac.com\/fr\/termes-et-conditions\/","name":"Termes et conditions - Chateau de Camurac","isPartOf":{"@id":"https:\/\/chateaudecamurac.com\/fr\/#website"},"datePublished":"2021-05-30T19:32:22+00:00","dateModified":"2023-03-31T14:35:25+00:00","description":"CHATEAU DE CAMURAC Profitez du milieu des Pyr\u00e9n\u00e9es fran\u00e7aises. CHAMBRES - APPARTEMENTS - RESTAURANT. Conditions g\u00e9n\u00e9rales.","breadcrumb":{"@id":"https:\/\/chateaudecamurac.com\/fr\/termes-et-conditions\/#breadcrumb"},"inLanguage":"fr-FR","potentialAction":[{"@type":"ReadAction","target":["https:\/\/chateaudecamurac.com\/fr\/termes-et-conditions\/"]}]},{"@type":"BreadcrumbList","@id":"https:\/\/chateaudecamurac.com\/fr\/termes-et-conditions\/#breadcrumb","itemListElement":[{"@type":"ListItem","position":1,"name":"Home","item":"https:\/\/chateaudecamurac.com\/fr\/"},{"@type":"ListItem","position":2,"name":"Termes et conditions"}]},{"@type":"WebSite","@id":"https:\/\/chateaudecamurac.com\/fr\/#website","url":"https:\/\/chateaudecamurac.com\/fr\/","name":"Chateau de Camurac","description":"Chateau de Camurac Enjoy in the middle of the French Pyrenees","publisher":{"@id":"https:\/\/chateaudecamurac.com\/fr\/#organization"},"potentialAction":[{"@type":"SearchAction","target":{"@type":"EntryPoint","urlTemplate":"https:\/\/chateaudecamurac.com\/fr\/?s={search_term_string}"},"query-input":"required name=search_term_string"}],"inLanguage":"fr-FR"},{"@type":"Organization","@id":"https:\/\/chateaudecamurac.com\/fr\/#organization","name":"Chateau De Camurac","url":"https:\/\/chateaudecamurac.com\/fr\/","logo":{"@type":"ImageObject","inLanguage":"fr-FR","@id":"https:\/\/chateaudecamurac.com\/fr\/#\/schema\/logo\/image\/","url":"https:\/\/chateaudecamurac.com\/wp-content\/uploads\/2021\/04\/Logo-chateau-met.png","contentUrl":"https:\/\/chateaudecamurac.com\/wp-content\/uploads\/2021\/04\/Logo-chateau-met.png","width":436,"height":250,"caption":"Chateau De Camurac"},"image":{"@id":"https:\/\/chateaudecamurac.com\/fr\/#\/schema\/logo\/image\/"}}]}},"_links":{"self":[{"href":"https:\/\/chateaudecamurac.com\/fr\/wp-json\/wp\/v2\/pages\/2782","targetHints":{"allow":["GET"]}}],"collection":[{"href":"https:\/\/chateaudecamurac.com\/fr\/wp-json\/wp\/v2\/pages"}],"about":[{"href":"https:\/\/chateaudecamurac.com\/fr\/wp-json\/wp\/v2\/types\/page"}],"author":[{"embeddable":true,"href":"https:\/\/chateaudecamurac.com\/fr\/wp-json\/wp\/v2\/users\/1"}],"replies":[{"embeddable":true,"href":"https:\/\/chateaudecamurac.com\/fr\/wp-json\/wp\/v2\/comments?post=2782"}],"version-history":[{"count":12,"href":"https:\/\/chateaudecamurac.com\/fr\/wp-json\/wp\/v2\/pages\/2782\/revisions"}],"predecessor-version":[{"id":4541,"href":"https:\/\/chateaudecamurac.com\/fr\/wp-json\/wp\/v2\/pages\/2782\/revisions\/4541"}],"wp:featuredmedia":[{"embeddable":true,"href":"https:\/\/chateaudecamurac.com\/fr\/wp-json\/wp\/v2\/media\/2784"}],"wp:attachment":[{"href":"https:\/\/chateaudecamurac.com\/fr\/wp-json\/wp\/v2\/media?parent=2782"}],"curies":[{"name":"wp","href":"https:\/\/api.w.org\/{rel}","templated":true}]}}