{"id":2792,"date":"2021-05-30T19:33:24","date_gmt":"2021-05-30T19:33:24","guid":{"rendered":"https:\/\/chateaudecamurac.com\/aanbiedingen\/"},"modified":"2024-12-12T14:40:47","modified_gmt":"2024-12-12T14:40:47","slug":"offre","status":"publish","type":"page","link":"https:\/\/chateaudecamurac.com\/fr\/offre\/","title":{"rendered":"Offre"},"content":{"rendered":"\t\t<div data-elementor-type=\"wp-page\" data-elementor-id=\"2792\" class=\"elementor elementor-2792 elementor-1159\">\n\t\t\t\t\t\t\t\t\t<section class=\"elementor-section elementor-top-section elementor-element elementor-element-91e6b50 elementor-section-full_width elementor-section-stretched elementor-section-height-default elementor-section-height-default\" data-id=\"91e6b50\" data-element_type=\"section\" data-settings=\"{&quot;stretch_section&quot;:&quot;section-stretched&quot;}\">\n\t\t\t\t\t\t<div class=\"elementor-container elementor-column-gap-no\">\n\t\t\t\t\t<div class=\"elementor-column elementor-col-100 elementor-top-column elementor-element elementor-element-51730c1\" data-id=\"51730c1\" data-element_type=\"column\">\n\t\t\t<div class=\"elementor-widget-wrap elementor-element-populated\">\n\t\t\t\t\t\t\t\t<div class=\"elementor-element elementor-element-4c04a11 elementor-widget elementor-widget-slider1\" data-id=\"4c04a11\" data-element_type=\"widget\" data-widget_type=\"slider1.default\">\n\t\t\t\t<div class=\"elementor-widget-container\">\n\t\t\t\r\n\t\t\t<div class=\"slider-wrapper1\"><div id=\"slider-3843863\" class=\"slides1\">\r\n\t\t\t\t\t<div class=\"single-slider-item1\">\r\n\t\t\t\t\t\t<img decoding=\"async\" src=\"https:\/\/chateaudecamurac.com\/wp-content\/uploads\/2023\/02\/website-2015-163-min.jpg\" alt=\"\">\r\n\t\t\t\t\t\t<div class=\"container\">\r\n\t\t\t\t\t\t\t<div class=\"row justify-content-center\">\r\n\t\t\t\t\t\t\t\t<div class=\"col-lg-8 col-md-8 col-xs-12\">\r\n\t\t\t\t\t\t\t\t\t<div class=\"slide-content-box1\">\r\n\t\t\t\t\t\t\t\t\t<\/div>\r\n\t\t\t\t\t\t\t\t<\/div>\r\n\t\t\t\t\t\t\t<\/div>\r\n\t\t\t\t\t\t<\/div>\r\n\t\t\t\t\t<\/div><\/div><\/div>\t\t<\/div>\n\t\t\t\t<\/div>\n\t\t\t\t\t<\/div>\n\t\t<\/div>\n\t\t\t\t\t\t\t<\/div>\n\t\t<\/section>\n\t\t\t\t<section class=\"elementor-section elementor-top-section elementor-element elementor-element-00c7b32 elementor-section-full_width elementor-section-height-default elementor-section-height-default\" data-id=\"00c7b32\" data-element_type=\"section\">\n\t\t\t\t\t\t<div class=\"elementor-container elementor-column-gap-default\">\n\t\t\t\t\t<div class=\"elementor-column elementor-col-50 elementor-top-column elementor-element elementor-element-d064174\" data-id=\"d064174\" data-element_type=\"column\">\n\t\t\t<div class=\"elementor-widget-wrap elementor-element-populated\">\n\t\t\t\t\t\t\t\t<div class=\"elementor-element elementor-element-b4e9c29 elementor-widget elementor-widget-msiit-iconbox\" data-id=\"b4e9c29\" data-element_type=\"widget\" data-widget_type=\"msiit-iconbox.default\">\n\t\t\t\t<div class=\"elementor-widget-container\">\n\t\t\t\r\n\t\t<div class=\"row icon-boxes wow fadeInUp\" data-wow-duration=\"2s\">\r\n\t\t\t<div class=\"col\">\r\n\t\t\t\t<div class=\"msiit-icon-box text-center\" style=\"background:;height:inherit\"><img decoding=\"async\" src=\"https:\/\/chateaudecamurac.com\/wp-content\/uploads\/2021\/05\/Voorjaarsaanbieding.jpg\">\r\n\t\t\t\t\t<div class=\"icon-box-content\"><strong>Offre de printemps<\/strong><div class=\"iconB-desc\">R\u00e9servez une chambre pour 2 personnes en demi-pension au moins 3 nuits avec une arriv\u00e9e en mai ou juin et vous recevrez 1 bouteille de Blanquette de Limoux offerte. Code avec demande de r\u00e9servation : 'MAI\/JUIN PROMO 2025' <\/div><a target=\"_self\" href=\"https:\/\/chateaudecamurac.com\/fr\/reservez-maintenant\/\" class=\"boxed-btn\">R\u00c9SERVEZ MAINTENANT<\/a>\r\n\t\t\t\t\t<\/div>\r\n\t\t\t\t<\/div>\r\n\t\t\t<\/div>\r\n\t\t<\/div>\t\t<\/div>\n\t\t\t\t<\/div>\n\t\t\t\t\t<\/div>\n\t\t<\/div>\n\t\t\t\t<div class=\"elementor-column elementor-col-50 elementor-top-column elementor-element elementor-element-aebec8f\" data-id=\"aebec8f\" data-element_type=\"column\">\n\t\t\t<div class=\"elementor-widget-wrap elementor-element-populated\">\n\t\t\t\t\t\t\t\t<div class=\"elementor-element elementor-element-e112c8b elementor-widget elementor-widget-msiit-iconbox\" data-id=\"e112c8b\" data-element_type=\"widget\" data-widget_type=\"msiit-iconbox.default\">\n\t\t\t\t<div class=\"elementor-widget-container\">\n\t\t\t\r\n\t\t<div class=\"row icon-boxes wow fadeInUp\" data-wow-duration=\"2s\">\r\n\t\t\t<div class=\"col\">\r\n\t\t\t\t<div class=\"msiit-icon-box text-center\" style=\"background:;height:inherit\"><img decoding=\"async\" src=\"https:\/\/chateaudecamurac.com\/wp-content\/uploads\/2021\/05\/zomeraanbieding.jpg\">\r\n\t\t\t\t\t<div class=\"icon-box-content\"><strong>Offre d'\u00e9t\u00e9 1<\/strong><div class=\"iconB-desc\">R\u00e9servez un appartement pour un minimum de 7 nuits avec une arriv\u00e9e en juillet ou ao\u00fbt et vous recevrez 1x d\u00eener pour 2 personnes offert (formule demi-pension). Code avec demande de r\u00e9servation : '\u00c9T\u00c9 APP 2025'<\/div><a target=\"_self\" href=\"https:\/\/chateaudecamurac.com\/fr\/reservez-maintenant\/\" class=\"boxed-btn\">R\u00c9SERVEZ MAINTENANT<\/a>\r\n\t\t\t\t\t<\/div>\r\n\t\t\t\t<\/div>\r\n\t\t\t<\/div>\r\n\t\t<\/div>\t\t<\/div>\n\t\t\t\t<\/div>\n\t\t\t\t\t<\/div>\n\t\t<\/div>\n\t\t\t\t\t\t\t<\/div>\n\t\t<\/section>\n\t\t\t\t<section class=\"elementor-section elementor-top-section elementor-element elementor-element-d59a60e elementor-section-full_width elementor-section-height-default elementor-section-height-default\" data-id=\"d59a60e\" data-element_type=\"section\">\n\t\t\t\t\t\t<div class=\"elementor-container elementor-column-gap-default\">\n\t\t\t\t\t<div class=\"elementor-column elementor-col-50 elementor-top-column elementor-element elementor-element-0b3899f\" data-id=\"0b3899f\" data-element_type=\"column\">\n\t\t\t<div class=\"elementor-widget-wrap elementor-element-populated\">\n\t\t\t\t\t\t\t\t<div class=\"elementor-element elementor-element-74ab875 elementor-widget elementor-widget-msiit-iconbox\" data-id=\"74ab875\" data-element_type=\"widget\" data-widget_type=\"msiit-iconbox.default\">\n\t\t\t\t<div class=\"elementor-widget-container\">\n\t\t\t\r\n\t\t<div class=\"row icon-boxes wow fadeInUp\" data-wow-duration=\"2s\">\r\n\t\t\t<div class=\"col\">\r\n\t\t\t\t<div class=\"msiit-icon-box text-center\" style=\"background:;height:inherit\"><img decoding=\"async\" src=\"https:\/\/chateaudecamurac.com\/wp-content\/uploads\/2022\/05\/3.jpg\">\r\n\t\t\t\t\t<div class=\"icon-box-content\"><strong>Offre d'\u00e9t\u00e9 2 <\/strong><div class=\"iconB-desc\">R\u00e9servez une chambre pour 2 personnes en demi-pension au moins 7 nuits avec une arriv\u00e9e en juillet ou ao\u00fbt et vous b\u00e9n\u00e9ficierez d'un surclassement gratuit en appartement (sous r\u00e9serve de disponibilit\u00e9). Code avec demande de r\u00e9servation : 'SURCLASSEMENT APP 2025'<\/div><a target=\"_self\" href=\"https:\/\/chateaudecamurac.com\/fr\/reservez-maintenant\/\" class=\"boxed-btn\">R\u00c9SERVEZ MAINTENANT<\/a>\r\n\t\t\t\t\t<\/div>\r\n\t\t\t\t<\/div>\r\n\t\t\t<\/div>\r\n\t\t<\/div>\t\t<\/div>\n\t\t\t\t<\/div>\n\t\t\t\t\t<\/div>\n\t\t<\/div>\n\t\t\t\t<div class=\"elementor-column elementor-col-50 elementor-top-column elementor-element elementor-element-6385443\" data-id=\"6385443\" data-element_type=\"column\">\n\t\t\t<div class=\"elementor-widget-wrap elementor-element-populated\">\n\t\t\t\t\t\t\t\t<div class=\"elementor-element elementor-element-7888acd elementor-widget elementor-widget-msiit-iconbox\" data-id=\"7888acd\" data-element_type=\"widget\" data-widget_type=\"msiit-iconbox.default\">\n\t\t\t\t<div class=\"elementor-widget-container\">\n\t\t\t\r\n\t\t<div class=\"row icon-boxes wow fadeInUp\" data-wow-duration=\"2s\">\r\n\t\t\t<div class=\"col\">\r\n\t\t\t\t<div class=\"msiit-icon-box text-center\" style=\"background:;height:inherit\"><img decoding=\"async\" src=\"https:\/\/chateaudecamurac.com\/wp-content\/uploads\/2021\/05\/herfstaanbieding-2.jpg\">\r\n\t\t\t\t\t<div class=\"icon-box-content\"><strong>Offre d'automne<\/strong><div class=\"iconB-desc\">R\u00e9servez une chambre pour 2 personnes en demi-pension au moins 3 nuits avec une arriv\u00e9e en septembre ou octobre et vous recevrez 1 bouteille de Blanquette de Limoux offerte. Code avec demande de r\u00e9servation : 'SEP\/OCT PROMO 2025'<\/div><a target=\"_self\" href=\"https:\/\/chateaudecamurac.com\/fr\/reservez-maintenant\/\" class=\"boxed-btn\">R\u00c9SERVEZ MAINTENANT<\/a>\r\n\t\t\t\t\t<\/div>\r\n\t\t\t\t<\/div>\r\n\t\t\t<\/div>\r\n\t\t<\/div>\t\t<\/div>\n\t\t\t\t<\/div>\n\t\t\t\t\t<\/div>\n\t\t<\/div>\n\t\t\t\t\t\t\t<\/div>\n\t\t<\/section>\n\t\t\t\t\t\t\t<\/div>\n\t\t","protected":false},"excerpt":{"rendered":"<p>Offre de printempsR\u00e9servez une chambre pour 2 personnes en demi-pension au moins 3 nuits avec une arriv\u00e9e en mai ou juin et vous recevrez 1 bouteille de Blanquette de Limoux offerte. Code avec demande de r\u00e9servation : &lsquo;MAI\/JUIN PROMO 2025&rsquo; R\u00c9SERVEZ MAINTENANT Offre d&rsquo;\u00e9t\u00e9 1R\u00e9servez un appartement pour un minimum de 7 nuits avec une [&hellip;]<\/p>\n","protected":false},"author":1,"featured_media":0,"parent":0,"menu_order":0,"comment_status":"closed","ping_status":"closed","template":"","meta":{"footnotes":""},"class_list":["post-2792","page","type-page","status-publish","hentry"],"yoast_head":"<!-- This site is optimized with the Yoast SEO plugin v21.4 - https:\/\/yoast.com\/wordpress\/plugins\/seo\/ -->\n<title>Offre - Chateau de Camurac<\/title>\n<meta name=\"description\" content=\"Offres sp\u00e9ciales au Ch\u00e2teau de Camurac. Offre de printemps, offre d&#039;\u00e9t\u00e9 et deux offres d&#039;automne. Profitez-en maintenant !\" \/>\n<meta name=\"robots\" content=\"index, follow, max-snippet:-1, max-image-preview:large, max-video-preview:-1\" \/>\n<link rel=\"canonical\" href=\"https:\/\/chateaudecamurac.com\/fr\/offre\/\" \/>\n<meta property=\"og:locale\" content=\"fr_FR\" \/>\n<meta property=\"og:type\" content=\"article\" \/>\n<meta property=\"og:title\" content=\"Offre - Chateau de Camurac\" \/>\n<meta property=\"og:description\" content=\"Offres sp\u00e9ciales au Ch\u00e2teau de Camurac. Offre de printemps, offre d&#039;\u00e9t\u00e9 et deux offres d&#039;automne. Profitez-en maintenant !\" \/>\n<meta property=\"og:url\" content=\"https:\/\/chateaudecamurac.com\/fr\/offre\/\" \/>\n<meta property=\"og:site_name\" content=\"Chateau de Camurac\" \/>\n<meta property=\"article:modified_time\" content=\"2024-12-12T14:40:47+00:00\" \/>\n<meta property=\"og:image\" content=\"https:\/\/chateaudecamurac.com\/wp-content\/uploads\/2023\/02\/website-2015-163-min.jpg\" \/>\n<meta name=\"twitter:card\" content=\"summary_large_image\" \/>\n<meta name=\"twitter:label1\" content=\"Dur\u00e9e de lecture estim\u00e9e\" \/>\n\t<meta name=\"twitter:data1\" content=\"2 minutes\" \/>\n<script type=\"application\/ld+json\" class=\"yoast-schema-graph\">{\"@context\":\"https:\/\/schema.org\",\"@graph\":[{\"@type\":\"WebPage\",\"@id\":\"https:\/\/chateaudecamurac.com\/fr\/offre\/\",\"url\":\"https:\/\/chateaudecamurac.com\/fr\/offre\/\",\"name\":\"Offre - Chateau de Camurac\",\"isPartOf\":{\"@id\":\"https:\/\/chateaudecamurac.com\/fr\/#website\"},\"datePublished\":\"2021-05-30T19:33:24+00:00\",\"dateModified\":\"2024-12-12T14:40:47+00:00\",\"description\":\"Offres sp\u00e9ciales au Ch\u00e2teau de Camurac. Offre de printemps, offre d'\u00e9t\u00e9 et deux offres d'automne. Profitez-en maintenant !\",\"breadcrumb\":{\"@id\":\"https:\/\/chateaudecamurac.com\/fr\/offre\/#breadcrumb\"},\"inLanguage\":\"fr-FR\",\"potentialAction\":[{\"@type\":\"ReadAction\",\"target\":[\"https:\/\/chateaudecamurac.com\/fr\/offre\/\"]}]},{\"@type\":\"BreadcrumbList\",\"@id\":\"https:\/\/chateaudecamurac.com\/fr\/offre\/#breadcrumb\",\"itemListElement\":[{\"@type\":\"ListItem\",\"position\":1,\"name\":\"Home\",\"item\":\"https:\/\/chateaudecamurac.com\/fr\/\"},{\"@type\":\"ListItem\",\"position\":2,\"name\":\"Offre\"}]},{\"@type\":\"WebSite\",\"@id\":\"https:\/\/chateaudecamurac.com\/fr\/#website\",\"url\":\"https:\/\/chateaudecamurac.com\/fr\/\",\"name\":\"Chateau de Camurac\",\"description\":\"Chateau de Camurac Enjoy in the middle of the French Pyrenees\",\"publisher\":{\"@id\":\"https:\/\/chateaudecamurac.com\/fr\/#organization\"},\"potentialAction\":[{\"@type\":\"SearchAction\",\"target\":{\"@type\":\"EntryPoint\",\"urlTemplate\":\"https:\/\/chateaudecamurac.com\/fr\/?s={search_term_string}\"},\"query-input\":\"required name=search_term_string\"}],\"inLanguage\":\"fr-FR\"},{\"@type\":\"Organization\",\"@id\":\"https:\/\/chateaudecamurac.com\/fr\/#organization\",\"name\":\"Chateau De Camurac\",\"url\":\"https:\/\/chateaudecamurac.com\/fr\/\",\"logo\":{\"@type\":\"ImageObject\",\"inLanguage\":\"fr-FR\",\"@id\":\"https:\/\/chateaudecamurac.com\/fr\/#\/schema\/logo\/image\/\",\"url\":\"https:\/\/chateaudecamurac.com\/wp-content\/uploads\/2021\/04\/Logo-chateau-met.png\",\"contentUrl\":\"https:\/\/chateaudecamurac.com\/wp-content\/uploads\/2021\/04\/Logo-chateau-met.png\",\"width\":436,\"height\":250,\"caption\":\"Chateau De Camurac\"},\"image\":{\"@id\":\"https:\/\/chateaudecamurac.com\/fr\/#\/schema\/logo\/image\/\"}}]}<\/script>\n<!-- \/ Yoast SEO plugin. -->","yoast_head_json":{"title":"Offre - Chateau de Camurac","description":"Offres sp\u00e9ciales au Ch\u00e2teau de Camurac. Offre de printemps, offre d'\u00e9t\u00e9 et deux offres d'automne. Profitez-en maintenant !","robots":{"index":"index","follow":"follow","max-snippet":"max-snippet:-1","max-image-preview":"max-image-preview:large","max-video-preview":"max-video-preview:-1"},"canonical":"https:\/\/chateaudecamurac.com\/fr\/offre\/","og_locale":"fr_FR","og_type":"article","og_title":"Offre - Chateau de Camurac","og_description":"Offres sp\u00e9ciales au Ch\u00e2teau de Camurac. Offre de printemps, offre d'\u00e9t\u00e9 et deux offres d'automne. Profitez-en maintenant !","og_url":"https:\/\/chateaudecamurac.com\/fr\/offre\/","og_site_name":"Chateau de Camurac","article_modified_time":"2024-12-12T14:40:47+00:00","og_image":[{"url":"https:\/\/chateaudecamurac.com\/wp-content\/uploads\/2023\/02\/website-2015-163-min.jpg"}],"twitter_card":"summary_large_image","twitter_misc":{"Dur\u00e9e de lecture estim\u00e9e":"2 minutes"},"schema":{"@context":"https:\/\/schema.org","@graph":[{"@type":"WebPage","@id":"https:\/\/chateaudecamurac.com\/fr\/offre\/","url":"https:\/\/chateaudecamurac.com\/fr\/offre\/","name":"Offre - Chateau de Camurac","isPartOf":{"@id":"https:\/\/chateaudecamurac.com\/fr\/#website"},"datePublished":"2021-05-30T19:33:24+00:00","dateModified":"2024-12-12T14:40:47+00:00","description":"Offres sp\u00e9ciales au Ch\u00e2teau de Camurac. Offre de printemps, offre d'\u00e9t\u00e9 et deux offres d'automne. Profitez-en maintenant !","breadcrumb":{"@id":"https:\/\/chateaudecamurac.com\/fr\/offre\/#breadcrumb"},"inLanguage":"fr-FR","potentialAction":[{"@type":"ReadAction","target":["https:\/\/chateaudecamurac.com\/fr\/offre\/"]}]},{"@type":"BreadcrumbList","@id":"https:\/\/chateaudecamurac.com\/fr\/offre\/#breadcrumb","itemListElement":[{"@type":"ListItem","position":1,"name":"Home","item":"https:\/\/chateaudecamurac.com\/fr\/"},{"@type":"ListItem","position":2,"name":"Offre"}]},{"@type":"WebSite","@id":"https:\/\/chateaudecamurac.com\/fr\/#website","url":"https:\/\/chateaudecamurac.com\/fr\/","name":"Chateau de Camurac","description":"Chateau de Camurac Enjoy in the middle of the French Pyrenees","publisher":{"@id":"https:\/\/chateaudecamurac.com\/fr\/#organization"},"potentialAction":[{"@type":"SearchAction","target":{"@type":"EntryPoint","urlTemplate":"https:\/\/chateaudecamurac.com\/fr\/?s={search_term_string}"},"query-input":"required name=search_term_string"}],"inLanguage":"fr-FR"},{"@type":"Organization","@id":"https:\/\/chateaudecamurac.com\/fr\/#organization","name":"Chateau De Camurac","url":"https:\/\/chateaudecamurac.com\/fr\/","logo":{"@type":"ImageObject","inLanguage":"fr-FR","@id":"https:\/\/chateaudecamurac.com\/fr\/#\/schema\/logo\/image\/","url":"https:\/\/chateaudecamurac.com\/wp-content\/uploads\/2021\/04\/Logo-chateau-met.png","contentUrl":"https:\/\/chateaudecamurac.com\/wp-content\/uploads\/2021\/04\/Logo-chateau-met.png","width":436,"height":250,"caption":"Chateau De Camurac"},"image":{"@id":"https:\/\/chateaudecamurac.com\/fr\/#\/schema\/logo\/image\/"}}]}},"_links":{"self":[{"href":"https:\/\/chateaudecamurac.com\/fr\/wp-json\/wp\/v2\/pages\/2792","targetHints":{"allow":["GET"]}}],"collection":[{"href":"https:\/\/chateaudecamurac.com\/fr\/wp-json\/wp\/v2\/pages"}],"about":[{"href":"https:\/\/chateaudecamurac.com\/fr\/wp-json\/wp\/v2\/types\/page"}],"author":[{"embeddable":true,"href":"https:\/\/chateaudecamurac.com\/fr\/wp-json\/wp\/v2\/users\/1"}],"replies":[{"embeddable":true,"href":"https:\/\/chateaudecamurac.com\/fr\/wp-json\/wp\/v2\/comments?post=2792"}],"version-history":[{"count":27,"href":"https:\/\/chateaudecamurac.com\/fr\/wp-json\/wp\/v2\/pages\/2792\/revisions"}],"predecessor-version":[{"id":5012,"href":"https:\/\/chateaudecamurac.com\/fr\/wp-json\/wp\/v2\/pages\/2792\/revisions\/5012"}],"wp:attachment":[{"href":"https:\/\/chateaudecamurac.com\/fr\/wp-json\/wp\/v2\/media?parent=2792"}],"curies":[{"name":"wp","href":"https:\/\/api.w.org\/{rel}","templated":true}]}}